{"id":2694,"date":"2023-05-24T14:42:32","date_gmt":"2023-05-24T12:42:32","guid":{"rendered":"https:\/\/suissemassage.digichablais.ch\/?product=modele-baby-table-de-massage-pliable-swissmassage"},"modified":"2026-03-11T17:23:46","modified_gmt":"2026-03-11T16:23:46","slug":"table-de-massage-modele-baby","status":"publish","type":"product","link":"https:\/\/swissmassage.ch\/fr\/produits\/table-de-massage-modele-baby\/","title":{"rendered":"Table massage pliable Mod\u00e8le Baby"},"content":{"rendered":"<h2>Description de la table de massage mod\u00e8le Baby :<\/h2>\n<p>La table de massage mod\u00e8le Baby est plus large que les standards des tables de massage et pr\u00e9sente d\u2019un c\u00f4t\u00e9 deux coussins escamotables qui lui permettent de recevoir des femmes enceintes pour les traitements du dos car celui-ci est particuli\u00e8rement sollicit\u00e9 lors d\u2019une grossesse.<br \/>\nLorsque les coussins sont en place, elle est utilis\u00e9e comme table de massage classique tout en offrant une qualit\u00e9 suppl\u00e9mentaire par sa largeur de 76cm.<br \/>\nElle convient particuli\u00e8rement aux soins du dos des futures mamans, \u00e0 l\u2019esth\u00e9tique, l\u2019\u00e9pilation, aux massages classiques, aux drainages lymphatiques, aux techniques des bols tib\u00e9tains et aux massages aux pierres chaudes car elle offre plus de place dans sa largeur.<br \/>\nL\u2019utilisation de mousse de 8 cm haute densit\u00e9 donne un confort maximum tout en gardant le r\u00e9pondant n\u00e9cessaire \u00e0 la pratique du massage.<br \/>\nLe rev\u00eatement en Polyur\u00e9thane caract\u00e9rise les tables Swissmassage par sa souplesse, sa fermet\u00e9 et sa fiabilit\u00e9. Il contribue \u00e0 la sensation de bien-\u00eatre en restituant les propri\u00e9t\u00e9s de la mousse.<br \/>\nSes dimensions 185 cm par 76 cm permettent d\u2019accueillir les patientes de toutes corpulences et aussi des personnes plus \u00e2g\u00e9es, leur offrant plus de s\u00e9curit\u00e9.<br \/>\nElle s\u2019ouvre ou se referme simplement en quelques secondes sans effort et se manipule facilement.<br \/>\nLa t\u00eati\u00e8re comprend un coussin facial ergonomique et son repose bras, elle est r\u00e9glable en hauteur et inclinable, elle peut aussi \u00eatre utilis\u00e9e comme appuis t\u00eate ou comme rallonge de 25 cm pour atteindre une longueur totale de 210 cm.<br \/>\nLe choix du bois de h\u00eatre augmente la rigidit\u00e9 sans alourdir le poids total de la table qui est de 17 kg, et permet de supporter jusqu\u2019\u00e0 200 kg.<br \/>\nLa hauteur se r\u00e8gle facilement de 65 cm \u00e0 85 cm, les pieds se terminent par des protections en gomme qui adoucissent le contact au sol.<br \/>\nElle est \u00e9quip\u00e9e de panneaux en bois de type Reiki afin que le th\u00e9rapeute puisse s\u2019asseoir sur son tabouret et glisser ses jambes sous la table afin d\u2019\u00eatre plus proche du patient.<br \/>\nElle est extr\u00eamement stable par ses dimensions et par ses mat\u00e9riaux de fabrication.<\/p>\n<p>Swissmassage est une marque d\u00e9pos\u00e9e qui vous offre la garantie de s\u00e9rieux et de suivi tout au long de votre activit\u00e9.<br \/>\nNous disposons des pi\u00e8ces de rechange. En cas d\u2019entretien ou de r\u00e9paration, une autre table de massage vous est mise \u00e0 disposition.<br \/>\nNous vous accueillons avec plaisir \u00e0 notre showroom de Aigle sur RDV afin de vous permettre de tester nos \u00e9quipements et de les acheter directement s\u2019ils vous conviennent, \u00e0 l\u2019emporter le jour m\u00eame ou avec notre web shop.<br \/>\nCopyright \u00a9 Swissmassage S\u00e0rl<br \/>\n<strong><br \/>\n<\/strong><\/p>\n<h2>R\u00e9sum\u00e9 technique de la table de massage mod\u00e8le Baby :<\/h2>\n<p>Livrable dans toute la Suisse, ou \u00e0 tester \u00e0 notre Showroom sur RDV t\u00e9l. 079 750 18 06<br \/>\nRev\u00eatement en Polyur\u00e9thane blanc extr\u00eamement souple et solide.<br \/>\nMousse garantie extra-confort de 8 cm d&rsquo;\u00e9paisseur.<br \/>\nStructure en bois de h\u00eatre noble l\u00e9ger et solide.<br \/>\nDimensions id\u00e9ales 185cm de long par 76 cm de large.<br \/>\nHauteur de la table de massage r\u00e9glable de 65 cm \u00e0 85 cm.<br \/>\nPoids de la table de massage Baby 17 kg<br \/>\nPositionnement ventral facilit\u00e9 pour les femmes enceintes, gr\u00e2ce au syst\u00e8me de coussin ventral et pectoral.<br \/>\n2 Panneaux Reiki pour le confort du th\u00e9rapeute.<br \/>\nTr\u00e8s solide aussi pour des patients corpulents, elle supporte 200 kg en actif.<br \/>\nFacile \u00e0 manipuler, ouverture et fermeture en 10 secondes.<br \/>\nPoign\u00e9es de transport en mode valise.<br \/>\nT\u00eati\u00e8re inclinable sur 2 axes, utilisable des deux c\u00f4t\u00e9s de la table de massage.<br \/>\nCoussin facial tr\u00e8s doux mont\u00e9 sur velcro pour un r\u00e9glage pr\u00e9cis.<br \/>\nRepose bras sous la t\u00eati\u00e8re, att\u00e9nue la pression sur le visage.<br \/>\nRangement des accessoires \u00e0 l&rsquo;int\u00e9rieur de la table de massage.<br \/>\nPieds type gomme vibrame, garantie de stabilit\u00e9.<\/p>\n","protected":false},"excerpt":{"rendered":"<p>Description de la table de massage mod\u00e8le Baby : La table de massage mod\u00e8le Baby est plus large que les standards des tables de massage et pr\u00e9sente d\u2019un c\u00f4t\u00e9 deux coussins escamotables qui lui permettent de recevoir des femmes enceintes pour les traitements du dos car celui-ci est particuli\u00e8rement sollicit\u00e9 lors d\u2019une grossesse. Lorsque les&hellip;<\/p>\n","protected":false},"featured_media":2695,"template":"","meta":{"_seopress_robots_primary_cat":"none","_seopress_titles_title":"","_seopress_titles_desc":"La table de massage mod\u00e8le Baby est plus large que les tables standard et dispose de deux coussins escamotables permettant de traiter les femmes enceintes.","_seopress_robots_index":""},"pwb-brand":[],"product_brand":[],"product_cat":[355,211,1075],"product_tag":[1074,1131,1173,1172,1059],"product_folder":[998],"class_list":{"0":"post-2694","1":"product","2":"type-product","3":"status-publish","4":"has-post-thumbnail","6":"product_cat-massage-futures-mamans","7":"product_cat-table-de-massage-pliable","8":"product_cat-tous-les-articles-de-massage","9":"product_tag-futures-mamans","10":"product_tag-massage","11":"product_tag-table-de-massage-pliable","12":"product_tag-table-de-massage-portable","13":"product_tag-tables-massage-pliantes","14":"product_shipping_class-swisspost-encombrant","16":"first","17":"instock","18":"sale","19":"taxable","20":"shipping-taxable","21":"purchasable","22":"product-type-simple"},"exclude_global_add_ons":false,"addons":[{"name":"Option housse de transport","type":"multiple_choice","position":0,"required":false,"title_format":"label","description_enable":false,"description":"","placeholder_enable":false,"placeholder":"","display":"images","restrictions_type":"any_text","adjust_price":false,"price":"","price_type":"flat_fee","restrictions":false,"min":0,"max":0,"options":[{"label":"Avec housse de transport","price":"60","price_type":"flat_fee","image":2621}],"id":1720448131},{"name":"Option d\u00e9rouleur de papier de protection","type":"multiple_choice","position":1,"required":false,"title_format":"label","description_enable":false,"description":"","placeholder_enable":false,"placeholder":"","display":"images","restrictions_type":"any_text","adjust_price":false,"price":"","price_type":"flat_fee","restrictions":false,"min":0,"max":0,"options":[{"label":"Avec d\u00e9rouleur de papier de protection","price":"50","price_type":"flat_fee","image":2573}],"id":1720448132}],"brands":[],"_links":{"self":[{"href":"https:\/\/swissmassage.ch\/fr\/wp-json\/wp\/v2\/product\/2694","targetHints":{"allow":["GET"]}}],"collection":[{"href":"https:\/\/swissmassage.ch\/fr\/wp-json\/wp\/v2\/product"}],"about":[{"href":"https:\/\/swissmassage.ch\/fr\/wp-json\/wp\/v2\/types\/product"}],"wp:featuredmedia":[{"embeddable":true,"href":"https:\/\/swissmassage.ch\/fr\/wp-json\/wp\/v2\/media\/2695"}],"wp:attachment":[{"href":"https:\/\/swissmassage.ch\/fr\/wp-json\/wp\/v2\/media?parent=2694"}],"wp:term":[{"taxonomy":"pwb-brand","embeddable":true,"href":"https:\/\/swissmassage.ch\/fr\/wp-json\/wp\/v2\/pwb-brand?post=2694"},{"taxonomy":"product_brand","embeddable":true,"href":"https:\/\/swissmassage.ch\/fr\/wp-json\/wp\/v2\/product_brand?post=2694"},{"taxonomy":"product_cat","embeddable":true,"href":"https:\/\/swissmassage.ch\/fr\/wp-json\/wp\/v2\/product_cat?post=2694"},{"taxonomy":"product_tag","embeddable":true,"href":"https:\/\/swissmassage.ch\/fr\/wp-json\/wp\/v2\/product_tag?post=2694"},{"taxonomy":"product_folder","embeddable":true,"href":"https:\/\/swissmassage.ch\/fr\/wp-json\/wp\/v2\/product_folder?post=2694"}],"curies":[{"name":"wp","href":"https:\/\/api.w.org\/{rel}","templated":true}]}}