{"id":2704,"date":"2023-05-24T14:42:40","date_gmt":"2023-05-24T14:42:40","guid":{"rendered":"https:\/\/suissemassage.digichablais.ch\/?product=modele-body-table-de-massage-pliable-swissmassage"},"modified":"2026-01-26T08:24:49","modified_gmt":"2026-01-26T07:24:49","slug":"table-de-massage-pliable-modele-body","status":"publish","type":"product","link":"https:\/\/swissmassage.ch\/fr\/produits\/table-de-massage-pliable-modele-body\/","title":{"rendered":"Table de massage pliable Mod\u00e8le Body"},"content":{"rendered":"<h2>Description de la table de massage mod\u00e8le Body :<\/h2>\n<p><span style=\"font-size: 10pt\">La table de massage mod\u00e8le Body est l\u2019aboutissement qui int\u00e8gre toutes les \u00e9volutions apport\u00e9es aux tables de massage Swissmassage durant les 10 derni\u00e8res ann\u00e9es. Chaque \u00e9l\u00e9ment correspond \u00e0 un souhait pr\u00e9cis des th\u00e9rapeutes qui par leurs exp\u00e9riences participent aux d\u00e9veloppements de nos \u00e9quipements. Son design suit l\u2019\u00e9volution des techniques de massage et celui du corps humain qui en quelques ann\u00e9es a passablement chang\u00e9 en particulier au niveau de la grandeur des personnes et des largeurs d\u2019\u00e9paule des hommes.<br \/>\n<\/span><span style=\"font-size: 10pt\">Ces \u00e9volutions ont abouti \u00e0 l\u2019utilisation de mousse de 8cm qui donne un confort maximum tout en gardant le r\u00e9pondant que n\u00e9cessite les techniques du massage. Plus d\u2019\u00e9paisseur de mousse n\u2019augmenterait pas vraiment le confort mais compliquerait le travail du masseur.\u00a0 <\/span><span style=\"font-size: 10pt\">L\u2019utilisation du rev\u00eatement en Polyur\u00e9thane caract\u00e9rise souplesse fermet\u00e9 et fiabilit\u00e9. Il contribue \u00e0 la sensation de bien-\u00eatre, il restitue pleinement les propri\u00e9t\u00e9s de la mousse et conduit le patient \u00e0 se rel\u00e2cher afin de faciliter la pratique du massage. <\/span><span style=\"font-size: 10pt\">Ses dimensions 195\/74cm aux \u00e9paules et 68cm au bassin, permettent d\u2019accueillir les patients de toutes corpulences, le th\u00e9rapeute se fatiguant moins car il est plus proche du patient. <\/span><span style=\"font-size: 10pt\">Elle s\u2019ouvre ou se referme en 10 secondes sans effort car elle se manipule facilement.\u00a0<\/span><span style=\"font-size: 10pt\"> La t\u00eati\u00e8re comprend un coussin facial ergonomique et de son repose bras, elle est r\u00e9glable en hauteur et inclinable, elle peut aussi \u00eatre utilis\u00e9e comme appuis t\u00eate ou comme rallonge de 25cm pour atteindre une longueur totale de 220cm.\u00a0<\/span><span style=\"font-size: 10pt\"> Le dossier se rel\u00e8ve sur 10 positions, de la plus basse pour le traitement des jambes car cela facilite le retour veineux, \u00e0 la position la plus haute assise, pour la pratique de l\u2019hypnose en passant par des positions interm\u00e9diaires pour le massage cr\u00e2nien. Il est \u00e9quip\u00e9 d\u2019un trou facial qui augmente sa polyvalence pour la pratique de traitements rebouteux.\u00a0<\/span><span style=\"font-size: 10pt\"> Le choix du bois de h\u00eatre s\u2019impose \u00e0 la fabrication de tables de massage car les fibres dures et compactes du bois augmentent la rigidit\u00e9 sans alourdir le poids total de la table qui est de 19kg, elle permet de supporter jusqu\u2019\u00e0 200kg. <\/span><span style=\"font-size: 10pt\">La hauteur des pieds se r\u00e8gle facilement de 65cm \u00e0 85cm, ils se terminent par des protections en gomme pour adoucir le contact au sol et \u00e9viter tout glissement.\u00a0<\/span><span style=\"font-size: 10pt\"> Elle est \u00e9quip\u00e9e de panneaux en bois de type Reiki, compatibles \u00e0 la pratique de la r\u00e9flexologie plantaire. \u00a0<\/span><span style=\"font-size: 10pt\"> Les mat\u00e9riaux utilis\u00e9s pour sa fabrication et son design correspondent au haut de gamme des tables de massage.\u00a0 <\/span><span style=\"font-size: 10pt\">Elle convient particuli\u00e8rement aux massages, \u00e0 la r\u00e9flexologie plantaire, \u00e0 la kin\u00e9siologie, \u00e0 l\u2019hypnose, \u00a0aux soins du corps esth\u00e9tique, \u00e9pilation, soins du visage, drainages lymphatiques.<\/span><\/p>\n<p><span style=\"font-size: 10pt\">Swissmassage est une marque d\u00e9pos\u00e9e, cela vous offre la garantie de s\u00e9rieux et de suivi tout au long de votre activit\u00e9.<br \/>\n<\/span><span style=\"font-size: 10pt\">Notre atelier dispose des pi\u00e8ces de rechange. En cas d\u2019entretien ou de r\u00e9paration, nous vous mettons \u00e0 disposition une autre table de massage.<br \/>\nNous vous accueillons avec plaisir \u00e0 notre exposition de Aigle sur RDV afin de vous permettre de tester nos \u00e9quipements et de les acheter directement \u00e0 l\u2019emporter ou par notre webshop . <\/span><\/p>\n<h2>R\u00e9sum\u00e9 technique de la table de massage mod\u00e8le Body.<\/h2>\n<p><span style=\"font-size: 10pt\">Rev\u00eatement en Polyur\u00e9thane blanc extr\u00eamement souple et solide.<br \/>\n<\/span><span style=\"font-size: 10pt\">Mousse garantie extra-confort de <span style=\"color: #000000\">8cm <\/span>d&rsquo;\u00e9paisseur.<br \/>\n<\/span><span style=\"font-size: 10pt\">Structure en bois de h\u00eatre noble l\u00e9ger et solide.<br \/>\n<\/span><span style=\"font-size: 10pt\">Dimensions id\u00e9ales longueur 195cm largeur 68cm centre 74cm au \u00e9paules.<br \/>\n<\/span><span style=\"font-size: 10pt\">Hauteur de la table de massage r\u00e9glable de 65cm \u00e0 85cm.<br \/>\n<\/span><span style=\"font-size: 10pt\">Poids de la table de massage Body 19.5kg<br \/>\n<\/span><span style=\"font-size: 10pt\">Dossier relevable et r\u00e9glable en 10 positions.<br \/>\n<\/span><span style=\"font-size: 10pt\">Trou facial confortable avec bouchon amovible.<br \/>\n<\/span><span style=\"font-size: 10pt\">2 Panneaux Reiki pour le confort du th\u00e9rapeute.<br \/>\n<\/span><span style=\"font-size: 10pt\">Tr\u00e8s solide aussi pour des patients corpulents, elle supporte 200kg en actif.<br \/>\n<\/span><span style=\"font-size: 10pt\">Facile \u00e0 manipuler, ouverture et fermeture en 10 secondes.<br \/>\n<\/span><span style=\"font-size: 10pt\">Poign\u00e9es de transport en mode valise.<br \/>\n<\/span><span style=\"font-size: 10pt\">T\u00eati\u00e8re inclinable sur 2 axes, utilisable des deux c\u00f4t\u00e9s de la table de massage.<br \/>\n<\/span><span style=\"font-size: 10pt\">Coussin facial tr\u00e8s doux mont\u00e9 sur velcro pour un r\u00e9glage pr\u00e9cis.<br \/>\n<\/span><span style=\"font-size: 10pt\">Repose bras sous la t\u00eati\u00e8re, att\u00e9nue la pression sur le visage.<br \/>\n<\/span><span style=\"font-size: 10pt\">Rangement des accessoires \u00e0 l&rsquo;int\u00e9rieur de la table de massage.<br \/>\n<\/span><span style=\"font-size: 10pt\">Pieds type gomme vibrame, garantie de stabilit\u00e9.<\/span><span style=\"font-size: 10pt\"><br \/>\n<\/span><\/p>\n","protected":false},"excerpt":{"rendered":"<p>Description de la table de massage mod\u00e8le Body : La table de massage mod\u00e8le Body est l\u2019aboutissement qui int\u00e8gre toutes les \u00e9volutions apport\u00e9es aux tables de massage Swissmassage durant les 10 derni\u00e8res ann\u00e9es. Chaque \u00e9l\u00e9ment correspond \u00e0 un souhait pr\u00e9cis des th\u00e9rapeutes qui par leurs exp\u00e9riences participent aux d\u00e9veloppements de nos \u00e9quipements. Son design suit&hellip;<\/p>\n","protected":false},"featured_media":8679,"template":"","meta":{"_seopress_robots_primary_cat":"none","_seopress_titles_title":"","_seopress_titles_desc":"La table de massage mod\u00e8le Body int\u00e8gre toutes les \u00e9volutions apport\u00e9es aux tables de massage Swissmassage durant les 10 derni\u00e8res ann\u00e9es.","_seopress_robots_index":""},"pwb-brand":[],"product_brand":[],"product_cat":[211,1075],"product_tag":[1131,1064,1173,1172,1059],"product_folder":[993],"class_list":{"0":"post-2704","1":"product","2":"type-product","3":"status-publish","4":"has-post-thumbnail","6":"product_cat-table-de-massage-pliable","7":"product_cat-tous-les-articles-de-massage","8":"product_tag-massage","9":"product_tag-table-de-massage","10":"product_tag-table-de-massage-pliable","11":"product_tag-table-de-massage-portable","12":"product_tag-tables-massage-pliantes","13":"product_shipping_class-swisspost-encombrant","15":"first","16":"instock","17":"sale","18":"taxable","19":"shipping-taxable","20":"purchasable","21":"product-type-simple"},"exclude_global_add_ons":false,"addons":[{"name":"Option housse de transport","type":"multiple_choice","position":0,"required":false,"title_format":"label","description_enable":false,"description":"","placeholder_enable":false,"placeholder":"","display":"images","restrictions_type":"any_text","adjust_price":false,"price":"","price_type":"flat_fee","restrictions":false,"min":0,"max":0,"options":[{"label":"Avec housse de transport","price":"60","price_type":"flat_fee","image":2621}],"id":1720447562},{"name":"Option d\u00e9rouleur de papier de protection","type":"multiple_choice","position":1,"required":false,"title_format":"label","description_enable":false,"description":"","placeholder_enable":false,"placeholder":"","display":"images","restrictions_type":"any_text","adjust_price":false,"price":"","price_type":"flat_fee","restrictions":false,"min":0,"max":0,"options":[{"label":"Avec d\u00e9rouleur de papier de protection","price":"50","price_type":"flat_fee","image":2573}],"id":1720447563}],"brands":[],"_links":{"self":[{"href":"https:\/\/swissmassage.ch\/fr\/wp-json\/wp\/v2\/product\/2704","targetHints":{"allow":["GET"]}}],"collection":[{"href":"https:\/\/swissmassage.ch\/fr\/wp-json\/wp\/v2\/product"}],"about":[{"href":"https:\/\/swissmassage.ch\/fr\/wp-json\/wp\/v2\/types\/product"}],"wp:featuredmedia":[{"embeddable":true,"href":"https:\/\/swissmassage.ch\/fr\/wp-json\/wp\/v2\/media\/8679"}],"wp:attachment":[{"href":"https:\/\/swissmassage.ch\/fr\/wp-json\/wp\/v2\/media?parent=2704"}],"wp:term":[{"taxonomy":"pwb-brand","embeddable":true,"href":"https:\/\/swissmassage.ch\/fr\/wp-json\/wp\/v2\/pwb-brand?post=2704"},{"taxonomy":"product_brand","embeddable":true,"href":"https:\/\/swissmassage.ch\/fr\/wp-json\/wp\/v2\/product_brand?post=2704"},{"taxonomy":"product_cat","embeddable":true,"href":"https:\/\/swissmassage.ch\/fr\/wp-json\/wp\/v2\/product_cat?post=2704"},{"taxonomy":"product_tag","embeddable":true,"href":"https:\/\/swissmassage.ch\/fr\/wp-json\/wp\/v2\/product_tag?post=2704"},{"taxonomy":"product_folder","embeddable":true,"href":"https:\/\/swissmassage.ch\/fr\/wp-json\/wp\/v2\/product_folder?post=2704"}],"curies":[{"name":"wp","href":"https:\/\/api.w.org\/{rel}","templated":true}]}}