{"id":2725,"date":"2023-05-24T14:43:02","date_gmt":"2023-05-24T14:43:02","guid":{"rendered":"https:\/\/suissemassage.digichablais.ch\/?product=modele-relax-table-de-massage-portable-swissmassage"},"modified":"2026-04-06T08:22:03","modified_gmt":"2026-04-06T06:22:03","slug":"table-de-massage-portable-modele-relax","status":"publish","type":"product","link":"https:\/\/swissmassage.ch\/fr\/produits\/table-de-massage-portable-modele-relax\/","title":{"rendered":"Table de massage portable Mod\u00e8le Relax"},"content":{"rendered":"<h2>Description de la table de massage portable mod\u00e8le Relax :<\/h2>\n<p>La table de massage portable mod\u00e8le Relax est un \u00e9quipement haut de gamme qui offre comme les autres tables Swissmassage, le meilleur rapport qualit\u00e9 prix.<br \/>\nSon look sobre et pratique, conjugue \u00e9l\u00e9gance maniabilit\u00e9 et portabilit\u00e9. Sa mousse de 8cm extra-confort, restitue un bien-\u00eatre maximum tout en gardant fermet\u00e9 et r\u00e9pondant afin de cibler avec justesse la pratique du massage.<br \/>\nSon rev\u00eatement en Polyur\u00e9thane blanc, caract\u00e9rise souplesse et fermet\u00e9. il contribue \u00e0 la sensation de confort en restituant pleinement les propri\u00e9t\u00e9s de la mousse.<br \/>\nSes dimensions ont \u00e9t\u00e9 \u00e9tudi\u00e9es pour r\u00e9pondre aux exigences des th\u00e9rapeutes et \u00e0 l\u2019\u00e9volution physique des patients.<br \/>\nElle est facile \u00e0 manipuler, s\u2019ouvre ou se referme en 10 secondes sans effort, gr\u00e2ce \u00e0 ses poign\u00e9es souples en utilisant la technique du bras de levier.<br \/>\nSa t\u00eati\u00e8re inclinable, compos\u00e9e de son coussin facial ergonomique et de son repose bras, qui att\u00e9nuent la pression sur le visage lorsque le patient re\u00e7oit, par exemple, un massage du dos.<br \/>\nElle peut aussi \u00eatre utilis\u00e9e comme appuis t\u00eate et comme rallonge de 25cm afin de recevoir des patients de grande taille.<br \/>\nElle se r\u00e9duit directement \u00e0 l\u2019int\u00e9rieur de la table de massage.<br \/>\nLe mod\u00e8le Relax se range ais\u00e9ment dans sa housse de transport incluse, \u00e9quip\u00e9e de poign\u00e9es et d\u2019une sangle ajustable \u00e0 l\u2019\u00e9paule, qui facilitent son transport.<br \/>\nLe choix du bois de h\u00eatre noble s\u2019impose.<br \/>\nIl structure le cadre et les pieds de la table de massage. Les fibres dures et compactes augmentent sa rigidit\u00e9 sans alourdir son poids de 15kg.<br \/>\nSon cadre en bois permet \u00e0 la table de massage de supporter un poids 200kg en actif.<br \/>\nLes pieds r\u00e8glent la hauteur de la table de massage de 65cm \u00e0 86cm, ils se terminent par des dessous de pieds en gomme de type vibrame qui emp\u00eachent tout glissement m\u00eame lors d\u2019un massage appuy\u00e9.<br \/>\nLa table de massage Relax, r\u00e9sulte du d\u00e9veloppement et de l\u2019exp\u00e9rience h\u00e9rit\u00e9e depuis la cr\u00e9ation de la soci\u00e9t\u00e9 Swissmassage en 2005, elle fait partie des \u00e9quipements qui contribuent \u00e0 notre excellente r\u00e9putation.<br \/>\nElle se distingue par ses dimensions 72cm de large, 185cm de long + 25cm pour la t\u00eati\u00e8re orientable, qui correspondent aux besoins des th\u00e9rapeutes itin\u00e9rants qui suivent des sportifs ou qui se rendent \u00e0 domicile.<br \/>\nElle est tr\u00e8s appr\u00e9ci\u00e9e aussi par des th\u00e9rapeutes qui pratiquent en cabinet.<br \/>\nLes mat\u00e9riaux utilis\u00e9s pour sa fabrication et son design correspondent aux standards haut de gamme des tables de massage portables.<br \/>\nSwissmassage est une marque d\u00e9pos\u00e9e, cela vous offre la garantie de s\u00e9rieux et de suivi tout au long de votre activit\u00e9.<br \/>\nNotre atelier dispose de toutes les pi\u00e8ces de rechange. En cas d\u2019entretien ou de r\u00e9paration, nous mettons \u00e0 disposition une autre table de massage.<\/p>\n<h2>R\u00e9sum\u00e9 technique table de massage mod\u00e8le Relax :<strong><br \/>\n<\/strong><\/h2>\n<p>Rev\u00eatement en Polyur\u00e9thane blanc extr\u00eamement souple et solide.<br \/>\nMousse garantie extra-confort de <span style=\"color: #bc0f4d;\">8cm<\/span> d&rsquo;\u00e9paisseur.<br \/>\nStructure en bois de h\u00eatre noble l\u00e9ger et solide.<br \/>\nDimensions id\u00e9ales 185cm de long par 72cm de large.<br \/>\nHauteur de la table de massage r\u00e9glable de 65cm \u00e0 85cm.<br \/>\nPoids de la table de massage Relax 15kg<br \/>\n2 Panneaux Reiki pour le confort du th\u00e9rapeute.<br \/>\nTr\u00e8s solide aussi pour des patients corpulents, elle supporte 200kg en actif.<br \/>\nFacile \u00e0 manipuler, ouverture et fermeture en 10 secondes.<br \/>\nPoign\u00e9es de transport en mode valise.<br \/>\nHousse de transport incluse.<br \/>\nT\u00eati\u00e8re inclinable sur 2 axes, utilisable des deux c\u00f4t\u00e9s de la table de massage.<br \/>\nCoussin facial tr\u00e8s doux mont\u00e9 sur velcro pour un r\u00e9glage pr\u00e9cis.<br \/>\nRepose bras sous la t\u00eati\u00e8re, att\u00e9nue la pression sur le visage.<br \/>\nRangement des accessoires \u00e0 l&rsquo;int\u00e9rieur de la table de massage.<br \/>\nPieds type gomme vibrame, garantie de stabilit\u00e9.<\/p>\n","protected":false},"excerpt":{"rendered":"<p>Description de la table de massage portable mod\u00e8le Relax : La table de massage portable mod\u00e8le Relax est un \u00e9quipement haut de gamme qui offre comme les autres tables Swissmassage, le meilleur rapport qualit\u00e9 prix. Son look sobre et pratique, conjugue \u00e9l\u00e9gance maniabilit\u00e9 et portabilit\u00e9. Sa mousse de 8cm extra-confort, restitue un bien-\u00eatre maximum tout&hellip;<\/p>\n","protected":false},"featured_media":2726,"template":"","meta":{"_seopress_robots_primary_cat":"none","_seopress_titles_title":"","_seopress_titles_desc":"La table de massage portable mod\u00e8le Relax est un \u00e9quipement haut de gamme qui offre comme les autres tables Swissmassage, le meilleur rapport qualit\u00e9 prix.","_seopress_robots_index":""},"pwb-brand":[],"product_brand":[],"product_cat":[211,1075],"product_tag":[1131,1064,1173,1172,1059],"product_folder":[993],"class_list":{"0":"post-2725","1":"product","2":"type-product","3":"status-publish","4":"has-post-thumbnail","6":"product_cat-table-de-massage-pliable","7":"product_cat-tous-les-articles-de-massage","8":"product_tag-massage","9":"product_tag-table-de-massage","10":"product_tag-table-de-massage-pliable","11":"product_tag-table-de-massage-portable","12":"product_tag-tables-massage-pliantes","13":"product_shipping_class-swisspost-encombrant","15":"first","16":"instock","17":"sale","18":"taxable","19":"shipping-taxable","20":"purchasable","21":"product-type-simple"},"exclude_global_add_ons":[],"addons":[],"brands":[],"_links":{"self":[{"href":"https:\/\/swissmassage.ch\/fr\/wp-json\/wp\/v2\/product\/2725","targetHints":{"allow":["GET"]}}],"collection":[{"href":"https:\/\/swissmassage.ch\/fr\/wp-json\/wp\/v2\/product"}],"about":[{"href":"https:\/\/swissmassage.ch\/fr\/wp-json\/wp\/v2\/types\/product"}],"wp:featuredmedia":[{"embeddable":true,"href":"https:\/\/swissmassage.ch\/fr\/wp-json\/wp\/v2\/media\/2726"}],"wp:attachment":[{"href":"https:\/\/swissmassage.ch\/fr\/wp-json\/wp\/v2\/media?parent=2725"}],"wp:term":[{"taxonomy":"pwb-brand","embeddable":true,"href":"https:\/\/swissmassage.ch\/fr\/wp-json\/wp\/v2\/pwb-brand?post=2725"},{"taxonomy":"product_brand","embeddable":true,"href":"https:\/\/swissmassage.ch\/fr\/wp-json\/wp\/v2\/product_brand?post=2725"},{"taxonomy":"product_cat","embeddable":true,"href":"https:\/\/swissmassage.ch\/fr\/wp-json\/wp\/v2\/product_cat?post=2725"},{"taxonomy":"product_tag","embeddable":true,"href":"https:\/\/swissmassage.ch\/fr\/wp-json\/wp\/v2\/product_tag?post=2725"},{"taxonomy":"product_folder","embeddable":true,"href":"https:\/\/swissmassage.ch\/fr\/wp-json\/wp\/v2\/product_folder?post=2725"}],"curies":[{"name":"wp","href":"https:\/\/api.w.org\/{rel}","templated":true}]}}