{"id":2731,"date":"2023-05-24T14:43:09","date_gmt":"2023-05-24T14:43:09","guid":{"rendered":"https:\/\/suissemassage.digichablais.ch\/?product=chaise-de-massage-assis-offre-speciale-360"},"modified":"2026-03-28T13:52:33","modified_gmt":"2026-03-28T12:52:33","slug":"chaise-de-massage-assis-offre-speciale-360","status":"publish","type":"product","link":"https:\/\/swissmassage.ch\/fr\/produits\/chaise-de-massage-assis-offre-speciale-360\/","title":{"rendered":"Chaise de massage Assis"},"content":{"rendered":"<h2><strong>Chaise de massage Assis mod\u00e8le Amma.<\/strong><\/h2>\n<p>Id\u00e9ale pour les massages rapides en entreprise ou sur tout autre site, la chaise de massage permet de traiter plus ais\u00e9ment les personnes \u00e2g\u00e9es ou pr\u00e9sentant des probl\u00e8mes respiratoires. Les repose-bras favorisent la relaxation musculaire de vos patients. En plus de son montage tr\u00e8s rapide, la chaise de massage est \u00e9galement facilement transportable gr\u00e2ce \u00e0 sa housse de transport. Cette derni\u00e8re assure une excellente stabilit\u00e9, elle poss\u00e8de une t\u00eati\u00e8re inclinable et est r\u00e9glable en hauteur.<\/p>\n<p>Rev\u00eatement en Polyur\u00e9thane <strong>Gris anthracite<\/strong>\u00a0souple et solide.<br \/>\nMousse douce et confortable de 6cm d\u2019\u00e9paisseur.<br \/>\nStructure l\u00e9g\u00e8re et solide.<br \/>\nDimensions r\u00e9glable en hauteur.<br \/>\nTr\u00e8s l\u00e9g\u00e8re pour un transport facile Poids 9Kg<br \/>\nTr\u00e8s solide, aussi pour des patients corpulents, supporte 120Kg en actif.<br \/>\nFacile \u00e0 manipuler, ouverture et fermeture en 10 secondes.<br \/>\nTransportable, pour le travail \u00e0 domicile ou en entreprise.<br \/>\nPieds type gomme vibrame, garantie de stabilit\u00e9.<br \/>\nT\u00eati\u00e8re\u00a0inclinable et r\u00e9glable en hauteur avec coussin facial en polyur\u00e9thane.<br \/>\nPositionnement des jambes en appuis ou au sol.<br \/>\nHousse de transport incluse.<\/p>\n<h3>Philosophie de la chaise de massage assis mod\u00e8le Amma:<\/h3>\n<p>La chaise de massage mod\u00e8le Amma offre une solution pratique et efficace pour les massages rapides en entreprise ou en tout autre lieu. Elle facilite le traitement des personnes \u00e2g\u00e9es ou souffrant de probl\u00e8mes respiratoires, tout en favorisant la relaxation musculaire gr\u00e2ce \u00e0 ses repose-bras.<br \/>\nRev\u00eatue gris anthracite souple et solide, cette chaise assure une exp\u00e9rience de massage confortable et hygi\u00e9nique. Sa mousse douce de 6 cm d&rsquo;\u00e9paisseur offre un soutien optimal, tandis que sa structure l\u00e9g\u00e8re et robuste garantit la stabilit\u00e9 et le confort n\u00e9cessaires pendant la s\u00e9ance.<br \/>\nR\u00e9glable en hauteur pour s&rsquo;adapter \u00e0 diff\u00e9rents utilisateurs, la chaise Amma est \u00e9galement tr\u00e8s l\u00e9g\u00e8re, pesant seulement 9 kg, ce qui la rend facilement transportable et id\u00e9ale pour le travail \u00e0 domicile ou en entreprise. Malgr\u00e9 sa l\u00e9g\u00e8ret\u00e9, elle est con\u00e7ue pour supporter jusqu&rsquo;\u00e0 120 kg en actif, assurant ainsi la s\u00e9curit\u00e9 et le confort des patients de toutes corpulences.<br \/>\nFacile \u00e0 manipuler, elle s&rsquo;ouvre et se ferme en seulement 10 secondes, ce qui la rend pratique \u00e0 utiliser dans n&rsquo;importe quel environnement. Ses pieds en gomme vibrame garantissent une stabilit\u00e9 optimale pendant la s\u00e9ance de massage.<br \/>\nLa chaise de massage est \u00e9quip\u00e9e d&rsquo;une t\u00eati\u00e8re inclinable et r\u00e9glable en hauteur, avec un coussin facial en polyur\u00e9thane pour un confort accru. Le positionnement des jambes peut se faire en appuis ou au sol selon les pr\u00e9f\u00e9rences du patient.<br \/>\nFournie avec sa housse de transport, cette chaise de massage est pr\u00eate \u00e0 \u00eatre emport\u00e9e partout o\u00f9 le massage est n\u00e9cessaire, assurant ainsi une grande flexibilit\u00e9 et une facilit\u00e9 d&rsquo;utilisation pour les praticiens itin\u00e9rants.<\/p>\n","protected":false},"excerpt":{"rendered":"<p>Chaise de massage Assis mod\u00e8le Amma. Id\u00e9ale pour les massages rapides en entreprise ou sur tout autre site, la chaise de massage permet de traiter plus ais\u00e9ment les personnes \u00e2g\u00e9es ou pr\u00e9sentant des probl\u00e8mes respiratoires. Les repose-bras favorisent la relaxation musculaire de vos patients. En plus de son montage tr\u00e8s rapide, la chaise de massage&hellip;<\/p>\n","protected":false},"featured_media":17993,"template":"","meta":{"_seopress_robots_primary_cat":"none","_seopress_titles_title":"","_seopress_titles_desc":"La chaise de massage mod\u00e8le Amma offre une solution pratique et efficace pour les massages rapides en entreprise ou en tout autre lieu.","_seopress_robots_index":""},"pwb-brand":[],"product_brand":[],"product_cat":[216,1075],"product_tag":[1185,1186,1131,1061],"product_folder":[1005],"class_list":{"0":"post-2731","1":"product","2":"type-product","3":"status-publish","4":"has-post-thumbnail","6":"product_cat-chaise-de-massage","7":"product_cat-tous-les-articles-de-massage","8":"product_tag-amma","9":"product_tag-chaise-de-massage","10":"product_tag-massage","11":"product_tag-massage-assis","12":"product_shipping_class-swisspost-encombrant","14":"first","15":"instock","16":"sale","17":"taxable","18":"shipping-taxable","19":"purchasable","20":"product-type-simple"},"exclude_global_add_ons":[],"addons":[],"brands":[],"_links":{"self":[{"href":"https:\/\/swissmassage.ch\/fr\/wp-json\/wp\/v2\/product\/2731","targetHints":{"allow":["GET"]}}],"collection":[{"href":"https:\/\/swissmassage.ch\/fr\/wp-json\/wp\/v2\/product"}],"about":[{"href":"https:\/\/swissmassage.ch\/fr\/wp-json\/wp\/v2\/types\/product"}],"wp:featuredmedia":[{"embeddable":true,"href":"https:\/\/swissmassage.ch\/fr\/wp-json\/wp\/v2\/media\/17993"}],"wp:attachment":[{"href":"https:\/\/swissmassage.ch\/fr\/wp-json\/wp\/v2\/media?parent=2731"}],"wp:term":[{"taxonomy":"pwb-brand","embeddable":true,"href":"https:\/\/swissmassage.ch\/fr\/wp-json\/wp\/v2\/pwb-brand?post=2731"},{"taxonomy":"product_brand","embeddable":true,"href":"https:\/\/swissmassage.ch\/fr\/wp-json\/wp\/v2\/product_brand?post=2731"},{"taxonomy":"product_cat","embeddable":true,"href":"https:\/\/swissmassage.ch\/fr\/wp-json\/wp\/v2\/product_cat?post=2731"},{"taxonomy":"product_tag","embeddable":true,"href":"https:\/\/swissmassage.ch\/fr\/wp-json\/wp\/v2\/product_tag?post=2731"},{"taxonomy":"product_folder","embeddable":true,"href":"https:\/\/swissmassage.ch\/fr\/wp-json\/wp\/v2\/product_folder?post=2731"}],"curies":[{"name":"wp","href":"https:\/\/api.w.org\/{rel}","templated":true}]}}