{"id":2737,"date":"2023-05-24T14:43:13","date_gmt":"2023-05-24T12:43:13","guid":{"rendered":"https:\/\/suissemassage.digichablais.ch\/?product=modele-dune-table-de-massage-fixe-en-bois-swissmassage"},"modified":"2026-01-19T14:49:26","modified_gmt":"2026-01-19T13:49:26","slug":"modele-dune-table-de-massage-fixe-en-bois-swissmassage","status":"publish","type":"product","link":"https:\/\/swissmassage.ch\/fr\/produits\/modele-dune-table-de-massage-fixe-en-bois-swissmassage\/","title":{"rendered":"Table de massage Fixe en bois Mod\u00e8le Dune"},"content":{"rendered":"<h2>Table de Massage Fixe en bois mod\u00e8le Dune.<\/h2>\n<p>Mod\u00e8le Dune avec mousse 10 cm.<br \/>\nComme sur une Dune de sable chaud.<br \/>\nRev\u00eatement en Polyur\u00e9thane blanc extr\u00eamement souple et solide.<br \/>\nMousse exceptionnelle garantie haute densit\u00e9 de 10 cm d&rsquo;\u00e9paisseur.<br \/>\nStructure en bois de h\u00eatre noble l\u00e9ger et solide.<br \/>\nDimensions 195cm de long par 82cm de large.<br \/>\nHauteur r\u00e9glable de 65 \u00e0 90 cm.<br \/>\nDossier relevable et r\u00e9glable en 10 positions.<br \/>\nTrou facial confortable avec bouchon amovible.<br \/>\nTr\u00e8s solide pour des patients corpulents, elle supporte 200 kg en actif.<br \/>\nPoids de la table de massage Dune 45 kg.<br \/>\nT\u00eati\u00e8re inclinable sur 2 axes, utilisable des deux c\u00f4t\u00e9s de la table de massage.<br \/>\nCoussin facial tr\u00e8s doux mont\u00e9 sur velcro pour un r\u00e9glage pr\u00e9cis<\/p>\n<h3>Philosophie de la table de massage mod\u00e8le Dune:<\/h3>\n<p>La table de massage fixe en bois mod\u00e8le Dune incarne une fusion entre la fonctionnalit\u00e9 et le naturel. Elle invite \u00e0 un voyage sensoriel o\u00f9 le corps et l&rsquo;esprit se retrouvent en \u00e9quilibre. Son rev\u00eatement blanc, \u00e0 la fois souple et solide, \u00e9voque la puret\u00e9 et la r\u00e9silience de la nature.<br \/>\nAu c\u0153ur de cette table se trouve une mousse exceptionnelle, garantissant une densit\u00e9 ample, tel un rempart de confort et de soutien. Sa structure en bois de h\u00eatre noble, est \u00e0 la fois l\u00e9ger et solide.<br \/>\nDans ses dimensions g\u00e9n\u00e9reuses, elle offre un espace invitant \u00e0 chaque individu dans sa totalit\u00e9. Sa hauteur s&rsquo;ajuste et \u00e0 s&rsquo;adapte, refl\u00e9tant ainsi la flexibilit\u00e9 inh\u00e9rente \u00e0 toute exp\u00e9rience humaine.<br \/>\nLe dossier relevable et r\u00e9glable en positions symbolise la diversit\u00e9 des chemins que chacun emprunte dans sa qu\u00eate de bien-\u00eatre. Le trou facial, confortable et pourvu d&rsquo;un bouchon amovible, \u00e9voque la notion de laisser-aller et de lib\u00e9ration, o\u00f9 les tensions se dissolvent.<br \/>\nD&rsquo;une solidit\u00e9 \u00e0 toute \u00e9preuve, elle accueille avec bienveillance m\u00eame les patients les plus corpulents. Sa t\u00eati\u00e8re inclinable est installable des deux c\u00f4t\u00e9s de la table de massage.<br \/>\nLe coussin facial, d&rsquo;une douceur exquise, repr\u00e9sente l&rsquo;attention minutieuse accord\u00e9e \u00e0 chaque d\u00e9tail de l&rsquo;exp\u00e9rience \u00e0 vivre sur la table de massage Dune. Dans son ensemble, la table de massage fixe en bois mod\u00e8le Dune offre bien plus qu&rsquo;un simple lieu de repos et de gu\u00e9rison ; elle incarne une invitation \u00e0 se reconnecter avec la sagesse intemporelle de la nature.<\/p>\n","protected":false},"excerpt":{"rendered":"<p>Table de Massage Fixe en bois mod\u00e8le Dune. Mod\u00e8le Dune avec mousse 10 cm. Comme sur une Dune de sable chaud. Rev\u00eatement en Polyur\u00e9thane blanc extr\u00eamement souple et solide. Mousse exceptionnelle garantie haute densit\u00e9 de 10 cm d&rsquo;\u00e9paisseur. Structure en bois de h\u00eatre noble l\u00e9ger et solide. Dimensions 195cm de long par 82cm de large.&hellip;<\/p>\n","protected":false},"featured_media":2738,"template":"","meta":{"_seopress_robots_primary_cat":"212","_seopress_titles_title":"","_seopress_titles_desc":"La table de massage fixe en bois mod\u00e8le Dune incarne une fusion entre la fonctionnalit\u00e9 et le naturel. Elle invite \u00e0 un voyage sensoriel.","_seopress_robots_index":""},"pwb-brand":[],"product_brand":[],"product_cat":[212,1075],"product_tag":[1131,1064,1182,1183],"product_folder":[997],"class_list":{"0":"post-2737","1":"product","2":"type-product","3":"status-publish","4":"has-post-thumbnail","6":"product_cat-table-de-massage-fixe","7":"product_cat-tous-les-articles-de-massage","8":"product_tag-massage","9":"product_tag-table-de-massage","10":"product_tag-table-de-massage-en-bois","11":"product_tag-table-de-massage-fixe","13":"first","14":"instock","15":"sale","16":"taxable","17":"shipping-taxable","18":"purchasable","19":"product-type-simple"},"exclude_global_add_ons":[],"addons":[],"brands":[],"_links":{"self":[{"href":"https:\/\/swissmassage.ch\/fr\/wp-json\/wp\/v2\/product\/2737","targetHints":{"allow":["GET"]}}],"collection":[{"href":"https:\/\/swissmassage.ch\/fr\/wp-json\/wp\/v2\/product"}],"about":[{"href":"https:\/\/swissmassage.ch\/fr\/wp-json\/wp\/v2\/types\/product"}],"wp:featuredmedia":[{"embeddable":true,"href":"https:\/\/swissmassage.ch\/fr\/wp-json\/wp\/v2\/media\/2738"}],"wp:attachment":[{"href":"https:\/\/swissmassage.ch\/fr\/wp-json\/wp\/v2\/media?parent=2737"}],"wp:term":[{"taxonomy":"pwb-brand","embeddable":true,"href":"https:\/\/swissmassage.ch\/fr\/wp-json\/wp\/v2\/pwb-brand?post=2737"},{"taxonomy":"product_brand","embeddable":true,"href":"https:\/\/swissmassage.ch\/fr\/wp-json\/wp\/v2\/product_brand?post=2737"},{"taxonomy":"product_cat","embeddable":true,"href":"https:\/\/swissmassage.ch\/fr\/wp-json\/wp\/v2\/product_cat?post=2737"},{"taxonomy":"product_tag","embeddable":true,"href":"https:\/\/swissmassage.ch\/fr\/wp-json\/wp\/v2\/product_tag?post=2737"},{"taxonomy":"product_folder","embeddable":true,"href":"https:\/\/swissmassage.ch\/fr\/wp-json\/wp\/v2\/product_folder?post=2737"}],"curies":[{"name":"wp","href":"https:\/\/api.w.org\/{rel}","templated":true}]}}