{"id":2748,"date":"2023-05-24T14:43:19","date_gmt":"2023-05-24T14:43:19","guid":{"rendered":"https:\/\/suissemassage.digichablais.ch\/?product=gueridon-esthetique-drawer-sans-tiroir"},"modified":"2026-01-15T10:58:41","modified_gmt":"2026-01-15T09:58:41","slug":"gueridon-esthetique-drawer-sans-tiroir","status":"publish","type":"product","link":"https:\/\/swissmassage.ch\/fr\/produits\/gueridon-esthetique-drawer-sans-tiroir\/","title":{"rendered":"Gu\u00e9ridon esth\u00e9tique Drawerless"},"content":{"rendered":"<h2>Gu\u00e9ridon Esth\u00e9tique Drawerless sans tiroir.<\/h2>\n<p>Design pur Glass.<br \/>\nId\u00e9al pour les esth\u00e9ticiennes qui appr\u00e9cient une cabine au look moderne et pur.<br \/>\nAvec support pour lampe loupe<br \/>\nDimensions: 80cm 55cm 44cm<br \/>\nSupporte 40 kg par \u00e9tage.<br \/>\nLivrable dans toute la Suisse. Ou \u00e0 l&#8217;emporter directement dans notre showroom.<br \/>\nMarque d\u00e9pos\u00e9e SWISSMASSAGE, garantie de s\u00e9rieux et de suivi.<\/p>\n","protected":false},"excerpt":{"rendered":"<p>Gu\u00e9ridon Esth\u00e9tique Drawerless sans tiroir. Design pur Glass. Id\u00e9al pour les esth\u00e9ticiennes qui appr\u00e9cient une cabine au look moderne et pur. Avec support pour lampe loupe Dimensions: 80cm 55cm 44cm Supporte 40 kg par \u00e9tage. Livrable dans toute la Suisse. Ou \u00e0 l&#8217;emporter directement dans notre showroom. Marque d\u00e9pos\u00e9e SWISSMASSAGE, garantie de s\u00e9rieux et de&hellip;<\/p>\n","protected":false},"featured_media":8235,"template":"","meta":{"_seopress_robots_primary_cat":"none","_seopress_titles_title":"","_seopress_titles_desc":"Gu\u00e9ridon esth\u00e9tique sans tiroir Drawerless : design \u00e9pur\u00e9 et fonctionnel, parfait pour organiser vos outils et produits de beaut\u00e9.","_seopress_robots_index":""},"pwb-brand":[],"product_brand":[],"product_cat":[234,1223,1077,1078],"product_tag":[1134,1163],"product_folder":[1022],"class_list":{"0":"post-2748","1":"product","2":"type-product","3":"status-publish","4":"has-post-thumbnail","6":"product_cat-esthetique-gueridons","7":"product_cat-service-boy-spa","8":"product_cat-tous-les-articles-esthetiques","9":"product_cat-tous-les-articles-spa-beaute","10":"product_tag-esthetique","11":"product_tag-gueridon","12":"product_shipping_class-frais-de-port-inclus-colis","14":"first","15":"instock","16":"taxable","17":"shipping-taxable","18":"purchasable","19":"product-type-simple"},"exclude_global_add_ons":[],"addons":[],"brands":[],"_links":{"self":[{"href":"https:\/\/swissmassage.ch\/fr\/wp-json\/wp\/v2\/product\/2748","targetHints":{"allow":["GET"]}}],"collection":[{"href":"https:\/\/swissmassage.ch\/fr\/wp-json\/wp\/v2\/product"}],"about":[{"href":"https:\/\/swissmassage.ch\/fr\/wp-json\/wp\/v2\/types\/product"}],"wp:featuredmedia":[{"embeddable":true,"href":"https:\/\/swissmassage.ch\/fr\/wp-json\/wp\/v2\/media\/8235"}],"wp:attachment":[{"href":"https:\/\/swissmassage.ch\/fr\/wp-json\/wp\/v2\/media?parent=2748"}],"wp:term":[{"taxonomy":"pwb-brand","embeddable":true,"href":"https:\/\/swissmassage.ch\/fr\/wp-json\/wp\/v2\/pwb-brand?post=2748"},{"taxonomy":"product_brand","embeddable":true,"href":"https:\/\/swissmassage.ch\/fr\/wp-json\/wp\/v2\/product_brand?post=2748"},{"taxonomy":"product_cat","embeddable":true,"href":"https:\/\/swissmassage.ch\/fr\/wp-json\/wp\/v2\/product_cat?post=2748"},{"taxonomy":"product_tag","embeddable":true,"href":"https:\/\/swissmassage.ch\/fr\/wp-json\/wp\/v2\/product_tag?post=2748"},{"taxonomy":"product_folder","embeddable":true,"href":"https:\/\/swissmassage.ch\/fr\/wp-json\/wp\/v2\/product_folder?post=2748"}],"curies":[{"name":"wp","href":"https:\/\/api.w.org\/{rel}","templated":true}]}}