{"id":2750,"date":"2023-05-24T14:43:22","date_gmt":"2023-05-24T14:43:22","guid":{"rendered":"https:\/\/suissemassage.digichablais.ch\/?product=ceinture-huile-de-massage"},"modified":"2026-04-16T09:27:26","modified_gmt":"2026-04-16T07:27:26","slug":"ceinture-huile-de-massage","status":"publish","type":"product","link":"https:\/\/swissmassage.ch\/fr\/produits\/ceinture-huile-de-massage\/","title":{"rendered":"Ceinture huile de massage"},"content":{"rendered":"<h2 style=\"text-align: left\">Ceinture Porte huile de massage.<\/h2>\n<p><span style=\"font-size: 10pt\">Livrable dans toute la Suisse. Ou \u00e0 l&#8217;emporter directement dans notre showroom.<\/span><br \/>\n<span style=\"font-size: 10pt\">Marque d\u00e9pos\u00e9e SWISSMASSAGE, garantie de s\u00e9rieux et de suivi.<\/span><\/p>\n","protected":false},"excerpt":{"rendered":"<p>Ceinture Porte huile de massage. Livrable dans toute la Suisse. Ou \u00e0 l&#8217;emporter directement dans notre showroom. Marque d\u00e9pos\u00e9e SWISSMASSAGE, garantie de s\u00e9rieux et de suivi.<\/p>\n","protected":false},"featured_media":2751,"template":"","meta":{"_seopress_robots_primary_cat":"none","_seopress_titles_title":"","_seopress_titles_desc":"Ceinture porte-huile de massage : pratique et fonctionnelle, elle permet d'avoir vos huiles \u00e0 port\u00e9e de main pendant vos s\u00e9ances.","_seopress_robots_index":""},"pwb-brand":[],"product_brand":[],"product_cat":[275,1099,1079],"product_tag":[],"product_folder":[1002],"class_list":{"0":"post-2750","1":"product","2":"type-product","3":"status-publish","4":"has-post-thumbnail","6":"product_cat-accessoires-de-massages","7":"product_cat-complement-pour-massages","8":"product_cat-tous-les-accessoires-de-massage","10":"first","11":"instock","12":"taxable","13":"shipping-taxable","14":"purchasable","15":"product-type-simple"},"exclude_global_add_ons":[],"addons":[],"brands":[],"_links":{"self":[{"href":"https:\/\/swissmassage.ch\/fr\/wp-json\/wp\/v2\/product\/2750","targetHints":{"allow":["GET"]}}],"collection":[{"href":"https:\/\/swissmassage.ch\/fr\/wp-json\/wp\/v2\/product"}],"about":[{"href":"https:\/\/swissmassage.ch\/fr\/wp-json\/wp\/v2\/types\/product"}],"wp:featuredmedia":[{"embeddable":true,"href":"https:\/\/swissmassage.ch\/fr\/wp-json\/wp\/v2\/media\/2751"}],"wp:attachment":[{"href":"https:\/\/swissmassage.ch\/fr\/wp-json\/wp\/v2\/media?parent=2750"}],"wp:term":[{"taxonomy":"pwb-brand","embeddable":true,"href":"https:\/\/swissmassage.ch\/fr\/wp-json\/wp\/v2\/pwb-brand?post=2750"},{"taxonomy":"product_brand","embeddable":true,"href":"https:\/\/swissmassage.ch\/fr\/wp-json\/wp\/v2\/product_brand?post=2750"},{"taxonomy":"product_cat","embeddable":true,"href":"https:\/\/swissmassage.ch\/fr\/wp-json\/wp\/v2\/product_cat?post=2750"},{"taxonomy":"product_tag","embeddable":true,"href":"https:\/\/swissmassage.ch\/fr\/wp-json\/wp\/v2\/product_tag?post=2750"},{"taxonomy":"product_folder","embeddable":true,"href":"https:\/\/swissmassage.ch\/fr\/wp-json\/wp\/v2\/product_folder?post=2750"}],"curies":[{"name":"wp","href":"https:\/\/api.w.org\/{rel}","templated":true}]}}