{"id":2778,"date":"2023-05-24T14:43:59","date_gmt":"2023-05-24T14:43:59","guid":{"rendered":"https:\/\/suissemassage.digichablais.ch\/?product=linge-de-massage-2-2m-1m-gris-moyen"},"modified":"2026-04-08T15:56:25","modified_gmt":"2026-04-08T13:56:25","slug":"linge-de-massage-gris-moyen","status":"publish","type":"product","link":"https:\/\/swissmassage.ch\/fr\/produits\/linge-de-massage-gris-moyen\/","title":{"rendered":"Linge de massage &#8211; Gris moyen"},"content":{"rendered":"<h2>Linge de massage\u00a0g\u00e9ant de 2.2\/1m couleur gris moyen<\/h2>\n<p>Linge de massage g\u00e9ant en coton \u00e9ponge pour table de massage.<br \/>\nDimensions 2.2m de long par 1m de large.<br \/>\nLavable \u00e0 60\u00b0C<br \/>\nId\u00e9al pour recouvrir int\u00e9gralement votre table de massage.<br \/>\nDonne du cachet et s&rsquo;accorde aux couleurs de votre institut<br \/>\nLivrable dans toute la Suisse. Ou \u00e0 l&#8217;emporter directement dans notre showroom.<br \/>\nMarque d\u00e9pos\u00e9e SWISSMASSAGE, garantie de s\u00e9rieux et de suivi.<\/p>\n","protected":false},"excerpt":{"rendered":"<p>Linge de massage\u00a0g\u00e9ant de 2.2\/1m couleur gris moyen Linge de massage g\u00e9ant en coton \u00e9ponge pour table de massage. Dimensions 2.2m de long par 1m de large. Lavable \u00e0 60\u00b0C Id\u00e9al pour recouvrir int\u00e9gralement votre table de massage. Donne du cachet et s&rsquo;accorde aux couleurs de votre institut Livrable dans toute la Suisse. Ou \u00e0&hellip;<\/p>\n","protected":false},"featured_media":6879,"template":"","meta":{"_seopress_robots_primary_cat":"none","_seopress_titles_title":"","_seopress_titles_desc":"Recouvrez votre table de massage avec ce linge g\u00e9ant en coton \u00e9ponge, 2.2 m x 1 m, couleur gris moyen, pour un confort et une protection optimale.","_seopress_robots_index":""},"pwb-brand":[],"product_brand":[],"product_cat":[289,1079],"product_tag":[],"product_folder":[1016],"class_list":{"0":"post-2778","1":"product","2":"type-product","3":"status-publish","4":"has-post-thumbnail","6":"product_cat-linges-de-massage","7":"product_cat-tous-les-accessoires-de-massage","9":"first","10":"instock","11":"taxable","12":"shipping-taxable","13":"purchasable","14":"product-type-simple"},"exclude_global_add_ons":[],"addons":[],"brands":[],"_links":{"self":[{"href":"https:\/\/swissmassage.ch\/fr\/wp-json\/wp\/v2\/product\/2778","targetHints":{"allow":["GET"]}}],"collection":[{"href":"https:\/\/swissmassage.ch\/fr\/wp-json\/wp\/v2\/product"}],"about":[{"href":"https:\/\/swissmassage.ch\/fr\/wp-json\/wp\/v2\/types\/product"}],"wp:featuredmedia":[{"embeddable":true,"href":"https:\/\/swissmassage.ch\/fr\/wp-json\/wp\/v2\/media\/6879"}],"wp:attachment":[{"href":"https:\/\/swissmassage.ch\/fr\/wp-json\/wp\/v2\/media?parent=2778"}],"wp:term":[{"taxonomy":"pwb-brand","embeddable":true,"href":"https:\/\/swissmassage.ch\/fr\/wp-json\/wp\/v2\/pwb-brand?post=2778"},{"taxonomy":"product_brand","embeddable":true,"href":"https:\/\/swissmassage.ch\/fr\/wp-json\/wp\/v2\/product_brand?post=2778"},{"taxonomy":"product_cat","embeddable":true,"href":"https:\/\/swissmassage.ch\/fr\/wp-json\/wp\/v2\/product_cat?post=2778"},{"taxonomy":"product_tag","embeddable":true,"href":"https:\/\/swissmassage.ch\/fr\/wp-json\/wp\/v2\/product_tag?post=2778"},{"taxonomy":"product_folder","embeddable":true,"href":"https:\/\/swissmassage.ch\/fr\/wp-json\/wp\/v2\/product_folder?post=2778"}],"curies":[{"name":"wp","href":"https:\/\/api.w.org\/{rel}","templated":true}]}}