{"id":2788,"date":"2023-05-24T14:44:05","date_gmt":"2023-05-24T14:44:05","guid":{"rendered":"https:\/\/suissemassage.digichablais.ch\/?product=linge-de-massage-2-2m-1m-bleu-marine"},"modified":"2026-04-16T09:27:26","modified_gmt":"2026-04-16T07:27:26","slug":"linge-de-massage-bleu-marine","status":"publish","type":"product","link":"https:\/\/swissmassage.ch\/fr\/produits\/linge-de-massage-bleu-marine\/","title":{"rendered":"Linge de massage &#8211; Bleu marine"},"content":{"rendered":"<h2>Linge de massage g\u00e9ant de 2.2m\/1m couleur bleu marine.<\/h2>\n<p>&nbsp;<\/p>\n<p style=\"text-align: left\"><img loading=\"lazy\" decoding=\"async\" class=\"image-gauche\" title=\"linges de massage g\u00e9ants bleu marine 1m\/2.2m swissmassage\" src=\"https:\/\/swissmassage.ch\/wp-content\/uploads\/content\/linge-massage-marine-swissmassage_2nd.jpg\" alt=\"linge massage marine swissmassage\" width=\"260\" height=\"142\" longdesc=\"linges de massage g\u00e9ants 1 m\u00e8tre sur 2 m\u00e8tres swissmassage\" \/><br \/>\n<span style=\"font-size: 10pt\"><br \/>\nLinge de massage\u00a0g\u00e9ant de 2.2\/1m couleur bleu marine<br \/>\nLivrable dans toute la Suisse. Ou \u00e0 l&#8217;emporter directement dans notre showroom.<br \/>\nLinge de massage g\u00e9ant en coton \u00e9ponge pour table de massage.<br \/>\nDimensions 2.2m de long par 1m de large.<br \/>\nLavable \u00e0 60\u00b0C<br \/>\nId\u00e9al pour recouvrir int\u00e9gralement votre table de massage.<br \/>\nDonne du cachet et s&rsquo;accorde aux couleurs de votre institut<br \/>\n<\/span><\/p>\n","protected":false},"excerpt":{"rendered":"<p>Linge de massage g\u00e9ant de 2.2m\/1m couleur bleu marine. &nbsp; Linge de massage\u00a0g\u00e9ant de 2.2\/1m couleur bleu marine Livrable dans toute la Suisse. Ou \u00e0 l&#8217;emporter directement dans notre showroom. Linge de massage g\u00e9ant en coton \u00e9ponge pour table de massage. Dimensions 2.2m de long par 1m de large. Lavable \u00e0 60\u00b0C Id\u00e9al pour recouvrir&hellip;<\/p>\n","protected":false},"featured_media":2789,"template":"","meta":{"_seopress_robots_primary_cat":"none","_seopress_titles_title":"","_seopress_titles_desc":"Prot\u00e9gez votre table de massage avec ce linge g\u00e9ant en coton \u00e9ponge, 2.2 m x 1 m, couleur bleu marine : id\u00e9al pour un confort et une \u00e9l\u00e9gance incomparables.","_seopress_robots_index":""},"pwb-brand":[],"product_brand":[],"product_cat":[289,1079],"product_tag":[],"product_folder":[1016],"class_list":{"0":"post-2788","1":"product","2":"type-product","3":"status-publish","4":"has-post-thumbnail","6":"product_cat-linges-de-massage","7":"product_cat-tous-les-accessoires-de-massage","9":"first","10":"instock","11":"taxable","12":"shipping-taxable","13":"purchasable","14":"product-type-simple"},"exclude_global_add_ons":[],"addons":[],"brands":[],"_links":{"self":[{"href":"https:\/\/swissmassage.ch\/fr\/wp-json\/wp\/v2\/product\/2788","targetHints":{"allow":["GET"]}}],"collection":[{"href":"https:\/\/swissmassage.ch\/fr\/wp-json\/wp\/v2\/product"}],"about":[{"href":"https:\/\/swissmassage.ch\/fr\/wp-json\/wp\/v2\/types\/product"}],"wp:featuredmedia":[{"embeddable":true,"href":"https:\/\/swissmassage.ch\/fr\/wp-json\/wp\/v2\/media\/2789"}],"wp:attachment":[{"href":"https:\/\/swissmassage.ch\/fr\/wp-json\/wp\/v2\/media?parent=2788"}],"wp:term":[{"taxonomy":"pwb-brand","embeddable":true,"href":"https:\/\/swissmassage.ch\/fr\/wp-json\/wp\/v2\/pwb-brand?post=2788"},{"taxonomy":"product_brand","embeddable":true,"href":"https:\/\/swissmassage.ch\/fr\/wp-json\/wp\/v2\/product_brand?post=2788"},{"taxonomy":"product_cat","embeddable":true,"href":"https:\/\/swissmassage.ch\/fr\/wp-json\/wp\/v2\/product_cat?post=2788"},{"taxonomy":"product_tag","embeddable":true,"href":"https:\/\/swissmassage.ch\/fr\/wp-json\/wp\/v2\/product_tag?post=2788"},{"taxonomy":"product_folder","embeddable":true,"href":"https:\/\/swissmassage.ch\/fr\/wp-json\/wp\/v2\/product_folder?post=2788"}],"curies":[{"name":"wp","href":"https:\/\/api.w.org\/{rel}","templated":true}]}}