{"id":2810,"date":"2023-05-24T14:44:21","date_gmt":"2023-05-24T14:44:21","guid":{"rendered":"https:\/\/suissemassage.digichablais.ch\/?product=coussin-de-massage-demi-lune-70cm-par-9cm-50-net"},"modified":"2026-04-22T17:57:04","modified_gmt":"2026-04-22T15:57:04","slug":"coussin-de-massage-demi-lune-70cm-par-9cm-50-net","status":"publish","type":"product","link":"https:\/\/swissmassage.ch\/fr\/produits\/coussin-de-massage-demi-lune-70cm-par-9cm-50-net\/","title":{"rendered":"Coussin de massage demi-lune 65cm par 11cm"},"content":{"rendered":"<h2>Coussin de massage\u00a0demi-lune blanc 65cm par 11cm de rayon.<\/h2>\n<p>Rev\u00eatement en Polyur\u00e9thane blanc extr\u00eamement souple et solide.<br \/>\nMousse garantie haute densit\u00e9 de 11cm d\u2019\u00e9paisseur.<br \/>\nDimensions id\u00e9ales 65cm de long par 11cm de rayon.<br \/>\nUtilisation sous la nuque, sous les pieds et sous le torse.<br \/>\nCoussin de massage pour le repositionnement des jambes et le confort lombaire. Coussin de confort en posture ventrale<\/p>\n","protected":false},"excerpt":{"rendered":"<p>Coussin de massage\u00a0demi-lune blanc 65cm par 11cm de rayon. Rev\u00eatement en Polyur\u00e9thane blanc extr\u00eamement souple et solide. Mousse garantie haute densit\u00e9 de 11cm d\u2019\u00e9paisseur. Dimensions id\u00e9ales 65cm de long par 11cm de rayon. Utilisation sous la nuque, sous les pieds et sous le torse. Coussin de massage pour le repositionnement des jambes et le confort&hellip;<\/p>\n","protected":false},"featured_media":2811,"template":"","meta":{"_seopress_robots_primary_cat":"none","_seopress_titles_title":"Coussin de massage demi-lune - Swissmassage","_seopress_titles_desc":"Coussin de massage pour le repositionnement des jambes et le confort lombaire : offre un soutien optimal pour soulager les tensions et am\u00e9liorer la posture.","_seopress_robots_index":""},"pwb-brand":[],"product_brand":[],"product_cat":[219,1079],"product_tag":[1056,1071,1070],"product_folder":[1001],"class_list":{"0":"post-2810","1":"product","2":"type-product","3":"status-publish","4":"has-post-thumbnail","6":"product_cat-coussins-de-massage","7":"product_cat-tous-les-accessoires-de-massage","8":"product_tag-coussin","9":"product_tag-coussin-jambes","10":"product_tag-coussin-massage","12":"first","13":"instock","14":"taxable","15":"shipping-taxable","16":"purchasable","17":"product-type-simple"},"exclude_global_add_ons":[],"addons":[],"brands":[],"_links":{"self":[{"href":"https:\/\/swissmassage.ch\/fr\/wp-json\/wp\/v2\/product\/2810","targetHints":{"allow":["GET"]}}],"collection":[{"href":"https:\/\/swissmassage.ch\/fr\/wp-json\/wp\/v2\/product"}],"about":[{"href":"https:\/\/swissmassage.ch\/fr\/wp-json\/wp\/v2\/types\/product"}],"wp:featuredmedia":[{"embeddable":true,"href":"https:\/\/swissmassage.ch\/fr\/wp-json\/wp\/v2\/media\/2811"}],"wp:attachment":[{"href":"https:\/\/swissmassage.ch\/fr\/wp-json\/wp\/v2\/media?parent=2810"}],"wp:term":[{"taxonomy":"pwb-brand","embeddable":true,"href":"https:\/\/swissmassage.ch\/fr\/wp-json\/wp\/v2\/pwb-brand?post=2810"},{"taxonomy":"product_brand","embeddable":true,"href":"https:\/\/swissmassage.ch\/fr\/wp-json\/wp\/v2\/product_brand?post=2810"},{"taxonomy":"product_cat","embeddable":true,"href":"https:\/\/swissmassage.ch\/fr\/wp-json\/wp\/v2\/product_cat?post=2810"},{"taxonomy":"product_tag","embeddable":true,"href":"https:\/\/swissmassage.ch\/fr\/wp-json\/wp\/v2\/product_tag?post=2810"},{"taxonomy":"product_folder","embeddable":true,"href":"https:\/\/swissmassage.ch\/fr\/wp-json\/wp\/v2\/product_folder?post=2810"}],"curies":[{"name":"wp","href":"https:\/\/api.w.org\/{rel}","templated":true}]}}