{"id":2821,"date":"2023-05-24T14:44:32","date_gmt":"2023-05-24T14:44:32","guid":{"rendered":"https:\/\/suissemassage.digichablais.ch\/?product=rallonge-table-de-massage"},"modified":"2025-11-17T20:01:18","modified_gmt":"2025-11-17T19:01:18","slug":"rallonge-table-de-massage","status":"publish","type":"product","link":"https:\/\/swissmassage.ch\/fr\/produits\/rallonge-table-de-massage\/","title":{"rendered":"Rallonge Table de massage"},"content":{"rendered":"<h2 style=\"text-align: left;\">Rallonge pour table de massage<\/h2>\n<p><span style=\"font-size: 10pt;\">Augmentation de longueur de 15cm<\/span><br \/>\n<span style=\"font-size: 10pt;\">Largeur standard 69 cm<\/span><br \/>\n<span style=\"font-size: 10pt;\">Epaisseur de mousse 8 cm<\/span><br \/>\n<span style=\"font-size: 10pt;\">Fixation, tubes 2cm de diam\u00e8tre, entre-axe 20.5cm (compatibles trous t\u00eati\u00e8res)<\/span><\/p>\n<p><span style=\"font-size: 10pt;\">Livrable dans toute la Suisse. Ou \u00e0 l&#8217;emporter directement dans notre atelier.<\/span><\/p>\n","protected":false},"excerpt":{"rendered":"<p>Rallonge pour table de massage Augmentation de longueur de 15cm Largeur standard 69 cm Epaisseur de mousse 8 cm Fixation, tubes 2cm de diam\u00e8tre, entre-axe 20.5cm (compatibles trous t\u00eati\u00e8res) Livrable dans toute la Suisse. Ou \u00e0 l&#8217;emporter directement dans notre atelier.<\/p>\n","protected":false},"featured_media":2822,"template":"","meta":{"_seopress_robots_primary_cat":"none","_seopress_titles_title":"Rallonge pour table de massage - Swissmassage","_seopress_titles_desc":"Rallonge pour table de massage : \u00e9tend la longueur de votre table pour un confort suppl\u00e9mentaire, id\u00e9ale pour s'adapter \u00e0 des clients de diff\u00e9rentes tailles.","_seopress_robots_index":""},"pwb-brand":[],"product_brand":[],"product_cat":[356,1079],"product_tag":[],"product_folder":[1030],"class_list":{"0":"post-2821","1":"product","2":"type-product","3":"status-publish","4":"has-post-thumbnail","6":"product_cat-accessoires-table-de-massage","7":"product_cat-tous-les-accessoires-de-massage","9":"first","10":"instock","11":"taxable","12":"shipping-taxable","13":"purchasable","14":"product-type-simple"},"exclude_global_add_ons":[],"addons":[],"brands":[],"_links":{"self":[{"href":"https:\/\/swissmassage.ch\/fr\/wp-json\/wp\/v2\/product\/2821","targetHints":{"allow":["GET"]}}],"collection":[{"href":"https:\/\/swissmassage.ch\/fr\/wp-json\/wp\/v2\/product"}],"about":[{"href":"https:\/\/swissmassage.ch\/fr\/wp-json\/wp\/v2\/types\/product"}],"wp:featuredmedia":[{"embeddable":true,"href":"https:\/\/swissmassage.ch\/fr\/wp-json\/wp\/v2\/media\/2822"}],"wp:attachment":[{"href":"https:\/\/swissmassage.ch\/fr\/wp-json\/wp\/v2\/media?parent=2821"}],"wp:term":[{"taxonomy":"pwb-brand","embeddable":true,"href":"https:\/\/swissmassage.ch\/fr\/wp-json\/wp\/v2\/pwb-brand?post=2821"},{"taxonomy":"product_brand","embeddable":true,"href":"https:\/\/swissmassage.ch\/fr\/wp-json\/wp\/v2\/product_brand?post=2821"},{"taxonomy":"product_cat","embeddable":true,"href":"https:\/\/swissmassage.ch\/fr\/wp-json\/wp\/v2\/product_cat?post=2821"},{"taxonomy":"product_tag","embeddable":true,"href":"https:\/\/swissmassage.ch\/fr\/wp-json\/wp\/v2\/product_tag?post=2821"},{"taxonomy":"product_folder","embeddable":true,"href":"https:\/\/swissmassage.ch\/fr\/wp-json\/wp\/v2\/product_folder?post=2821"}],"curies":[{"name":"wp","href":"https:\/\/api.w.org\/{rel}","templated":true}]}}