{"id":2823,"date":"2023-05-24T14:44:33","date_gmt":"2023-05-24T14:44:33","guid":{"rendered":"https:\/\/suissemassage.digichablais.ch\/?product=elargisseurs-table-de-massage"},"modified":"2026-04-12T16:23:15","modified_gmt":"2026-04-12T14:23:15","slug":"elargisseurs-table-de-massage","status":"publish","type":"product","link":"https:\/\/swissmassage.ch\/fr\/produits\/elargisseurs-table-de-massage\/","title":{"rendered":"\u00c9largisseurs table de massage"},"content":{"rendered":"<h2>\u00c9largisseurs pour table de massage<\/h2>\n<p>Elargisseurs pour table de massage<br \/>\nAugmente la largeur de 12cm de chaque c\u00f4t\u00e9s<br \/>\nLongueur 72cm<br \/>\nEpaisseur de mousse 10cm<br \/>\nFixation facile avec sangle velcro<\/p>\n<p>Livrable dans toute la Suisse. Ou \u00e0 l&#8217;emporter directement dans notre atelier.<\/p>\n","protected":false},"excerpt":{"rendered":"<p>\u00c9largisseurs pour table de massage Elargisseurs pour table de massage Augmente la largeur de 12cm de chaque c\u00f4t\u00e9s Longueur 72cm Epaisseur de mousse 10cm Fixation facile avec sangle velcro Livrable dans toute la Suisse. Ou \u00e0 l&#8217;emporter directement dans notre atelier.<\/p>\n","protected":false},"featured_media":6458,"template":"","meta":{"_seopress_robots_primary_cat":"none","_seopress_titles_title":"\u00c9largisseurs pour table de massage - Swissmassage","_seopress_titles_desc":"\u00c9largisseurs pour table de massage : augmentent la surface de travail pour un confort accru, permettant d'accueillir des clients de diff\u00e9rentes tailles.","_seopress_robots_index":""},"pwb-brand":[],"product_brand":[],"product_cat":[356,1079],"product_tag":[1056],"product_folder":[1030],"class_list":{"0":"post-2823","1":"product","2":"type-product","3":"status-publish","4":"has-post-thumbnail","6":"product_cat-accessoires-table-de-massage","7":"product_cat-tous-les-accessoires-de-massage","8":"product_tag-coussin","10":"first","11":"instock","12":"taxable","13":"shipping-taxable","14":"purchasable","15":"product-type-simple"},"exclude_global_add_ons":[],"addons":[],"brands":[],"_links":{"self":[{"href":"https:\/\/swissmassage.ch\/fr\/wp-json\/wp\/v2\/product\/2823","targetHints":{"allow":["GET"]}}],"collection":[{"href":"https:\/\/swissmassage.ch\/fr\/wp-json\/wp\/v2\/product"}],"about":[{"href":"https:\/\/swissmassage.ch\/fr\/wp-json\/wp\/v2\/types\/product"}],"wp:featuredmedia":[{"embeddable":true,"href":"https:\/\/swissmassage.ch\/fr\/wp-json\/wp\/v2\/media\/6458"}],"wp:attachment":[{"href":"https:\/\/swissmassage.ch\/fr\/wp-json\/wp\/v2\/media?parent=2823"}],"wp:term":[{"taxonomy":"pwb-brand","embeddable":true,"href":"https:\/\/swissmassage.ch\/fr\/wp-json\/wp\/v2\/pwb-brand?post=2823"},{"taxonomy":"product_brand","embeddable":true,"href":"https:\/\/swissmassage.ch\/fr\/wp-json\/wp\/v2\/product_brand?post=2823"},{"taxonomy":"product_cat","embeddable":true,"href":"https:\/\/swissmassage.ch\/fr\/wp-json\/wp\/v2\/product_cat?post=2823"},{"taxonomy":"product_tag","embeddable":true,"href":"https:\/\/swissmassage.ch\/fr\/wp-json\/wp\/v2\/product_tag?post=2823"},{"taxonomy":"product_folder","embeddable":true,"href":"https:\/\/swissmassage.ch\/fr\/wp-json\/wp\/v2\/product_folder?post=2823"}],"curies":[{"name":"wp","href":"https:\/\/api.w.org\/{rel}","templated":true}]}}