{"id":2825,"date":"2023-05-24T14:44:35","date_gmt":"2023-05-24T14:44:35","guid":{"rendered":"https:\/\/suissemassage.digichablais.ch\/?product=electrostimulation-anticellulite-et-sportive"},"modified":"2024-07-12T16:03:05","modified_gmt":"2024-07-12T14:03:05","slug":"electrostimulation-anticellulite-et-sportive","status":"publish","type":"product","link":"https:\/\/swissmassage.ch\/fr\/produits\/electrostimulation-anticellulite-et-sportive\/","title":{"rendered":"Electrostimulation anticellulite et sportive"},"content":{"rendered":"<h2>Electrostimulation Anti-cellulite et Musculation.<\/h2>\n<p>Syt\u00e8me anti-cellulite et musculation par \u00e9lectrostimulation.<\/p>\n","protected":false},"excerpt":{"rendered":"<p>Electrostimulation Anti-cellulite et Musculation. Syt\u00e8me anti-cellulite et musculation par \u00e9lectrostimulation.<\/p>\n","protected":false},"featured_media":2826,"template":"","meta":{"_seopress_robots_primary_cat":"none","_seopress_titles_title":"","_seopress_titles_desc":"Appareil d'\u00e9lectrostimulation anticellulite et sportive : id\u00e9al pour tonifier les muscles, r\u00e9duire la cellulite et am\u00e9liorer la r\u00e9cup\u00e9ration sportive.","_seopress_robots_index":""},"pwb-brand":[],"product_brand":[],"product_cat":[259,1077],"product_tag":[],"product_folder":[1002],"class_list":{"0":"post-2825","1":"product","2":"type-product","3":"status-publish","4":"has-post-thumbnail","6":"product_cat-beauty-equipments","7":"product_cat-tous-les-articles-esthetiques","8":"product_shipping_class-swisspost-encombrant","10":"first","11":"instock","12":"taxable","13":"shipping-taxable","14":"purchasable","15":"product-type-simple"},"exclude_global_add_ons":[],"addons":[],"brands":[],"_links":{"self":[{"href":"https:\/\/swissmassage.ch\/fr\/wp-json\/wp\/v2\/product\/2825","targetHints":{"allow":["GET"]}}],"collection":[{"href":"https:\/\/swissmassage.ch\/fr\/wp-json\/wp\/v2\/product"}],"about":[{"href":"https:\/\/swissmassage.ch\/fr\/wp-json\/wp\/v2\/types\/product"}],"wp:featuredmedia":[{"embeddable":true,"href":"https:\/\/swissmassage.ch\/fr\/wp-json\/wp\/v2\/media\/2826"}],"wp:attachment":[{"href":"https:\/\/swissmassage.ch\/fr\/wp-json\/wp\/v2\/media?parent=2825"}],"wp:term":[{"taxonomy":"pwb-brand","embeddable":true,"href":"https:\/\/swissmassage.ch\/fr\/wp-json\/wp\/v2\/pwb-brand?post=2825"},{"taxonomy":"product_brand","embeddable":true,"href":"https:\/\/swissmassage.ch\/fr\/wp-json\/wp\/v2\/product_brand?post=2825"},{"taxonomy":"product_cat","embeddable":true,"href":"https:\/\/swissmassage.ch\/fr\/wp-json\/wp\/v2\/product_cat?post=2825"},{"taxonomy":"product_tag","embeddable":true,"href":"https:\/\/swissmassage.ch\/fr\/wp-json\/wp\/v2\/product_tag?post=2825"},{"taxonomy":"product_folder","embeddable":true,"href":"https:\/\/swissmassage.ch\/fr\/wp-json\/wp\/v2\/product_folder?post=2825"}],"curies":[{"name":"wp","href":"https:\/\/api.w.org\/{rel}","templated":true}]}}