{"id":2837,"date":"2023-05-24T14:44:43","date_gmt":"2023-05-24T14:44:43","guid":{"rendered":"https:\/\/suissemassage.digichablais.ch\/?product=modele-excellence-table-de-spa-swissmassage"},"modified":"2026-01-19T09:05:54","modified_gmt":"2026-01-19T08:05:54","slug":"table-de-spa-excellence-chene-clair","status":"publish","type":"product","link":"https:\/\/swissmassage.ch\/fr\/produits\/table-de-spa-excellence-chene-clair\/","title":{"rendered":"Table de SPA mod\u00e8le Excellence ch\u00eane clair"},"content":{"rendered":"<h2>Table de SPA Excellence ch\u00eane clair.<\/h2>\n<p><span class=\"violet2\" style=\"font-size: 10pt;\">Lit de SPA\u00a0\u00e9lectrique\u00a0Excellence.<br \/>\n<\/span><span style=\"font-size: 10pt;\"><span style=\"color: #000000;\">4\u00a0moteurs tr\u00e8s rapides et silencieux avec t\u00e9l\u00e9commande \u00e9tanche.<br \/>\n<\/span><span style=\"color: #000000;\">Dont 2 moteurs pour le r\u00e9glage de\u00a0la\u00a0hauteur\u00a0de la table de massage de 68cm \u00e0 88cm.<br \/>\n<\/span><span style=\"color: #000000;\">Et de l&rsquo;inclinaison de la table de SPA.<br \/>\n<\/span><span style=\"color: #000000;\">1\u00a0moteur pour le r\u00e9glage du\u00a0dossier du lit de SPA en position assise.<br \/>\n<\/span><span style=\"color: #000000;\">1\u00a0moteur permet de relever les jambes afin de soulager les lombaires.<br \/>\n<\/span><span style=\"color: #000000;\">Rev\u00eatement souple et solide en Polyur\u00e9thane blanc.<br \/>\n<\/span><span style=\"color: #000000;\">Dossier avec trou facial et bouchon.<br \/>\n<\/span><span style=\"color: #000000;\">Repose bras r\u00e9glables pour un meilleur confort en position ventrale.<br \/>\n<\/span><span style=\"color: #000000;\">Mousse sp\u00e9ciale extra-confort haute densit\u00e9 de<br \/>\n<\/span><span style=\"color: #000000;\">12 <span class=\"rouge\">cm<\/span> <\/span><span style=\"color: #000000;\">tr\u00e8s confortable et efficace.<br \/>\n<\/span><span style=\"color: #000000;\">Design id\u00e9al pour les H\u00f4tels, les SPA et les centre Wellness.<br \/>\n<\/span><span style=\"color: #000000;\">Largeur de la table de massage 76 cm<br \/>\n<\/span><span style=\"color: #000000;\">Longueur de la table de massage 198 cm.<br \/>\n<\/span><span style=\"color: #000000;\">Hauteur de la table de massage 68 \u00e0 88 cm.<br \/>\n<\/span><span style=\"color: #000000;\">Poids table de massage 104 kg<br \/>\n<\/span><\/span><span style=\"font-size: 10pt;\">Livraison dans toute la Suisse ou \u00e0 l&#8217;emporter.<\/span><\/p>\n<p>(!)<br \/>\nL&rsquo;option natte chauffante est con\u00e7ue de fa\u00e7on \u00e0 ti\u00e9dir le matelas. Tr\u00e8s appr\u00e9ci\u00e9e par les patients,\u00a0 elle donne une sensation de bien-\u00eatre. Sa chaleur fournie est diffuse et n\u2019a pas de vocation th\u00e9rapeutique. Pour une utilisation th\u00e9rapeutique, nous conseillons l&rsquo;achat de notre<span style=\"color: #993366;\"> <a style=\"color: #993366;\" href=\"https:\/\/swissmassage.ch\/produit\/couverture-chauffante-table-de-massage\/\">couverture chauffante<\/a><\/span>, r\u00e9glable sur 10 niveaux de temp\u00e9ratures et \u00e9quip\u00e9e d\u2019un timer programmable de une \u00e0 dix heures qui s\u2019\u00e9teint automatiquement apr\u00e8s utilisation.<\/p>\n<h3>Philosophie du lit de SPA mod\u00e8le Excellence ch\u00eane clair:<\/h3>\n<p>Au c\u0153ur d&rsquo;un spa ou d&rsquo;un centre de bien-\u00eatre, tr\u00f4ne majestueusement le lit de spa \u00e9lectrique Excellence, une oasis de confort et de relaxation. Con\u00e7u pour offrir une exp\u00e9rience de d\u00e9tente ultime, \u00e9l\u00e9gant et fonctionnel, parfait pour les clients en qu\u00eate de bien-\u00eatre et pour des th\u00e9rapeutes professionnels.<br \/>\nDot\u00e9 de quatre moteurs silencieux et rapides, contr\u00f4l\u00e9s par une t\u00e9l\u00e9commande \u00e9tanche, ce lit de spa offre un ajustement personnalis\u00e9 \u00e0 chaque utilisateur. Il permet de r\u00e9gler la hauteur de la table de massage et l&rsquo;inclinaison de la table de spa, ainsi que le dossier en position assise et les jambes pour soulager les lombaires.<br \/>\nRev\u00eatu d&rsquo;un polyur\u00e9thane blanc souple et solide, ce lit de spa offre un confort optimal. Son dossier \u00e9quip\u00e9 d&rsquo;un trou facial discret et de repose-bras r\u00e9glables garantit une exp\u00e9rience de relaxation sans pareille. La mousse sp\u00e9ciale haute densit\u00e9 assure un soutien exceptionnel, enveloppant le corps dans un cocon de douceur.<br \/>\nAvec ses dimensions adapt\u00e9es au patient et au praticien, ce lit de spa s&rsquo;int\u00e8gre harmonieusement dans tout environnement de spa ou de bien-\u00eatre. Son design \u00e9l\u00e9gant en ch\u00eane clair en fait un choix id\u00e9al pour les \u00e9tablissements \u00e0 la recherche d&rsquo;un mobilier de qualit\u00e9.<br \/>\nEn option, une natte chauffante peut \u00eatre ajout\u00e9e pour une sensation de bien-\u00eatre suppl\u00e9mentaire. Bien que cette fonction ne soit pas th\u00e9rapeutique, elle est tr\u00e8s appr\u00e9ci\u00e9e des clients pour son effet r\u00e9confortant.<br \/>\nLe lit de spa Excellence Ch\u00eane Clair est robuste et fiable, garantissant une exp\u00e9rience de massage relaxante pour tous les clients. Disponible avec livraison dans toute la Suisse ou en option \u00e0 emporter, il repr\u00e9sente un investissement de qualit\u00e9 pour tout \u00e9tablissement soucieux d\u2019offrir \u00e0 sa client\u00e8le le meilleur en mati\u00e8re de d\u00e9tente et de bien-\u00eatre.<\/p>\n","protected":false},"excerpt":{"rendered":"<p>Table de SPA Excellence ch\u00eane clair. Lit de SPA\u00a0\u00e9lectrique\u00a0Excellence. 4\u00a0moteurs tr\u00e8s rapides et silencieux avec t\u00e9l\u00e9commande \u00e9tanche. Dont 2 moteurs pour le r\u00e9glage de\u00a0la\u00a0hauteur\u00a0de la table de massage de 68cm \u00e0 88cm. Et de l&rsquo;inclinaison de la table de SPA. 1\u00a0moteur pour le r\u00e9glage du\u00a0dossier du lit de SPA en position assise. 1\u00a0moteur permet de&hellip;<\/p>\n","protected":false},"featured_media":7547,"template":"","meta":{"_seopress_robots_primary_cat":"none","_seopress_titles_title":"","_seopress_titles_desc":"Dot\u00e9 de quatre moteurs silencieux et rapides, contr\u00f4l\u00e9s par une t\u00e9l\u00e9commande \u00e9tanche, ce lit de spa offre un ajustement personnalis\u00e9 \u00e0 chaque utilisateur.","_seopress_robots_index":""},"pwb-brand":[],"product_brand":[],"product_cat":[1233,213,286,1078,1075],"product_tag":[1137,1139,1130,1065],"product_folder":[987],"class_list":{"0":"post-2837","1":"product","2":"type-product","3":"status-publish","4":"has-post-thumbnail","6":"product_cat-equipements-les-plus-populaires","7":"product_cat-table-de-massage-electrique","8":"product_cat-table-de-spa-fauteuil-de-spa-lit-de-spa","9":"product_cat-tous-les-articles-spa-beaute","10":"product_cat-tous-les-articles-de-massage","11":"product_tag-equipements-spa","12":"product_tag-spa","13":"product_tag-table-de-massage-electrique","14":"product_tag-table-de-spa","15":"product_shipping_class-frais-de-port-inclus-colis","17":"first","18":"instock","19":"taxable","20":"shipping-taxable","21":"purchasable","22":"product-type-variable","23":"has-default-attributes"},"exclude_global_add_ons":false,"addons":[{"name":"Option d\u00e9rouleur de papier de protection","type":"multiple_choice","position":0,"required":false,"title_format":"label","description_enable":false,"description":"","placeholder_enable":false,"placeholder":"","display":"images","restrictions_type":"any_text","adjust_price":false,"price":"","price_type":"flat_fee","restrictions":false,"min":0,"max":0,"options":[{"label":"Avec d\u00e9rouleur de papier de protection","price":"80","price_type":"flat_fee","image":8613}],"id":1720448967},{"name":"Option dessous de pieds en feutre, facilitent le d\u00e9placement","type":"multiple_choice","position":1,"required":false,"title_format":"label","description_enable":false,"description":"","placeholder_enable":false,"placeholder":"","display":"images","restrictions_type":"any_text","adjust_price":false,"price":"","price_type":"flat_fee","restrictions":false,"min":0,"max":0,"options":[{"label":"Avec dessous de pieds en feutre","price":"24","price_type":"flat_fee","image":8612}],"id":1720448968},{"name":"Option Kit t\u00eati\u00e8re","type":"multiple_choice","position":2,"required":false,"title_format":"label","description_enable":false,"description":"","placeholder_enable":false,"placeholder":"","display":"images","restrictions_type":"any_text","adjust_price":false,"price":"","price_type":"flat_fee","restrictions":false,"min":0,"max":0,"options":[{"label":"Avec kit t\u00eati\u00e8re inclinable","price":"180","price_type":"flat_fee","image":8619}],"id":1720448969},{"name":"Option commande \u00e0 pieds","type":"multiple_choice","position":3,"required":false,"title_format":"label","description_enable":false,"description":"","placeholder_enable":false,"placeholder":"","display":"images","restrictions_type":"any_text","adjust_price":false,"price":"","price_type":"flat_fee","restrictions":false,"min":0,"max":0,"options":[{"label":"Avec commande \u00e0 pieds","price":"290","price_type":"flat_fee","image":8723}],"id":1720448970},{"name":"Option rallonge +16 cm","type":"multiple_choice","position":4,"required":false,"title_format":"label","description_enable":false,"description":"","placeholder_enable":false,"placeholder":"","display":"images","restrictions_type":"any_text","adjust_price":false,"price":"","price_type":"flat_fee","restrictions":false,"min":0,"max":0,"options":[{"label":"Option rallonge +16 cm","price":"260","price_type":"flat_fee","image":19778}],"id":1756972559},{"name":"Option de financement:","type":"checkbox","position":5,"required":false,"title_format":"label","description_enable":false,"description":"","placeholder_enable":false,"placeholder":"","display":"select","restrictions_type":"any_text","adjust_price":false,"price":"","price_type":"flat_fee","restrictions":false,"min":0,"max":0,"options":[{"label":"Pour les professionnels, possibilit\u00e9 de financement sur 24 mois","price":"","price_type":"flat_fee","image":0}],"id":1720448971}],"brands":[],"_links":{"self":[{"href":"https:\/\/swissmassage.ch\/fr\/wp-json\/wp\/v2\/product\/2837","targetHints":{"allow":["GET"]}}],"collection":[{"href":"https:\/\/swissmassage.ch\/fr\/wp-json\/wp\/v2\/product"}],"about":[{"href":"https:\/\/swissmassage.ch\/fr\/wp-json\/wp\/v2\/types\/product"}],"wp:featuredmedia":[{"embeddable":true,"href":"https:\/\/swissmassage.ch\/fr\/wp-json\/wp\/v2\/media\/7547"}],"wp:attachment":[{"href":"https:\/\/swissmassage.ch\/fr\/wp-json\/wp\/v2\/media?parent=2837"}],"wp:term":[{"taxonomy":"pwb-brand","embeddable":true,"href":"https:\/\/swissmassage.ch\/fr\/wp-json\/wp\/v2\/pwb-brand?post=2837"},{"taxonomy":"product_brand","embeddable":true,"href":"https:\/\/swissmassage.ch\/fr\/wp-json\/wp\/v2\/product_brand?post=2837"},{"taxonomy":"product_cat","embeddable":true,"href":"https:\/\/swissmassage.ch\/fr\/wp-json\/wp\/v2\/product_cat?post=2837"},{"taxonomy":"product_tag","embeddable":true,"href":"https:\/\/swissmassage.ch\/fr\/wp-json\/wp\/v2\/product_tag?post=2837"},{"taxonomy":"product_folder","embeddable":true,"href":"https:\/\/swissmassage.ch\/fr\/wp-json\/wp\/v2\/product_folder?post=2837"}],"curies":[{"name":"wp","href":"https:\/\/api.w.org\/{rel}","templated":true}]}}