{"id":2871,"date":"2023-05-24T14:45:18","date_gmt":"2023-05-24T14:45:18","guid":{"rendered":"https:\/\/suissemassage.digichablais.ch\/?product=modele-energy-table-de-physio-electrique-swissmassage"},"modified":"2026-01-19T14:24:46","modified_gmt":"2026-01-19T13:24:46","slug":"table-de-physio-electrique-modele-energy","status":"publish","type":"product","link":"https:\/\/swissmassage.ch\/fr\/produits\/table-de-physio-electrique-modele-energy\/","title":{"rendered":"Table de Physio Mod\u00e8le Energy"},"content":{"rendered":"<h2>Table de physio Energy<\/h2>\n<p><span style=\"font-size: 10pt;\">Table de physio \u00e9lectrique 1 moteurs pour la hauteur avec commande p\u00e9riph\u00e9rique cadre \u00e0 pieds.<\/span><br \/>\n<span style=\"font-size: 10pt;\">Moteur de marque r\u00e8gle la hauteur de la table.<\/span><br \/>\n<span style=\"font-size: 10pt;\">R\u00e9glage de la hauteur avec une commande p\u00e9riph\u00e9rique cadre.<\/span><br \/>\n<span style=\"font-size: 10pt;\">T\u00eati\u00e8re r\u00e9glable par v\u00e9rin \u00e0 gaz, angle ajustable de -20\u00b0 \u00e0 + 55\u00b0.<\/span><br \/>\n<span style=\"font-size: 10pt;\">Repose-jambes r\u00e9glable par v\u00e9rin \u00e0 gaz, angle ajustable de 0\u00b0 \u00e0 + 90\u00b0.<\/span><br \/>\n<span style=\"font-size: 10pt;\">Supporte jusqu\u2019\u00e0 225 kg.<\/span><br \/>\n<span style=\"font-size: 10pt;\">Roulettes tournantes 360\u00b0 de 75 mm pour une excellente mobilit\u00e9 et s\u00e9curit\u00e9.<\/span><br \/>\n<span style=\"font-size: 10pt;\">Coloris rev\u00eatement: Gris graphite<\/span><br \/>\n<span style=\"font-size: 10pt;\">Rev\u00eatement en PVC<\/span><br \/>\n<span style=\"font-size: 10pt;\">Rev\u00eatement r\u00e9sistent au feu, aux taches, aux mycoses, \u00e0 l\u2019huile et \u00e0 l\u2019eau.<\/span><br \/>\n<span style=\"font-size: 10pt;\">Certifications: CE, FDA, ISO 9001-2008, ISO13485-2007.<\/span><br \/>\n<span style=\"font-size: 10pt;\">Certifi\u00e9e conform\u00e9ment \u00e0 la directive 93\/42\/CEE \u2013 certification m\u00e9dicale.<\/span><br \/>\n<span style=\"font-size: 10pt;\">Longueur du repose-jambes: 96 cm<\/span><br \/>\n<span style=\"font-size: 10pt;\">Longueur du plan central: 51 cm<\/span><br \/>\n<span style=\"font-size: 10pt;\">Longueur de la t\u00eati\u00e8re: 43 cm<\/span><br \/>\n<span style=\"font-size: 10pt;\">Longueur totale de la table: 195 cm<\/span><br \/>\n<span style=\"font-size: 10pt;\">Largeur de la table: 66 cm<\/span><br \/>\n<span style=\"font-size: 10pt;\">Hauteur r\u00e9glable: 50 cm \u2013 94 cm<\/span><br \/>\n<span style=\"font-size: 10pt;\">\u00c9paisseur du matelas: 5 cm<\/span><br \/>\n<span style=\"font-size: 10pt;\">Densit\u00e9 de la mousse: 36 kg\/m\u00b3<\/span><\/p>\n<h3>Philosophie de la table de traitement physioth\u00e9rapie mod\u00e8le Energy:<\/h3>\n<p>La table de physioth\u00e9rapie Energy est un choix de premier ordre pour les praticiens soucieux d&rsquo;offrir des soins de qualit\u00e9 sup\u00e9rieure \u00e0 leurs patients. Dot\u00e9e d&rsquo;un moteur \u00e9lectrique de pointe pour r\u00e9gler la hauteur, cette table garantit un ajustement pr\u00e9cis et facile gr\u00e2ce \u00e0 sa commande p\u00e9riph\u00e9rique cadre \u00e0 pieds.<br \/>\nLa t\u00eati\u00e8re et le repose-jambes sont r\u00e9glables par v\u00e9rin \u00e0 gaz, offrant un confort optimal pour chaque patient. La t\u00eati\u00e8re peut \u00eatre inclin\u00e9e de -20\u00b0 \u00e0 + 55\u00b0, tandis que le repose-jambes offre un angle ajustable de 0\u00b0 \u00e0 + 90\u00b0, permettant ainsi une adaptation personnalis\u00e9e aux besoins de chacun.<br \/>\nCon\u00e7ue pour r\u00e9pondre aux normes de s\u00e9curit\u00e9 les plus strictes, cette table peut supporter jusqu&rsquo;\u00e0 225 kg et est \u00e9quip\u00e9e de roulettes tournantes \u00e0 360\u00b0 de 75 mm, assurant une mobilit\u00e9 exceptionnelle et une s\u00e9curit\u00e9 maximale pendant les d\u00e9placements.<br \/>\nLe rev\u00eatement en PVC gris graphite est non seulement esth\u00e9tique, mais \u00e9galement r\u00e9sistant au feu, aux taches, aux mycoses, \u00e0 l&rsquo;huile et \u00e0 l&rsquo;eau, garantissant ainsi une durabilit\u00e9 et une facilit\u00e9 d&rsquo;entretien remarquables.<br \/>\nCertifi\u00e9e selon les normes CE, FDA, ISO 9001-2008, ISO13485-2007 et conforme \u00e0 la directive 93\/42\/CEE pour la certification m\u00e9dicale, cette table offre une tranquillit\u00e9 d&rsquo;esprit totale en termes de qualit\u00e9 et de s\u00e9curit\u00e9.<br \/>\nAvec ses dimensions g\u00e9n\u00e9reuses &#8211; une longueur totale de 195 cm, une largeur de 66 cm et une hauteur r\u00e9glable de 50 cm \u00e0 94 cm &#8211; cette table offre un confort optimal pour les patients de toutes tailles et constitue un choix id\u00e9al pour les praticiens exigeants.<br \/>\nLa table de physioth\u00e9rapie Energy de Coinfycare est un investissement s\u00fbr et judicieux pour tout cabinet de soins, offrant un m\u00e9lange parfait de qualit\u00e9, de confort et de fonctionnalit\u00e9.<\/p>\n<h3>Vid\u00e9o de la table de physio mod\u00e8le Energy:<\/h3>\n<div style=\"width: 1170px;\" class=\"wp-video\"><video class=\"wp-video-shortcode\" id=\"video-2871-1\" width=\"1170\" height=\"658\" preload=\"metadata\" controls=\"controls\"><source type=\"video\/mp4\" src=\"https:\/\/swissmassage.ch\/wp-content\/uploads\/Video-table-de-physio-Suisse-modele-Energy.mp4?_=1\" \/><a href=\"https:\/\/swissmassage.ch\/wp-content\/uploads\/Video-table-de-physio-Suisse-modele-Energy.mp4\">https:\/\/swissmassage.ch\/wp-content\/uploads\/Video-table-de-physio-Suisse-modele-Energy.mp4<\/a><\/video><\/div>\n","protected":false},"excerpt":{"rendered":"<p>Table de physio Energy Table de physio \u00e9lectrique 1 moteurs pour la hauteur avec commande p\u00e9riph\u00e9rique cadre \u00e0 pieds. Moteur de marque r\u00e8gle la hauteur de la table. R\u00e9glage de la hauteur avec une commande p\u00e9riph\u00e9rique cadre. T\u00eati\u00e8re r\u00e9glable par v\u00e9rin \u00e0 gaz, angle ajustable de -20\u00b0 \u00e0 + 55\u00b0. Repose-jambes r\u00e9glable par v\u00e9rin \u00e0&hellip;<\/p>\n","protected":false},"featured_media":7747,"template":"","meta":{"_seopress_robots_primary_cat":"none","_seopress_titles_title":"Table de Physioth\u00e9rapie Mod\u00e8le Energy - Swissmassage","_seopress_titles_desc":"La table de physioth\u00e9rapie Energy est un choix de premier ordre pour les praticiens soucieux d'offrir des soins de qualit\u00e9 sup\u00e9rieure \u00e0 leurs patients.","_seopress_robots_index":""},"pwb-brand":[],"product_brand":[],"product_cat":[292,1076],"product_tag":[1194,1195],"product_folder":[1003],"class_list":{"0":"post-2871","1":"product","2":"type-product","3":"status-publish","4":"has-post-thumbnail","6":"product_cat-table-de-physiotherapie","7":"product_cat-tous-les-articles-physio-medical","8":"product_tag-physio","9":"product_tag-table-de-physio","11":"first","12":"instock","13":"taxable","14":"shipping-taxable","15":"purchasable","16":"product-type-simple"},"exclude_global_add_ons":false,"addons":[{"name":"Options","type":"checkbox","position":0,"required":false,"title_format":"label","description_enable":false,"description":"","placeholder_enable":false,"placeholder":"","display":"select","restrictions_type":"any_text","adjust_price":false,"price":"","price_type":"flat_fee","restrictions":false,"min":0,"max":0,"options":[{"label":"D\u00e9rouleur de papier","price":"80.00","price_type":"flat_fee","image":0}],"id":1719475790}],"brands":[],"_links":{"self":[{"href":"https:\/\/swissmassage.ch\/fr\/wp-json\/wp\/v2\/product\/2871","targetHints":{"allow":["GET"]}}],"collection":[{"href":"https:\/\/swissmassage.ch\/fr\/wp-json\/wp\/v2\/product"}],"about":[{"href":"https:\/\/swissmassage.ch\/fr\/wp-json\/wp\/v2\/types\/product"}],"wp:featuredmedia":[{"embeddable":true,"href":"https:\/\/swissmassage.ch\/fr\/wp-json\/wp\/v2\/media\/7747"}],"wp:attachment":[{"href":"https:\/\/swissmassage.ch\/fr\/wp-json\/wp\/v2\/media?parent=2871"}],"wp:term":[{"taxonomy":"pwb-brand","embeddable":true,"href":"https:\/\/swissmassage.ch\/fr\/wp-json\/wp\/v2\/pwb-brand?post=2871"},{"taxonomy":"product_brand","embeddable":true,"href":"https:\/\/swissmassage.ch\/fr\/wp-json\/wp\/v2\/product_brand?post=2871"},{"taxonomy":"product_cat","embeddable":true,"href":"https:\/\/swissmassage.ch\/fr\/wp-json\/wp\/v2\/product_cat?post=2871"},{"taxonomy":"product_tag","embeddable":true,"href":"https:\/\/swissmassage.ch\/fr\/wp-json\/wp\/v2\/product_tag?post=2871"},{"taxonomy":"product_folder","embeddable":true,"href":"https:\/\/swissmassage.ch\/fr\/wp-json\/wp\/v2\/product_folder?post=2871"}],"curies":[{"name":"wp","href":"https:\/\/api.w.org\/{rel}","templated":true}]}}