{"id":2937,"date":"2023-05-24T14:46:06","date_gmt":"2023-05-24T14:46:06","guid":{"rendered":"https:\/\/suissemassage.digichablais.ch\/?product=modele-optimale-table-de-massage-electrique-swissmassage"},"modified":"2025-08-29T10:05:08","modified_gmt":"2025-08-29T08:05:08","slug":"modele-optimale-table-de-massage-electrique-swissmassage","status":"publish","type":"product","link":"https:\/\/swissmassage.ch\/fr\/produits\/modele-optimale-table-de-massage-electrique-swissmassage\/","title":{"rendered":"Table de massage \u00e9lectrique Mod\u00e8le Optimale"},"content":{"rendered":"<h2><strong>Table de massage \u00e9lectrique 3 moteurs mod\u00e8le Optimale.<\/strong><\/h2>\n<p>3 moteurs tr\u00e8s rapides et silencieux avec commande \u00e0 main.<br \/>\n1er moteur r\u00e8gle la hauteur de la table de massage de 55cm \u00e0 90cm.<br \/>\n2\u00e8me moteur rel\u00e8ve le dossier de la table de massage en position assise,<br \/>\net permet l&rsquo;inversion.<br \/>\n3\u00e8me moteur rel\u00e8ve les jambes afin de soulager les lombaires.<br \/>\nDossier avec trou pour le visage.<br \/>\nBouchon facial.<br \/>\nReposes bras r\u00e9glables pour un confort optimal.<br \/>\nCoussin pour la nuque.<br \/>\nLargeur de la table de massage 74cm.<br \/>\nAppuies bras escamotables utilisables aussi en esth\u00e9tique.<br \/>\nMousse haute densit\u00e9 de 8,5cm tr\u00e8s confortable et efficace.<br \/>\nLongueur de la table de massage 200cm Largeur de la table de massage 74cm.<br \/>\n2 Accoudoirs escamotables 10cm.<br \/>\nPoids table de massage 85Kg.<br \/>\nSupport pour le papier d&rsquo;examen.<br \/>\nAvec la table de massage \u00e9lectrique Optimale, nous offrons aussi le kit roulettes valeur 200.-<br \/>\npour d\u00e9bloquer la table de massage et permettre son d\u00e9placement facilit\u00e9.<\/p>\n<h3>Philosophie de la table de massage mod\u00e8le Optimale:<\/h3>\n<p>La table de massage \u00e9lectrique Optimale est \u00e9quip\u00e9e de trois moteurs rapides et silencieux, offrant un contr\u00f4le pr\u00e9cis de la hauteur, du dossier et des jambes.<br \/>\nElle dispose \u00e9galement d&rsquo;un dossier inclinable en position assise avec inversion, d&rsquo;un releveur de jambes pour soulager les lombaires, et d&rsquo;un dossier avec trou facial et bouchon facial pour le confort du client.<br \/>\nLes reposes-bras sont r\u00e9glables et d\u00e9montables, un coussin pour la nuque est inclus pour un confort optimal. Les accoudoirs sont escamotables, offrant une polyvalence pour diff\u00e9rents types de traitements. La mousse haute densit\u00e9 assure un soutien confortable, tandis que la largeur g\u00e9n\u00e9reuse offre suffisamment d&rsquo;espace pour travailler.<br \/>\nUn support pour le papier d&rsquo;examen est inclus pour maintenir l&rsquo;environnement de travail propre et organis\u00e9. Le kit de roulettes est fourni pour faciliter le d\u00e9placement.<br \/>\nLa livraison est disponible dans toute la Suisse ou en option d&#8217;emporter.<\/p>\n","protected":false},"excerpt":{"rendered":"<p>Table de massage \u00e9lectrique 3 moteurs mod\u00e8le Optimale. 3 moteurs tr\u00e8s rapides et silencieux avec commande \u00e0 main. 1er moteur r\u00e8gle la hauteur de la table de massage de 55cm \u00e0 90cm. 2\u00e8me moteur rel\u00e8ve le dossier de la table de massage en position assise, et permet l&rsquo;inversion. 3\u00e8me moteur rel\u00e8ve les jambes afin de&hellip;<\/p>\n","protected":false},"featured_media":7492,"template":"","meta":{"_seopress_robots_primary_cat":"none","_seopress_titles_title":"","_seopress_titles_desc":"La table de massage \u00e9lectrique Optimale est \u00e9quip\u00e9e de trois moteurs rapides et silencieux, offrant un contr\u00f4le pr\u00e9cis de la hauteur, du dossier et des jambes.","_seopress_robots_index":""},"pwb-brand":[],"product_brand":[],"product_cat":[213,1075],"product_tag":[1131,1064,1130,1166],"product_folder":[994],"class_list":{"0":"post-2937","1":"product","2":"type-product","3":"status-publish","4":"has-post-thumbnail","6":"product_cat-table-de-massage-electrique","7":"product_cat-tous-les-articles-de-massage","8":"product_tag-massage","9":"product_tag-table-de-massage","10":"product_tag-table-de-massage-electrique","11":"product_tag-table-de-soins","13":"first","14":"instock","15":"taxable","16":"shipping-taxable","17":"purchasable","18":"product-type-simple"},"exclude_global_add_ons":false,"addons":[{"name":"Option commande \u00e0 pieds","type":"multiple_choice","position":0,"required":false,"title_format":"label","description_enable":false,"description":"","placeholder_enable":false,"placeholder":"","display":"images","restrictions_type":"any_text","adjust_price":false,"price":"","price_type":"flat_fee","restrictions":false,"min":0,"max":0,"options":[{"label":"Avec commande \u00e0 pieds","price":"250","price_type":"flat_fee","image":8624}],"id":1720449800},{"name":"Option Kit t\u00eati\u00e8re","type":"multiple_choice","position":1,"required":false,"title_format":"label","description_enable":false,"description":"","placeholder_enable":false,"placeholder":"","display":"images","restrictions_type":"any_text","adjust_price":false,"price":"","price_type":"flat_fee","restrictions":false,"min":0,"max":0,"options":[{"label":"Avec Kit t\u00eati\u00e8re inclinable","price":"180","price_type":"flat_fee","image":8713}],"id":1720449801},{"name":"Option dessous de pieds en feutre","type":"multiple_choice","position":2,"required":false,"title_format":"label","description_enable":false,"description":"","placeholder_enable":false,"placeholder":"","display":"images","restrictions_type":"any_text","adjust_price":false,"price":"","price_type":"flat_fee","restrictions":false,"min":0,"max":0,"options":[{"label":"Avec dessous de pieds en feutre","price":"24","price_type":"flat_fee","image":8612}],"id":1720449802},{"name":"Option de financement","type":"checkbox","position":3,"required":false,"title_format":"label","description_enable":false,"description":"","placeholder_enable":false,"placeholder":"","display":"select","restrictions_type":"any_text","adjust_price":false,"price":"","price_type":"flat_fee","restrictions":false,"min":0,"max":0,"options":[{"label":"Pour les professionnels, possibilit\u00e9 de financement sur 24 mois","price":"","price_type":"flat_fee","image":0}],"id":1720449803}],"brands":[],"_links":{"self":[{"href":"https:\/\/swissmassage.ch\/fr\/wp-json\/wp\/v2\/product\/2937","targetHints":{"allow":["GET"]}}],"collection":[{"href":"https:\/\/swissmassage.ch\/fr\/wp-json\/wp\/v2\/product"}],"about":[{"href":"https:\/\/swissmassage.ch\/fr\/wp-json\/wp\/v2\/types\/product"}],"wp:featuredmedia":[{"embeddable":true,"href":"https:\/\/swissmassage.ch\/fr\/wp-json\/wp\/v2\/media\/7492"}],"wp:attachment":[{"href":"https:\/\/swissmassage.ch\/fr\/wp-json\/wp\/v2\/media?parent=2937"}],"wp:term":[{"taxonomy":"pwb-brand","embeddable":true,"href":"https:\/\/swissmassage.ch\/fr\/wp-json\/wp\/v2\/pwb-brand?post=2937"},{"taxonomy":"product_brand","embeddable":true,"href":"https:\/\/swissmassage.ch\/fr\/wp-json\/wp\/v2\/product_brand?post=2937"},{"taxonomy":"product_cat","embeddable":true,"href":"https:\/\/swissmassage.ch\/fr\/wp-json\/wp\/v2\/product_cat?post=2937"},{"taxonomy":"product_tag","embeddable":true,"href":"https:\/\/swissmassage.ch\/fr\/wp-json\/wp\/v2\/product_tag?post=2937"},{"taxonomy":"product_folder","embeddable":true,"href":"https:\/\/swissmassage.ch\/fr\/wp-json\/wp\/v2\/product_folder?post=2937"}],"curies":[{"name":"wp","href":"https:\/\/api.w.org\/{rel}","templated":true}]}}