{"id":2954,"date":"2023-05-24T14:46:16","date_gmt":"2023-05-24T14:46:16","guid":{"rendered":"https:\/\/suissemassage.digichablais.ch\/?product=modele-venus-table-d-esthetique-swissmassage"},"modified":"2024-07-12T15:59:36","modified_gmt":"2024-07-12T13:59:36","slug":"fauteuil-d-esthetique-venus","status":"publish","type":"product","link":"https:\/\/swissmassage.ch\/fr\/produits\/fauteuil-d-esthetique-venus\/","title":{"rendered":"Fauteuil d&rsquo;esth\u00e9tique Mod\u00e8le Venus"},"content":{"rendered":"<h2>Fauteuil d&rsquo; esth\u00e9tique Venus Cosmos design.<\/h2>\n<p><span style=\"font-size: 10pt;\">3 moteurs\u00a0silencieux avec t\u00e9l\u00e9commande \u00e9tanche<br \/>\n<\/span><span style=\"font-size: 10pt;\">1er moteur r\u00e8gle la hauteur de la table de massage de 60 cm \u00e0 84 cm.<br \/>\n<\/span><span style=\"font-size: 10pt;\">2\u00e8me moteur\u00a0rel\u00e8ve le dossier de la table de massage\u00a0en position assise.<br \/>\n<\/span><span style=\"font-size: 10pt;\">3\u00e8me moteur permet d&rsquo;agir sur la balance ou bascule.<br \/>\nLe coussin des jambes est inclinable avec un v\u00e9rin \u00e0 gaz.<br \/>\n<\/span><span style=\"font-size: 10pt;\">Rev\u00eatement souple et solide en Polyur\u00e9thane blanc.<br \/>\n<\/span><span style=\"font-size: 10pt;\">Mousse haute densit\u00e9 de 8,5 cm tr\u00e8s confortable et efficace.<br \/>\n<\/span><span style=\"font-size: 10pt;\">Look esth\u00e9tique.<br \/>\n<\/span><span style=\"font-size: 10pt;\">La forme de la table de massage\u00a0ergonomique \u00e9pouse le corps de la patiente.<br \/>\n<\/span><span style=\"font-size: 10pt;\">Largeur de la table de massage 58 cm + 10 cm de chaque c\u00f4t\u00e9s gr\u00e2ce aux appuies bras escamotables.<br \/>\n<\/span><span style=\"font-size: 10pt;\">Longueur de la table de massage 192 cm.<br \/>\n<\/span><span style=\"font-size: 10pt;\">Hauteur de la table de massage r\u00e9glable de 60 cm \u00e0 84 cm<br \/>\n<span style=\"font-size: 10pt;\">Poids de la table de massage 75 kg.<\/span><\/span><\/p>\n","protected":false},"excerpt":{"rendered":"<p>Fauteuil d&rsquo; esth\u00e9tique Venus Cosmos design. 3 moteurs\u00a0silencieux avec t\u00e9l\u00e9commande \u00e9tanche 1er moteur r\u00e8gle la hauteur de la table de massage de 60 cm \u00e0 84 cm. 2\u00e8me moteur\u00a0rel\u00e8ve le dossier de la table de massage\u00a0en position assise. 3\u00e8me moteur permet d&rsquo;agir sur la balance ou bascule. Le coussin des jambes est inclinable avec un&hellip;<\/p>\n","protected":false},"featured_media":7622,"template":"","meta":{"_seopress_robots_primary_cat":"1132","_seopress_titles_title":"","_seopress_titles_desc":"Fauteuil d' esth\u00e9tique Venus Cosmos design. Largeur de la table de massage 58 cm + 10 cm de chaque c\u00f4t\u00e9s gr\u00e2ce aux appuies bras escamotables.","_seopress_robots_index":""},"pwb-brand":[],"product_brand":[],"product_cat":[1132,1077],"product_tag":[1134,1155,1156],"product_folder":[1019],"class_list":{"0":"post-2954","1":"product","2":"type-product","3":"status-publish","4":"has-post-thumbnail","6":"product_cat-fauteuils-esthetique","7":"product_cat-tous-les-articles-esthetiques","8":"product_tag-esthetique","9":"product_tag-fauteuil","10":"product_tag-fauteuil-soins-esthetique","12":"first","13":"instock","14":"taxable","15":"shipping-taxable","16":"purchasable","17":"product-type-simple"},"exclude_global_add_ons":false,"addons":[{"name":"Options","type":"checkbox","position":0,"required":false,"title_format":"label","description_enable":false,"description":"","placeholder_enable":false,"placeholder":"","display":"select","restrictions_type":"any_text","adjust_price":false,"price":"","price_type":"flat_fee","restrictions":false,"min":0,"max":0,"options":[{"label":"D\u00e9rouleur de papier","price":"60.00","price_type":"flat_fee","image":0},{"label":"Dessous de pieds en feutre","price":"30.00","price_type":"flat_fee","image":0}],"id":1704381889}],"brands":[],"_links":{"self":[{"href":"https:\/\/swissmassage.ch\/fr\/wp-json\/wp\/v2\/product\/2954","targetHints":{"allow":["GET"]}}],"collection":[{"href":"https:\/\/swissmassage.ch\/fr\/wp-json\/wp\/v2\/product"}],"about":[{"href":"https:\/\/swissmassage.ch\/fr\/wp-json\/wp\/v2\/types\/product"}],"wp:featuredmedia":[{"embeddable":true,"href":"https:\/\/swissmassage.ch\/fr\/wp-json\/wp\/v2\/media\/7622"}],"wp:attachment":[{"href":"https:\/\/swissmassage.ch\/fr\/wp-json\/wp\/v2\/media?parent=2954"}],"wp:term":[{"taxonomy":"pwb-brand","embeddable":true,"href":"https:\/\/swissmassage.ch\/fr\/wp-json\/wp\/v2\/pwb-brand?post=2954"},{"taxonomy":"product_brand","embeddable":true,"href":"https:\/\/swissmassage.ch\/fr\/wp-json\/wp\/v2\/product_brand?post=2954"},{"taxonomy":"product_cat","embeddable":true,"href":"https:\/\/swissmassage.ch\/fr\/wp-json\/wp\/v2\/product_cat?post=2954"},{"taxonomy":"product_tag","embeddable":true,"href":"https:\/\/swissmassage.ch\/fr\/wp-json\/wp\/v2\/product_tag?post=2954"},{"taxonomy":"product_folder","embeddable":true,"href":"https:\/\/swissmassage.ch\/fr\/wp-json\/wp\/v2\/product_folder?post=2954"}],"curies":[{"name":"wp","href":"https:\/\/api.w.org\/{rel}","templated":true}]}}