{"id":3034,"date":"2023-05-24T14:47:13","date_gmt":"2023-05-24T14:47:13","guid":{"rendered":"https:\/\/suissemassage.digichablais.ch\/?product=table-bobath-extra-large-2"},"modified":"2026-01-19T16:43:42","modified_gmt":"2026-01-19T15:43:42","slug":"table-bobath-extra-large-2","status":"publish","type":"product","link":"https:\/\/swissmassage.ch\/fr\/produits\/table-bobath-extra-large-2\/","title":{"rendered":"Table Bobath \u00e9lectrique extra-large 120cm"},"content":{"rendered":"<h2>Table de massage Bobath Extra Large 2 plans<\/h2>\n<p><span style=\"font-size: 10pt; color: #bc0f4d;\">Dim. 189cm de long et 120cm de large avec dossier relevable.<\/span><br \/>\n<span style=\"font-size: 10pt;\">Table de massage \u00e9lectrique type Bobath.<br \/>\n<\/span><span style=\"font-size: 10pt;\">Hauteur de 48 \u00e0 94 cm. motoris\u00e9e par commande barre p\u00e9riph\u00e9rique \u00e0 pieds.<br \/>\nPoids 92 Kg.<br \/>\nPoids maximum support\u00e9 225 Kg.<br \/>\nDossier relevable\u00a0Inclinaison (entre -0\u00ba et +75\u00ba) du repose-t\u00eate par v\u00e9rin \u00e0 gaz.<br \/>\nMousse 5cm densite\u00e9 36 Kg\/m3.<br \/>\n3 trous faciaux avec bouchon.<br \/>\nRev\u00eatement: MED PVC.<br \/>\nCertification CE\u00a093\/42\/EEC Directive Dispositifs M\u00e9dicaux.<br \/>\n<\/span><\/p>\n<div style=\"width: 1170px;\" class=\"wp-video\"><video class=\"wp-video-shortcode\" id=\"video-3034-1\" width=\"1170\" height=\"658\" preload=\"auto\" controls=\"controls\"><source type=\"video\/mp4\" src=\"https:\/\/swissmassage.ch\/wp-content\/uploads\/Video-Table-Bobath-en-Suisse.mp4?_=1\" \/><a href=\"https:\/\/swissmassage.ch\/wp-content\/uploads\/Video-Table-Bobath-en-Suisse.mp4\">https:\/\/swissmassage.ch\/wp-content\/uploads\/Video-Table-Bobath-en-Suisse.mp4<\/a><\/video><\/div>\n","protected":false},"excerpt":{"rendered":"<p>Table de massage Bobath Extra Large 2 plans Dim. 189cm de long et 120cm de large avec dossier relevable. Table de massage \u00e9lectrique type Bobath. Hauteur de 48 \u00e0 94 cm. motoris\u00e9e par commande barre p\u00e9riph\u00e9rique \u00e0 pieds. Poids 92 Kg. Poids maximum support\u00e9 225 Kg. Dossier relevable\u00a0Inclinaison (entre -0\u00ba et +75\u00ba) du repose-t\u00eate par&hellip;<\/p>\n","protected":false},"featured_media":7782,"template":"","meta":{"_seopress_robots_primary_cat":"none","_seopress_titles_title":"","_seopress_titles_desc":"Table de massage Bobath Extra Large 2 plans. Hauteur de 48 \u00e0 94 cm, motoris\u00e9e par commande barre p\u00e9riph\u00e9rique \u00e0 pieds.","_seopress_robots_index":""},"pwb-brand":[],"product_brand":[],"product_cat":[293,340,1076],"product_tag":[1198,1201,1194,1199,1200],"product_folder":[1006],"class_list":{"0":"post-3034","1":"product","2":"type-product","3":"status-publish","4":"has-post-thumbnail","6":"product_cat-table-de-massage-bobath","7":"product_cat-table-de-shiatsu-electrique","8":"product_cat-tous-les-articles-physio-medical","9":"product_tag-bobath","10":"product_tag-medical","11":"product_tag-physio","12":"product_tag-table-bobath","13":"product_tag-table-physio","15":"first","16":"instock","17":"sale","18":"taxable","19":"shipping-taxable","20":"purchasable","21":"product-type-simple"},"exclude_global_add_ons":[],"addons":[],"brands":[],"_links":{"self":[{"href":"https:\/\/swissmassage.ch\/fr\/wp-json\/wp\/v2\/product\/3034","targetHints":{"allow":["GET"]}}],"collection":[{"href":"https:\/\/swissmassage.ch\/fr\/wp-json\/wp\/v2\/product"}],"about":[{"href":"https:\/\/swissmassage.ch\/fr\/wp-json\/wp\/v2\/types\/product"}],"wp:featuredmedia":[{"embeddable":true,"href":"https:\/\/swissmassage.ch\/fr\/wp-json\/wp\/v2\/media\/7782"}],"wp:attachment":[{"href":"https:\/\/swissmassage.ch\/fr\/wp-json\/wp\/v2\/media?parent=3034"}],"wp:term":[{"taxonomy":"pwb-brand","embeddable":true,"href":"https:\/\/swissmassage.ch\/fr\/wp-json\/wp\/v2\/pwb-brand?post=3034"},{"taxonomy":"product_brand","embeddable":true,"href":"https:\/\/swissmassage.ch\/fr\/wp-json\/wp\/v2\/product_brand?post=3034"},{"taxonomy":"product_cat","embeddable":true,"href":"https:\/\/swissmassage.ch\/fr\/wp-json\/wp\/v2\/product_cat?post=3034"},{"taxonomy":"product_tag","embeddable":true,"href":"https:\/\/swissmassage.ch\/fr\/wp-json\/wp\/v2\/product_tag?post=3034"},{"taxonomy":"product_folder","embeddable":true,"href":"https:\/\/swissmassage.ch\/fr\/wp-json\/wp\/v2\/product_folder?post=3034"}],"curies":[{"name":"wp","href":"https:\/\/api.w.org\/{rel}","templated":true}]}}