{"id":3050,"date":"2023-05-24T14:47:26","date_gmt":"2023-05-24T14:47:26","guid":{"rendered":"https:\/\/suissemassage.digichablais.ch\/?product=housse-en-coton-pour-coussin-facial"},"modified":"2026-04-22T17:57:04","modified_gmt":"2026-04-22T15:57:04","slug":"housse-en-coton-pour-coussin-facial","status":"publish","type":"product","link":"https:\/\/swissmassage.ch\/fr\/produits\/housse-en-coton-pour-coussin-facial\/","title":{"rendered":"Housse en coton pour coussin facial 4 pcs"},"content":{"rendered":"<h2 style=\"text-align: justify\">Housse pour coussin t\u00eati\u00e8re de table de massage<\/h2>\n<p>Le paquet de 4 pi\u00e8ces<br \/>\nLivrable dans toute la Suisse. Ou \u00e0 l&#8217;emporter directement dans notre atelier.<\/p>\n","protected":false},"excerpt":{"rendered":"<p>Housse pour coussin t\u00eati\u00e8re de table de massage Le paquet de 4 pi\u00e8ces Livrable dans toute la Suisse. Ou \u00e0 l&#8217;emporter directement dans notre atelier.<\/p>\n","protected":false},"featured_media":3051,"template":"","meta":{"_seopress_robots_primary_cat":"none","_seopress_titles_title":"","_seopress_titles_desc":"Housse pour coussin t\u00eati\u00e8re de table de massage. Prot\u00e9gez efficacement votre coussin facial avec nos housses en coton sur mesure.","_seopress_robots_index":""},"pwb-brand":[],"product_brand":[],"product_cat":[271,1079],"product_tag":[1105,1106,1094],"product_folder":[1017],"class_list":{"0":"post-3050","1":"product","2":"type-product","3":"status-publish","4":"has-post-thumbnail","6":"product_cat-protection-table-de-massage","7":"product_cat-tous-les-accessoires-de-massage","8":"product_tag-facial","9":"product_tag-housse","10":"product_tag-protection","12":"first","13":"instock","14":"taxable","15":"shipping-taxable","16":"purchasable","17":"product-type-simple"},"exclude_global_add_ons":[],"addons":[],"brands":[],"_links":{"self":[{"href":"https:\/\/swissmassage.ch\/fr\/wp-json\/wp\/v2\/product\/3050","targetHints":{"allow":["GET"]}}],"collection":[{"href":"https:\/\/swissmassage.ch\/fr\/wp-json\/wp\/v2\/product"}],"about":[{"href":"https:\/\/swissmassage.ch\/fr\/wp-json\/wp\/v2\/types\/product"}],"wp:featuredmedia":[{"embeddable":true,"href":"https:\/\/swissmassage.ch\/fr\/wp-json\/wp\/v2\/media\/3051"}],"wp:attachment":[{"href":"https:\/\/swissmassage.ch\/fr\/wp-json\/wp\/v2\/media?parent=3050"}],"wp:term":[{"taxonomy":"pwb-brand","embeddable":true,"href":"https:\/\/swissmassage.ch\/fr\/wp-json\/wp\/v2\/pwb-brand?post=3050"},{"taxonomy":"product_brand","embeddable":true,"href":"https:\/\/swissmassage.ch\/fr\/wp-json\/wp\/v2\/product_brand?post=3050"},{"taxonomy":"product_cat","embeddable":true,"href":"https:\/\/swissmassage.ch\/fr\/wp-json\/wp\/v2\/product_cat?post=3050"},{"taxonomy":"product_tag","embeddable":true,"href":"https:\/\/swissmassage.ch\/fr\/wp-json\/wp\/v2\/product_tag?post=3050"},{"taxonomy":"product_folder","embeddable":true,"href":"https:\/\/swissmassage.ch\/fr\/wp-json\/wp\/v2\/product_folder?post=3050"}],"curies":[{"name":"wp","href":"https:\/\/api.w.org\/{rel}","templated":true}]}}