{"id":3052,"date":"2023-05-24T14:47:28","date_gmt":"2023-05-24T14:47:28","guid":{"rendered":"https:\/\/suissemassage.digichablais.ch\/?product=buste-massage-assis"},"modified":"2026-01-19T15:00:28","modified_gmt":"2026-01-19T14:00:28","slug":"buste-massage-assis","status":"publish","type":"product","link":"https:\/\/swissmassage.ch\/fr\/produits\/buste-massage-assis\/","title":{"rendered":"Top massage assis"},"content":{"rendered":"<h2>Tabletop-massage, buste de massage assis<\/h2>\n<p>Rev\u00eatement en Polyur\u00e9thane<strong>\u00a0vert p\u00e2le <\/strong>souple et solide.<br \/>\nMousse garantie haute densit\u00e9 de 6cm d\u2019\u00e9paisseur.<br \/>\nStructure l\u00e9g\u00e8re et solide.<br \/>\nT\u00eati\u00e8re orientable et r\u00e9glable en hauteur.<br \/>\nFacile \u00e0 manipuler, ouverture et fermeture en 10 secondes.<br \/>\nTransportable, pour le travail \u00e0 domicile ou en entreprise.<br \/>\nAvec housse de transport.<br \/>\nLe massage assis est facile \u00e0 prodiguer par sa simplicit\u00e9 et n&rsquo;est pas intrusif car le patient peut rester habill\u00e9. il se pratique en entreprise avec le Top Massage Tabletop qui se pose simplement sur une table.<\/p>\n<h3>Philosophie du buste de massage assis mod\u00e8le Tabletop:<\/h3>\n<p>Le buste de massage assis Tabletop offre une solution pratique et non intrusive pour les s\u00e9ances de massage en entreprise ou \u00e0 domicile. Rev\u00eatu vert souple et r\u00e9sistant, il assure un confort optimal pour le patient tout en garantissant une hygi\u00e8ne impeccable.<br \/>\nDot\u00e9 d&rsquo;une mousse haute densit\u00e9 de 6 cm d&rsquo;\u00e9paisseur, ce buste de massage offre un soutien ferme et agr\u00e9able pendant la s\u00e9ance. Sa structure l\u00e9g\u00e8re mais solide permet une manipulation facile et une installation rapide, avec une ouverture et une fermeture en seulement 10 secondes.<br \/>\nLa t\u00eati\u00e8re orientable et r\u00e9glable en hauteur permet une adaptation pr\u00e9cise \u00e0 chaque patient, assurant ainsi une position confortable pendant le massage. Facilement transportable gr\u00e2ce \u00e0 sa housse d\u00e9di\u00e9e, il est id\u00e9al pour les praticiens mobiles ou pour les s\u00e9ances de massage en entreprise.<br \/>\nLe massage assis, prodigu\u00e9 par le buste de massage Tabletop, est une technique simple et non intrusive qui permet au patient de rester habill\u00e9. Il peut \u00eatre pratiqu\u00e9 directement sur une table, offrant ainsi une flexibilit\u00e9 maximale pour les s\u00e9ances de massage en entreprise ou \u00e0 domicile.<\/p>\n","protected":false},"excerpt":{"rendered":"<p>Tabletop-massage, buste de massage assis Rev\u00eatement en Polyur\u00e9thane\u00a0vert p\u00e2le souple et solide. Mousse garantie haute densit\u00e9 de 6cm d\u2019\u00e9paisseur. Structure l\u00e9g\u00e8re et solide. T\u00eati\u00e8re orientable et r\u00e9glable en hauteur. Facile \u00e0 manipuler, ouverture et fermeture en 10 secondes. Transportable, pour le travail \u00e0 domicile ou en entreprise. Avec housse de transport. Le massage assis est&hellip;<\/p>\n","protected":false},"featured_media":3053,"template":"","meta":{"_seopress_robots_primary_cat":"none","_seopress_titles_title":"","_seopress_titles_desc":"Le buste de massage assis Tabletop offre une solution pratique et non intrusive pour les s\u00e9ances de massage en entreprise ou \u00e0 domicile.","_seopress_robots_index":""},"pwb-brand":[],"product_brand":[],"product_cat":[216,1075],"product_tag":[1131,1062,1061],"product_folder":[999],"class_list":{"0":"post-3052","1":"product","2":"type-product","3":"status-publish","4":"has-post-thumbnail","6":"product_cat-chaise-de-massage","7":"product_cat-tous-les-articles-de-massage","8":"product_tag-massage","9":"product_tag-massage-ama","10":"product_tag-massage-assis","12":"first","13":"instock","14":"taxable","15":"shipping-taxable","16":"purchasable","17":"product-type-simple"},"exclude_global_add_ons":[],"addons":[],"brands":[],"_links":{"self":[{"href":"https:\/\/swissmassage.ch\/fr\/wp-json\/wp\/v2\/product\/3052","targetHints":{"allow":["GET"]}}],"collection":[{"href":"https:\/\/swissmassage.ch\/fr\/wp-json\/wp\/v2\/product"}],"about":[{"href":"https:\/\/swissmassage.ch\/fr\/wp-json\/wp\/v2\/types\/product"}],"wp:featuredmedia":[{"embeddable":true,"href":"https:\/\/swissmassage.ch\/fr\/wp-json\/wp\/v2\/media\/3053"}],"wp:attachment":[{"href":"https:\/\/swissmassage.ch\/fr\/wp-json\/wp\/v2\/media?parent=3052"}],"wp:term":[{"taxonomy":"pwb-brand","embeddable":true,"href":"https:\/\/swissmassage.ch\/fr\/wp-json\/wp\/v2\/pwb-brand?post=3052"},{"taxonomy":"product_brand","embeddable":true,"href":"https:\/\/swissmassage.ch\/fr\/wp-json\/wp\/v2\/product_brand?post=3052"},{"taxonomy":"product_cat","embeddable":true,"href":"https:\/\/swissmassage.ch\/fr\/wp-json\/wp\/v2\/product_cat?post=3052"},{"taxonomy":"product_tag","embeddable":true,"href":"https:\/\/swissmassage.ch\/fr\/wp-json\/wp\/v2\/product_tag?post=3052"},{"taxonomy":"product_folder","embeddable":true,"href":"https:\/\/swissmassage.ch\/fr\/wp-json\/wp\/v2\/product_folder?post=3052"}],"curies":[{"name":"wp","href":"https:\/\/api.w.org\/{rel}","templated":true}]}}