{"id":3060,"date":"2023-05-24T14:47:33","date_gmt":"2023-05-24T14:47:33","guid":{"rendered":"https:\/\/suissemassage.digichablais.ch\/?product=drap-housse-flanelle-table-de-massage-avec-trou-facial"},"modified":"2026-03-27T09:17:13","modified_gmt":"2026-03-27T08:17:13","slug":"drap-housse-flanelle-table-de-massage-avec-trou-facial","status":"publish","type":"product","link":"https:\/\/swissmassage.ch\/fr\/produits\/drap-housse-flanelle-table-de-massage-avec-trou-facial\/","title":{"rendered":"Drap housse flanelle avec trou facial pour table de massage"},"content":{"rendered":"<h2>Drap-Housse blanc en coton flanelle pour table de massage avec\u00a0trou facial<\/h2>\n<p style=\"text-align: left\">Drap-housse pour la table de massage de 180cm \u00e0 185cm par 65cm \u00e0 74cm.<br \/>\nLivrable dans toute la Suisse. Ou \u00e0 l&#8217;emporter directement dans notre showroom.<\/p>\n","protected":false},"excerpt":{"rendered":"<p>Drap-Housse blanc en coton flanelle pour table de massage avec\u00a0trou facial Drap-housse pour la table de massage de 180cm \u00e0 185cm par 65cm \u00e0 74cm. Livrable dans toute la Suisse. Ou \u00e0 l&#8217;emporter directement dans notre showroom.<\/p>\n","protected":false},"featured_media":3061,"template":"","meta":{"_seopress_robots_primary_cat":"none","_seopress_titles_title":"Drap housse flanelle avec trou facial pour table de massage","_seopress_titles_desc":"Drap-housse pour la table de massage de 180cm \u00e0 185cm par 65cm \u00e0 74cm. Livrable dans toute la Suisse.","_seopress_robots_index":""},"pwb-brand":[],"product_brand":[],"product_cat":[271,1079],"product_tag":[1090,1091,1095,1094],"product_folder":[1017],"class_list":{"0":"post-3060","1":"product","2":"type-product","3":"status-publish","4":"has-post-thumbnail","6":"product_cat-protection-table-de-massage","7":"product_cat-tous-les-accessoires-de-massage","8":"product_tag-drap","9":"product_tag-drap-lavable","10":"product_tag-drap-housse","11":"product_tag-protection","13":"first","14":"instock","15":"taxable","16":"shipping-taxable","17":"purchasable","18":"product-type-simple"},"exclude_global_add_ons":[],"addons":[],"brands":[],"_links":{"self":[{"href":"https:\/\/swissmassage.ch\/fr\/wp-json\/wp\/v2\/product\/3060","targetHints":{"allow":["GET"]}}],"collection":[{"href":"https:\/\/swissmassage.ch\/fr\/wp-json\/wp\/v2\/product"}],"about":[{"href":"https:\/\/swissmassage.ch\/fr\/wp-json\/wp\/v2\/types\/product"}],"wp:featuredmedia":[{"embeddable":true,"href":"https:\/\/swissmassage.ch\/fr\/wp-json\/wp\/v2\/media\/3061"}],"wp:attachment":[{"href":"https:\/\/swissmassage.ch\/fr\/wp-json\/wp\/v2\/media?parent=3060"}],"wp:term":[{"taxonomy":"pwb-brand","embeddable":true,"href":"https:\/\/swissmassage.ch\/fr\/wp-json\/wp\/v2\/pwb-brand?post=3060"},{"taxonomy":"product_brand","embeddable":true,"href":"https:\/\/swissmassage.ch\/fr\/wp-json\/wp\/v2\/product_brand?post=3060"},{"taxonomy":"product_cat","embeddable":true,"href":"https:\/\/swissmassage.ch\/fr\/wp-json\/wp\/v2\/product_cat?post=3060"},{"taxonomy":"product_tag","embeddable":true,"href":"https:\/\/swissmassage.ch\/fr\/wp-json\/wp\/v2\/product_tag?post=3060"},{"taxonomy":"product_folder","embeddable":true,"href":"https:\/\/swissmassage.ch\/fr\/wp-json\/wp\/v2\/product_folder?post=3060"}],"curies":[{"name":"wp","href":"https:\/\/api.w.org\/{rel}","templated":true}]}}