{"id":3105,"date":"2023-05-24T14:48:17","date_gmt":"2023-05-24T14:48:17","guid":{"rendered":"https:\/\/suissemassage.digichablais.ch\/?product=modele-relax-table-de-reiki-portable-swissmassage"},"modified":"2026-01-22T11:19:25","modified_gmt":"2026-01-22T10:19:25","slug":"table-de-reiki-portable-modele-relax","status":"publish","type":"product","link":"https:\/\/swissmassage.ch\/fr\/produits\/table-de-reiki-portable-modele-relax\/","title":{"rendered":"Table de Reiki portable Mod\u00e8le Relax"},"content":{"rendered":"<h2><strong>Table de Reiki portable l\u00e9g\u00e8re mod\u00e8le Relax couleur blanche.<\/strong><\/h2>\n<p>Confort largeur 72cm mousse 8cm et 2 ANS de garantie.<br \/>\nTable de Reiki mod\u00e8le Relax avec housse de transport.<\/p>\n<h2><strong>Caract\u00e9ristiques techniques de la table de Reiki Relax :<\/strong><\/h2>\n<p>La table de Reiki mod\u00e8le Relax est un \u00e9quipement haut de gamme qui offre comme les autres tables Swissmassage, le meilleur rapport qualit\u00e9 prix.<br \/>\nSon look sobre et pratique, conjugue \u00e9l\u00e9gance maniabilit\u00e9 et portabilit\u00e9. Sa mousse de 8cm extra-confort, donne un bien-\u00eatre maximum induisant le patient \u00e0 l\u00e2cher prise.<br \/>\nSon rev\u00eatement en Polyur\u00e9thane blanc, caract\u00e9rise souplesse et fermet\u00e9. il contribue \u00e0 la sensation de confort en restituant pleinement les propri\u00e9t\u00e9s de la mousse.<br \/>\nSes dimensions 185cm\/72cm ont \u00e9t\u00e9 calcul\u00e9es pour r\u00e9pondre aux exigences des Ma\u00eetres Reiki et \u00e0 l\u2019\u00e9volution physique des patients.<br \/>\nElle est Facile \u00e0 manipuler, s\u2019ouvre ou se referme en 10 secondes sans effort, gr\u00e2ce \u00e0 ses poign\u00e9es souples en utilisant la technique du bras de levier.<br \/>\nSa t\u00eati\u00e8re inclinable est compos\u00e9e d&rsquo;un coussin facial ergonomique et d&rsquo;un repose bras, qui att\u00e9nuent la pression sur le visage lorsque le patient est en position ventrale.<br \/>\nelle peut aussi \u00eatre utilis\u00e9e comme appuis t\u00eate et comme rallonge de 25cm afin de recevoir des patients de grande taille.<br \/>\nElle se r\u00e9duit directement \u00e0 l\u2019int\u00e9rieur de la table de massage.<br \/>\nLe mod\u00e8le Reiki Relax se range ais\u00e9ment dans sa housse de transport \u00e9quip\u00e9e de poign\u00e9es et d\u2019une sangle ajustable \u00e0 l\u2019\u00e9paule, qui facilitent le transport.<br \/>\nLe choix du bois de h\u00eatre noble s\u2019impose pour des raisons \u00e9videntes au niveau des \u00e9nergies.<br \/>\nLa structure le cadre et les pieds de la table de massage, ses fibres dures et compactes augmentent la rigidit\u00e9 sans alourdir le poids de 15kg.<br \/>\nLe cadre en bois permet de supporter un poids 200kg.<br \/>\nLes pieds r\u00e8glent la hauteur de la table de Reiki de 65cm \u00e0 86cm, ils se terminent par des dessous de pieds en gomme de type vibrame, qui adoucissent le contact au sol.<br \/>\nLa table de Reiki Relax, r\u00e9sulte du d\u00e9veloppement et de l\u2019exp\u00e9rience acquise depuis la cr\u00e9ation de la soci\u00e9t\u00e9 Swissmassage en 2005, elle fait partie des \u00e9quipements qui contribuent \u00e0 notre excellente r\u00e9putation.<br \/>\nElle se distingue par ses dimensions 72cm de large, 185cm de long + 25cm pour la t\u00eati\u00e8re orientable. Elle dispose de panneaux de renfort en bois aux dimensions compatibles \u00e0 la pratique du Reiki aussi en position assise.<br \/>\nLes mat\u00e9riaux utilis\u00e9s pour sa fabrication et son design correspondent aux standards haut de gamme des tables de Reiki pliables.<br \/>\nSwissmassage est une marque d\u00e9pos\u00e9e, cela vous offre la garantie de s\u00e9rieux et de suivi tout au long de votre activit\u00e9.<br \/>\nNotre atelier dispose des pi\u00e8ces de rechange. En cas d\u2019entretien ou de r\u00e9paration, nous vous mettons \u00e0 disposition une autre table de Reiki.<\/p>\n<h2>R\u00e9sum\u00e9 technique de la table de Reiki mod\u00e8le Relax<\/h2>\n<p>Rev\u00eatement en Polyur\u00e9thane blanc extr\u00eamement souple et solide.<br \/>\nMousse garantie haute densit\u00e9 de 8cm d&rsquo;\u00e9paisseur.<br \/>\nStructure en bois de h\u00eatre noble l\u00e9ger et solide.<br \/>\nDimensions id\u00e9ales 185cm de long par 72cm de large.<br \/>\nHauteur de la table de massage r\u00e9glable de 65cm \u00e0 85cm.<br \/>\nPoids de la table de massage Relax 15kg<br \/>\n2 Panneaux Reiki pour le confort du th\u00e9rapeute.<br \/>\nTr\u00e8s solide aussi pour des patients corpulents, elle supporte 200kg en actif.<br \/>\nFacile \u00e0 manipuler, ouverture et fermeture en 10 secondes.<br \/>\nPoign\u00e9es de transport en mode valise.<br \/>\nHousse de transport incluse.<br \/>\nT\u00eati\u00e8re inclinable sur 2 axes, utilisable des deux c\u00f4t\u00e9s de la table de massage.<br \/>\nCoussin facial tr\u00e8s doux mont\u00e9 sur velcro pour un r\u00e9glage pr\u00e9cis.<br \/>\nRepose bras sous la t\u00eati\u00e8re, att\u00e9nue la pression sur le visage.<br \/>\nRangement des accessoires \u00e0 l&rsquo;int\u00e9rieur de la table de massage.<br \/>\nPieds type gomme vibrame, garantie de stabilit\u00e9.<br \/>\nLivrable dans toute la Suisse, ou \u00e0 tester \u00e0 notre Showroom sur RDV.<\/p>\n","protected":false},"excerpt":{"rendered":"<p>Table de Reiki portable l\u00e9g\u00e8re mod\u00e8le Relax couleur blanche. Confort largeur 72cm mousse 8cm et 2 ANS de garantie. Table de Reiki mod\u00e8le Relax avec housse de transport. Caract\u00e9ristiques techniques de la table de Reiki Relax : La table de Reiki mod\u00e8le Relax est un \u00e9quipement haut de gamme qui offre comme les autres tables&hellip;<\/p>\n","protected":false},"featured_media":2726,"template":"","meta":{"_seopress_robots_primary_cat":"288","_seopress_titles_title":"","_seopress_titles_desc":"La table de Reiki mod\u00e8le Relax est un \u00e9quipement haut de gamme qui offre comme les autres tables Swissmassage, le meilleur rapport qualit\u00e9 prix.","_seopress_robots_index":""},"pwb-brand":[],"product_brand":[],"product_cat":[288],"product_tag":[1174,1175],"product_folder":[993],"class_list":{"0":"post-3105","1":"product","2":"type-product","3":"status-publish","4":"has-post-thumbnail","6":"product_cat-table-de-reiki","7":"product_tag-reiki","8":"product_tag-table-de-reiki","9":"product_shipping_class-swisspost-encombrant","11":"first","12":"instock","13":"sale","14":"taxable","15":"shipping-taxable","16":"purchasable","17":"product-type-simple"},"exclude_global_add_ons":false,"addons":[{"name":"Inclus","type":"checkbox","position":0,"required":false,"title_format":"label","description_enable":false,"description":"","placeholder_enable":false,"placeholder":"","display":"select","restrictions_type":"any_text","adjust_price":false,"price":"","price_type":"flat_fee","restrictions":false,"min":0,"max":0,"options":[{"label":"Housse de transport offerte","price":"","price_type":"flat_fee","image":0}],"id":1704378743}],"brands":[],"_links":{"self":[{"href":"https:\/\/swissmassage.ch\/fr\/wp-json\/wp\/v2\/product\/3105","targetHints":{"allow":["GET"]}}],"collection":[{"href":"https:\/\/swissmassage.ch\/fr\/wp-json\/wp\/v2\/product"}],"about":[{"href":"https:\/\/swissmassage.ch\/fr\/wp-json\/wp\/v2\/types\/product"}],"wp:featuredmedia":[{"embeddable":true,"href":"https:\/\/swissmassage.ch\/fr\/wp-json\/wp\/v2\/media\/2726"}],"wp:attachment":[{"href":"https:\/\/swissmassage.ch\/fr\/wp-json\/wp\/v2\/media?parent=3105"}],"wp:term":[{"taxonomy":"pwb-brand","embeddable":true,"href":"https:\/\/swissmassage.ch\/fr\/wp-json\/wp\/v2\/pwb-brand?post=3105"},{"taxonomy":"product_brand","embeddable":true,"href":"https:\/\/swissmassage.ch\/fr\/wp-json\/wp\/v2\/product_brand?post=3105"},{"taxonomy":"product_cat","embeddable":true,"href":"https:\/\/swissmassage.ch\/fr\/wp-json\/wp\/v2\/product_cat?post=3105"},{"taxonomy":"product_tag","embeddable":true,"href":"https:\/\/swissmassage.ch\/fr\/wp-json\/wp\/v2\/product_tag?post=3105"},{"taxonomy":"product_folder","embeddable":true,"href":"https:\/\/swissmassage.ch\/fr\/wp-json\/wp\/v2\/product_folder?post=3105"}],"curies":[{"name":"wp","href":"https:\/\/api.w.org\/{rel}","templated":true}]}}