{"id":3107,"date":"2023-05-24T14:48:21","date_gmt":"2023-05-24T14:48:21","guid":{"rendered":"https:\/\/suissemassage.digichablais.ch\/?product=modele-charme-table-de-reiki-portative-swissmassage"},"modified":"2026-03-04T14:37:18","modified_gmt":"2026-03-04T13:37:18","slug":"table-de-reiki-portative-modele-charme","status":"publish","type":"product","link":"https:\/\/swissmassage.ch\/fr\/produits\/table-de-reiki-portative-modele-charme\/","title":{"rendered":"Table de Reiki portative Mod\u00e8le Charme"},"content":{"rendered":"<h2><strong>Table de Reiki portative la plus g\u00e9niale mod\u00e8le Charme couleur blanche<\/strong><\/h2>\n<p>La table de Reiki mod\u00e8le Charme est une table de soins haut de gamme au design ergonomique, d\u00e9velopp\u00e9e pour joindre le confort du patient au confort du th\u00e9rapeute, elle conjugue \u00e9l\u00e9gance, ergonomie et portabilit\u00e9.<br \/>\nSa mousse de 8cm extra-confort, donne un bien-\u00eatre maximum.<br \/>\nAvec son rev\u00eatement en Polyur\u00e9thane blanc qui caract\u00e9rise souplesse et fermet\u00e9 il contribue \u00e0 la sensation de confort en restituant pleinement les propri\u00e9t\u00e9s de la mousse.<br \/>\nLe tout induit le patient \u00e0 l\u00e2cher prise et facilite les traitements Reiki.<br \/>\nSes dimensions 195 par 74cm aux \u00e9paules et 68cm au bassin, ont \u00e9t\u00e9 calcul\u00e9es afin d\u2019accueillir les patients de toutes corpulences, et permettent au praticien de se tenir plus proche.<br \/>\nElle est facile \u00e0 manipuler, s\u2019ouvre ou se referme en 10 secondes sans effort.<br \/>\nLa t\u00eati\u00e8re se compose du coussin facial ergonomique et de son repose bras, tous deux donnent un excellent confort au visage lors de traitements du patient en position ventrale.<br \/>\nElle est inclinable et peut aussi \u00eatre utilis\u00e9e comme appuis t\u00eate ou comme rallonge de 25cm ce qui donne \u00e0 la table une longueur totale de 220cm afin de recevoir aussi des patients de tr\u00e8s grande taille.<br \/>\nLe choix du bois de h\u00eatre noble s\u2019impose pour des raisons \u00e9videntes \u00e0 la pratique du Reiki.<br \/>\nLes fibres dures et compactes du bois de h\u00eatre augmentent la rigidit\u00e9 sans alourdir le poids total de la table qui est de 15kg, lui permettant de supporter le poids de personnes jusqu\u2019\u00e0 200kg.<br \/>\nLa hauteur se r\u00e8gle facilement de 65cm \u00e0 86cm. Les pieds se terminent par des protections en gomme qui adoucissent le contact au sol.<br \/>\nLa table de Reiki Charme, r\u00e9sulte du d\u00e9veloppement et de l\u2019exp\u00e9rience acquise depuis la cr\u00e9ation de la soci\u00e9t\u00e9 Swissmassage gr\u00e2ce \u00e0 l\u2019\u00e9coute et le dialogue avec les th\u00e9rapeutes et ma\u00eetre Reiki. Elle est une de nos tables les plus demand\u00e9e et fait partie des \u00e9quipements qui contribuent \u00e0 notre excellente r\u00e9putation.<br \/>\nElle se distingue par ses formes qui rappellent celles du corps humain. Elle dispose de panneaux de renfort en bois compatibles \u00e0 la pratique du Reiki en position assise.<br \/>\nLes mat\u00e9riaux utilis\u00e9s pour sa fabrication et son design correspondent au haut de gamme des tables de Reiki.<br \/>\nSwissmassage est une marque d\u00e9pos\u00e9e, cela vous offre la garantie de s\u00e9rieux et de suivi tout au long de votre activit\u00e9.<br \/>\nNotre atelier dispose des pi\u00e8ces de rechange. En cas d\u2019entretien ou de r\u00e9paration, nous vous mettons \u00e0 disposition une autre table de Reiki.<\/p>\n<h2><strong>R\u00e9sum\u00e9 technique de la table de Reiki Charme :<\/strong><\/h2>\n<p>Livrable dans toute la Suisse, ou \u00e0 tester \u00e0 notre Showroom sur RDV.<br \/>\nRev\u00eatement en Polyur\u00e9thane blanc extr\u00eamement souple et solide.<br \/>\nMousse garantie haute densit\u00e9 de 8cm d&rsquo;\u00e9paisseur.<br \/>\nStructure en bois de h\u00eatre noble l\u00e9ger et solide.<br \/>\nSon design en forme de cacahou\u00e8te am\u00e8ne un confort maximum pour le th\u00e9rapeute et le patient.<br \/>\nDimensions id\u00e9ales 195cm de long par 68cm de large au centre 74cm aux \u00e9paules et aux jambes.<br \/>\nHauteur de la table de massage r\u00e9glable de 65cm \u00e0 85cm.<br \/>\nPoids de ta table de masage Charme 15kg.<br \/>\nTrou facial confortable avec bouchon amovible.<br \/>\n2 Panneaux Reiki pour le confort du th\u00e9rapeute.<br \/>\nTr\u00e8s solide aussi pour des patients corpulents, elle supporte 200kg en actif.<br \/>\nFacile \u00e0 manipuler, ouverture et fermeture en 10 secondes.<br \/>\nPoign\u00e9es de transport en mode valise.<br \/>\nT\u00eati\u00e8re inclinable sur 2 axes, utilisable des deux c\u00f4t\u00e9s de la table de massage.<br \/>\nCoussin facial tr\u00e8s doux mont\u00e9 sur velcro pour un r\u00e9glage pr\u00e9cis.<br \/>\nRepose bras sous la t\u00eati\u00e8re, att\u00e9nue la pression sur le visage.<br \/>\nRangement des accessoires \u00e0 l&rsquo;int\u00e9rieur de la table de massage.<br \/>\nPieds type gomme vibrame, garantie de stabilit\u00e9.<\/p>\n","protected":false},"excerpt":{"rendered":"<p>Table de Reiki portative la plus g\u00e9niale mod\u00e8le Charme couleur blanche La table de Reiki mod\u00e8le Charme est une table de soins haut de gamme au design ergonomique, d\u00e9velopp\u00e9e pour joindre le confort du patient au confort du th\u00e9rapeute, elle conjugue \u00e9l\u00e9gance, ergonomie et portabilit\u00e9. Sa mousse de 8cm extra-confort, donne un bien-\u00eatre maximum. Avec&hellip;<\/p>\n","protected":false},"featured_media":2691,"template":"","meta":{"_seopress_robots_primary_cat":"288","_seopress_titles_title":"","_seopress_titles_desc":"La table de Reiki mod\u00e8le Charme est une table de soins haut de gamme au design ergonomique, d\u00e9velopp\u00e9e pour joindre le confort du patient au confort du th\u00e9rapeute.","_seopress_robots_index":""},"pwb-brand":[],"product_brand":[],"product_cat":[288],"product_tag":[1174,1175],"product_folder":[993],"class_list":{"0":"post-3107","1":"product","2":"type-product","3":"status-publish","4":"has-post-thumbnail","6":"product_cat-table-de-reiki","7":"product_tag-reiki","8":"product_tag-table-de-reiki","9":"product_shipping_class-swisspost-encombrant","11":"first","12":"instock","13":"sale","14":"taxable","15":"shipping-taxable","16":"purchasable","17":"product-type-simple"},"exclude_global_add_ons":false,"addons":[{"name":"Option housse de transport","type":"multiple_choice","position":0,"required":false,"title_format":"label","description_enable":false,"description":"","placeholder_enable":false,"placeholder":"","display":"images","restrictions_type":"any_text","adjust_price":false,"price":"","price_type":"flat_fee","restrictions":false,"min":0,"max":0,"options":[{"label":"Avec housse de transport","price":"60","price_type":"flat_fee","image":2621}],"id":1704378723},{"name":"Option d\u00e9rouleur de papier de protection","type":"multiple_choice","position":1,"required":false,"title_format":"label","description_enable":false,"description":"","placeholder_enable":false,"placeholder":"","display":"images","restrictions_type":"any_text","adjust_price":false,"price":"","price_type":"flat_fee","restrictions":false,"min":0,"max":0,"options":[{"label":"Avec d\u00e9rouleur de papier de protection","price":"50","price_type":"flat_fee","image":2573}],"id":1704378724}],"brands":[],"_links":{"self":[{"href":"https:\/\/swissmassage.ch\/fr\/wp-json\/wp\/v2\/product\/3107","targetHints":{"allow":["GET"]}}],"collection":[{"href":"https:\/\/swissmassage.ch\/fr\/wp-json\/wp\/v2\/product"}],"about":[{"href":"https:\/\/swissmassage.ch\/fr\/wp-json\/wp\/v2\/types\/product"}],"wp:featuredmedia":[{"embeddable":true,"href":"https:\/\/swissmassage.ch\/fr\/wp-json\/wp\/v2\/media\/2691"}],"wp:attachment":[{"href":"https:\/\/swissmassage.ch\/fr\/wp-json\/wp\/v2\/media?parent=3107"}],"wp:term":[{"taxonomy":"pwb-brand","embeddable":true,"href":"https:\/\/swissmassage.ch\/fr\/wp-json\/wp\/v2\/pwb-brand?post=3107"},{"taxonomy":"product_brand","embeddable":true,"href":"https:\/\/swissmassage.ch\/fr\/wp-json\/wp\/v2\/product_brand?post=3107"},{"taxonomy":"product_cat","embeddable":true,"href":"https:\/\/swissmassage.ch\/fr\/wp-json\/wp\/v2\/product_cat?post=3107"},{"taxonomy":"product_tag","embeddable":true,"href":"https:\/\/swissmassage.ch\/fr\/wp-json\/wp\/v2\/product_tag?post=3107"},{"taxonomy":"product_folder","embeddable":true,"href":"https:\/\/swissmassage.ch\/fr\/wp-json\/wp\/v2\/product_folder?post=3107"}],"curies":[{"name":"wp","href":"https:\/\/api.w.org\/{rel}","templated":true}]}}