{"id":3113,"date":"2023-05-24T14:48:29","date_gmt":"2023-05-24T14:48:29","guid":{"rendered":"https:\/\/suissemassage.digichablais.ch\/?product=modele-body-table-de-reiki-pliable-swissmassage"},"modified":"2025-11-18T11:40:10","modified_gmt":"2025-11-18T10:40:10","slug":"table-de-reiki-modele-body","status":"publish","type":"product","link":"https:\/\/swissmassage.ch\/fr\/produits\/table-de-reiki-modele-body\/","title":{"rendered":"Table de Reiki pliable Mod\u00e8le Body"},"content":{"rendered":"<h2><strong>Table de Reiki Pliable Body couleur blanche.<\/strong><\/h2>\n<p>Table de Reiki Ergo Design.<br \/>\nLargeur au centre 68cm \u00e9paules 74cm Mousse 8cm.<br \/>\nTable de massage ergonomique avec dossier relevable.<\/p>\n<h2><strong>Description de la table de Reiki Ergo desing Body<\/strong><\/h2>\n<p>La table de Reiki mod\u00e8le Body est une table de soins haut de gamme \u00e9l\u00e9gante et confortable au design ergonomique.<br \/>\nElle est \u00e9quip\u00e9e de mousse de 8cm qui donne un confort maximum.<br \/>\nSon rev\u00eatement en Polyur\u00e9thane blanc caract\u00e9rise souplesse et fermet\u00e9. Il contribue \u00e0 la sensation de bien-\u00eatre en restituant pleinement les propri\u00e9t\u00e9s de la mousse.<br \/>\nLe tout induit le patient \u00e0 se rel\u00e2cher et facilite la pratique du Reiki.<br \/>\nSes dimensions 195cm\/74cm aux \u00e9paules et 68 au bassin, permettent d\u2019accueillir les patients de toutes corpulences.<br \/>\nElle se manipule facilement, s\u2019ouvre ou se referme en 10 secondes sans effort.<br \/>\nLa t\u00eati\u00e8re se compose du coussin facial ergonomique et de son repose bras.<br \/>\nElle est inclinable et peut aussi \u00eatre utilis\u00e9e comme appuis t\u00eate ou comme rallonge de 25cm pour une longueur totale de 220cm.<br \/>\nLe dossier relevable se r\u00e8gle sur 10 positions de la plus basse pour le traitement des jambes car cela facilite le retour veineux, \u00e0 la position la plus haute, assise pour la pratique de l\u2019hypnose. Il est \u00e9quip\u00e9 d\u2019un trou facial ce qui augmente sa polyvalence pour la pratique de traitements de toutes sortes.<br \/>\nLe choix du bois de h\u00eatre s\u2019impose \u00e0 la pratique du Reiki.<br \/>\nLes fibres dures et compactes du bois augmentent la rigidit\u00e9 sans alourdir le poids total de la table qui est de 19kg, il permet de supporter jusqu\u2019\u00e0 200kg.<br \/>\nLa hauteur se r\u00e8gle facilement de 65cm \u00e0 85cm. Les pieds se terminent par des protections en gomme pour adoucir le contact au sol.<br \/>\nLa table de Reiki Body, a \u00e9t\u00e9 d\u00e9velopp\u00e9e gr\u00e2ce \u00e0 l\u2019\u00e9coute et le dialogue avec les th\u00e9rapeutes et ma\u00eetres Reiki.<br \/>\nElle se distingue par ses formes qui rappellent celles du corps humain. Elle dispose de panneaux en bois compatibles \u00e0 la pratique du Reiki.<br \/>\nLes mat\u00e9riaux utilis\u00e9s pour sa fabrication et son design correspondent au haut de gamme des tables de Reiki.<br \/>\nSwissmassage est une marque d\u00e9pos\u00e9e, cela vous offre la garantie de s\u00e9rieux et de suivi tout au long de votre activit\u00e9.<br \/>\nNotre atelier dispose des pi\u00e8ces de rechange. En cas d\u2019entretien ou de r\u00e9paration, nous vous mettons \u00e0 disposition une autre table de Reiki.<\/p>\n<h2>R\u00e9sum\u00e9 technique de la table de Reiki mod\u00e8le Body:<\/h2>\n<p>Livrable dans toute la Suisse, ou \u00e0 tester \u00e0 notre Showroom sur RDV.<br \/>\nRev\u00eatement en Polyur\u00e9thane blanc extr\u00eamement souple et solide.<br \/>\nMousse garantie haute densit\u00e9 de 8cm d&rsquo;\u00e9paisseur.<br \/>\nStructure en bois de h\u00eatre noble, l\u00e9ger et solide.<br \/>\nDimensions id\u00e9ales longueur 195cm largeur 68cm centre 74cm au \u00e9paules.<br \/>\nHauteur de la table de massage r\u00e9glable de 65cm \u00e0 85cm.<br \/>\nPoids de la table de massage Body 19.5kg<br \/>\nDossier relevable et r\u00e9glable en 10 positions.<br \/>\nTrou facial confortable avec bouchon amovible.<br \/>\n2 Panneaux Reiki pour le confort du th\u00e9rapeute.<br \/>\nTr\u00e8s solide aussi pour des patients corpulents, elle supporte 200kg en actif.<br \/>\nFacile \u00e0 manipuler, ouverture et fermeture en 10 secondes.<br \/>\nPoign\u00e9es de transport en mode valise.<br \/>\nT\u00eati\u00e8re inclinable sur 2 axes, utilisable des deux c\u00f4t\u00e9s de la table de massage.<br \/>\nCoussin facial tr\u00e8s doux mont\u00e9 sur velcro pour un r\u00e9glage pr\u00e9cis.<br \/>\nRepose bras sous la t\u00eati\u00e8re, att\u00e9nue la pression sur le visage.<br \/>\nRangement des accessoires \u00e0 l&rsquo;int\u00e9rieur de la table de massage.<br \/>\nPieds type gomme vibrame, garantie de stabilit\u00e9.<\/p>\n","protected":false},"excerpt":{"rendered":"<p>Table de Reiki Pliable Body couleur blanche. Table de Reiki Ergo Design. Largeur au centre 68cm \u00e9paules 74cm Mousse 8cm. Table de massage ergonomique avec dossier relevable. Description de la table de Reiki Ergo desing Body La table de Reiki mod\u00e8le Body est une table de soins haut de gamme \u00e9l\u00e9gante et confortable au design&hellip;<\/p>\n","protected":false},"featured_media":8679,"template":"","meta":{"_seopress_robots_primary_cat":"288","_seopress_titles_title":"","_seopress_titles_desc":"La table de Reiki mod\u00e8le Body est une table de soins haut de gamme \u00e9l\u00e9gante et confortable au design ergonomique. Elle est \u00e9quip\u00e9e de mousse de 8cm qui donne un confort maximum.","_seopress_robots_index":""},"pwb-brand":[],"product_brand":[],"product_cat":[288],"product_tag":[1174,1175],"product_folder":[993],"class_list":{"0":"post-3113","1":"product","2":"type-product","3":"status-publish","4":"has-post-thumbnail","6":"product_cat-table-de-reiki","7":"product_tag-reiki","8":"product_tag-table-de-reiki","9":"product_shipping_class-swisspost-encombrant","11":"first","12":"instock","13":"sale","14":"taxable","15":"shipping-taxable","16":"purchasable","17":"product-type-simple"},"exclude_global_add_ons":false,"addons":[{"name":"Option d\u00e9rouleur de papier de protection","type":"multiple_choice","position":0,"required":false,"title_format":"label","description_enable":false,"description":"","placeholder_enable":false,"placeholder":"","display":"images","restrictions_type":"any_text","adjust_price":false,"price":"","price_type":"flat_fee","restrictions":false,"min":0,"max":0,"options":[{"label":"Avec d\u00e9rouleur de papier de protection","price":"50","price_type":"flat_fee","image":2573}],"id":1704378479},{"name":"Option housse de transport","type":"multiple_choice","position":1,"required":false,"title_format":"label","description_enable":false,"description":"","placeholder_enable":false,"placeholder":"","display":"images","restrictions_type":"any_text","adjust_price":false,"price":"","price_type":"flat_fee","restrictions":false,"min":0,"max":0,"options":[{"label":"Avec housse de transport","price":"60","price_type":"flat_fee","image":2621}],"id":1704378480}],"brands":[],"_links":{"self":[{"href":"https:\/\/swissmassage.ch\/fr\/wp-json\/wp\/v2\/product\/3113","targetHints":{"allow":["GET"]}}],"collection":[{"href":"https:\/\/swissmassage.ch\/fr\/wp-json\/wp\/v2\/product"}],"about":[{"href":"https:\/\/swissmassage.ch\/fr\/wp-json\/wp\/v2\/types\/product"}],"wp:featuredmedia":[{"embeddable":true,"href":"https:\/\/swissmassage.ch\/fr\/wp-json\/wp\/v2\/media\/8679"}],"wp:attachment":[{"href":"https:\/\/swissmassage.ch\/fr\/wp-json\/wp\/v2\/media?parent=3113"}],"wp:term":[{"taxonomy":"pwb-brand","embeddable":true,"href":"https:\/\/swissmassage.ch\/fr\/wp-json\/wp\/v2\/pwb-brand?post=3113"},{"taxonomy":"product_brand","embeddable":true,"href":"https:\/\/swissmassage.ch\/fr\/wp-json\/wp\/v2\/product_brand?post=3113"},{"taxonomy":"product_cat","embeddable":true,"href":"https:\/\/swissmassage.ch\/fr\/wp-json\/wp\/v2\/product_cat?post=3113"},{"taxonomy":"product_tag","embeddable":true,"href":"https:\/\/swissmassage.ch\/fr\/wp-json\/wp\/v2\/product_tag?post=3113"},{"taxonomy":"product_folder","embeddable":true,"href":"https:\/\/swissmassage.ch\/fr\/wp-json\/wp\/v2\/product_folder?post=3113"}],"curies":[{"name":"wp","href":"https:\/\/api.w.org\/{rel}","templated":true}]}}