{"id":3131,"date":"2023-05-24T14:48:48","date_gmt":"2023-05-24T14:48:48","guid":{"rendered":"https:\/\/suissemassage.digichablais.ch\/?product=modele-scooter-electrique-speedy-senior-swissmassage"},"modified":"2026-04-01T13:56:30","modified_gmt":"2026-04-01T11:56:30","slug":"modele-scooter-electrique-speedy-senior-swissmassage","status":"publish","type":"product","link":"https:\/\/swissmassage.ch\/fr\/produits\/modele-scooter-electrique-speedy-senior-swissmassage\/","title":{"rendered":"Scooter \u00e9lectrique Senior Mod\u00e8le Speedy en liquidation"},"content":{"rendered":"<h2><strong>scooter \u00e9lectrique Senior mod\u00e8le en liquidation avec 6 mois de garantie.<\/strong><\/h2>\n<p>Le scooter \u00e9lectrique pour senior mod\u00e8le Speedy vous emm\u00e8ne plus vite l\u00e0 o\u00f9 vous ne pouvez plus aller depuis un certain temps.<br \/>\nDepuis que vous n&rsquo;avez plus la capacit\u00e9 de mouvement et moins d&rsquo;autonomie, due \u00e0 votre \u00e2ge ou suite \u00e0 un accident ou une maladie.<br \/>\nGr\u00e2ce au scooter \u00e9lectrique Speedy, vous retrouverez la libert\u00e9 de choisir le moment de la journ\u00e9e qui vous conviendra le mieux pour effectuer vos courses ou faire une balade sans attendre les personnes proches aidantes qui malgr\u00e9 leurs grandes volont\u00e9s et l&rsquo;amours qu&rsquo;elles vous portent sont disponibles plus fr\u00e9quemment \u00e0 des heures tardives apr\u00e8s leur travail.<br \/>\nVous pourrez retrouver votre mobilit\u00e9, votre ind\u00e9pendance, la richesse des rencontres dans les commerces, y faire vos achats dans le panier pr\u00e9vu \u00e0 cet effet d\u00e9tachable du guidon et portable \u00e0 la main, vous promener dans les rues de votre ville, village ou quartier, vous pourrez aller \u00e0 la poste ou \u00e0 la banque tranquillement et discr\u00e8tement sans devoir vous justifier \u00e0 votre entourage.<br \/>\nVous retrouverez vos amis au march\u00e9 ou au bistrot pour les Valaisans \ud83d\ude42<br \/>\nVous irez voir ou accompagner vos petits-enfants \u00e0 l&rsquo;\u00e9cole.<br \/>\nLes centres urbains \u00e9tant de mieux en mieux \u00e9quip\u00e9s et compatibles avec les aides \u00e0 la mobilit\u00e9, vous pourrez atteindre les administrations, les parcs naturels, les mus\u00e9es, les centres culturelles.<br \/>\nLe scooter senior Speedy est utilisable sur les trottoirs, il se comporte comme un pi\u00e9ton dans le trafic urbain avec ses priorit\u00e9s et ses obligations, la libert\u00e9 de mouvement sera retrouv\u00e9e sans subir les inconv\u00e9nients qu&rsquo;occasionnent les v\u00e9hicules \u00e0 moteurs, parcage, bouchons, stress, permis de conduire.<br \/>\nDot\u00e9 d&rsquo;un moteur d&rsquo;une puissance de 500W, il roule \u00e0 la vitesse r\u00e9glable de 1 \u00e0 15km\/h, il permet d&rsquo;\u00eatre accompagn\u00e9 par une personne valide tout en ayant une r\u00e9serve importante de vitesse lors de d\u00e9placements en solitaire.<br \/>\nIl peut gravir des pentes allant jusqu&rsquo;\u00e0 15\u00b0.<br \/>\nLe scooter \u00e9lectrique Senior Speedy peut parcourir 55 \u00e0 60km en pleine charge, offrant une autonomie d&rsquo;action de plusieurs heures, de belles balades en vue, et les d\u00e9placements en zones rurales ou de villages en villages.<br \/>\nSa marche arri\u00e8re est bien pratique lors de man\u0153uvre ou de parcage.<br \/>\nIl est \u00e9quip\u00e9 d&rsquo;un frein moteur autobloquant qui s&rsquo;active d\u00e8s que l&rsquo;on rel\u00e2che l&rsquo;acc\u00e9l\u00e9rateur.<br \/>\nIl supporte le poids d&rsquo;une personne allant jusqu&rsquo;\u00e0 150kg, ses roues ont un diam\u00e8tre de 33cm lui donnant une garde au sol de 14cm.<br \/>\nSes amortisseurs de roues donnent un tr\u00e8s bon confort en att\u00e9nuant les asp\u00e9rit\u00e9s de la route.<br \/>\nLe scooter \u00e9lectrique 4 roues Senior Speedy peut \u00eatre commut\u00e9 en roues libres afin de le d\u00e9placer facilement \u00e0 la maison ou dans le garage.<br \/>\nIl poss\u00e8de un phare avant \u00e0 led et lumi\u00e8re froide et des catadioptres arri\u00e8res, des signofiles et sa clef de contact.<br \/>\nLe scooter \u00e9lectrique Speedy Senior \u00e9tant tr\u00e8s silencieux, il est \u00e9quip\u00e9e\u00a0 d&rsquo;un avertisseur \u00ab\u00a0tut-tut\u00a0\u00bb ou \u00ab\u00a0bip-bip\u00a0\u00bb efficace pour signaler sa pr\u00e9sence sur les trottoirs.<br \/>\nIl se d\u00e9monte facilement lors de transport en voiture pour des d\u00e9placements et se remonte facilement en 1 minute au lieu de destination afin de pratiquer une activit\u00e9 en famille comme par exemple une balade au bord du lac, ou lors de vacances.<\/p>\n<p>Nous vous accueillons avec plaisir \u00e0 notre showroom de Aigle sur RDV afin de vous permettre de tester nos \u00e9quipements et de les acheter directement s\u2019ils vous conviennent, \u00e0 l\u2019emporter le jour m\u00eame ou avec notre webshop.<br \/>\n<strong>Copyright \u00a9 Swissmassage S\u00e0rl<\/strong><\/p>\n<h2><span style=\"font-size: 10pt;\">R\u00e9sum\u00e9 technique du scooter \u00e9lectrique Senior Speedy :<\/span><\/h2>\n<p><span style=\"font-size: 10pt;\"><span style=\"font-size: 10pt;\">Puissance moteur 24V 500W.<br \/>\nBatteries 4x 12V 45A.<br \/>\nTemps de charge maximum 8h-12h.<br \/>\nDistance parcourue par charge 55 \u00e0 60km.<br \/>\nVitesse r\u00e9glable maximum 15km\/h.<br \/>\nMarche arri\u00e8re avec vitesse r\u00e9glable.<br \/>\nFrein moteur autoblocant.<br \/>\nCharge maximum support\u00e9e 150kg.<br \/>\nDiametre des roues pleines 33cm.<br \/>\nRayon de bracage 200cm.<br \/>\nGarde au sol 14cm.<br \/>\nPente maximum 15\u00b0.<br \/>\nAmortisseur de si\u00e8ge.<br \/>\nCommutateur roues libres.<br \/>\nCouleur rouge.<br \/>\nLampe led avant.<br \/>\nCatadioptres arri\u00e8res.<br \/>\nPoids 100kg.<br \/>\nDimensions 150 x 66 x 97cm.<br \/>\nPanier de transport.<\/span><\/span><\/p>\n<p><span style=\"font-size: 10pt;\"><span style=\"font-size: 10pt;\">A <\/span><span style=\"font-size: 10pt;\">tester \u00e0 notre Showroom sur RDV t\u00e9l. 024 564 46 46<\/span><\/span><br \/>\n<span style=\"font-size: 10pt;\">1 an de garantie moteur.<\/span><\/p>\n","protected":false},"excerpt":{"rendered":"<p>Scooter \u00e9lectrique Speedy Senior.<br \/>\nScooter \u00e9lectrique pour mobilit\u00e9 r\u00e9duite Senior.<\/p>\n","protected":false},"featured_media":3132,"template":"","meta":{"_seopress_robots_primary_cat":"none","_seopress_titles_title":"","_seopress_titles_desc":"Le scooter \u00e9lectrique pour senior mod\u00e8le Speedy vous emm\u00e8ne plus vite l\u00e0 o\u00f9 vous ne pouvez plus aller depuis un certain temps.","_seopress_robots_index":""},"pwb-brand":[],"product_brand":[],"product_cat":[365,1080],"product_tag":[1127,1129,1128,1126],"product_folder":[1027],"class_list":{"0":"post-3131","1":"product","2":"type-product","3":"status-publish","4":"has-post-thumbnail","6":"product_cat-mobility-senior","7":"product_cat-tous-les-articles-seniors","8":"product_tag-mobilite","9":"product_tag-scooter","10":"product_tag-senior","11":"product_tag-voiturette","13":"first","14":"instock","15":"sale","16":"taxable","17":"shipping-taxable","18":"purchasable","19":"product-type-simple"},"exclude_global_add_ons":[],"addons":[],"brands":[],"_links":{"self":[{"href":"https:\/\/swissmassage.ch\/fr\/wp-json\/wp\/v2\/product\/3131","targetHints":{"allow":["GET"]}}],"collection":[{"href":"https:\/\/swissmassage.ch\/fr\/wp-json\/wp\/v2\/product"}],"about":[{"href":"https:\/\/swissmassage.ch\/fr\/wp-json\/wp\/v2\/types\/product"}],"wp:featuredmedia":[{"embeddable":true,"href":"https:\/\/swissmassage.ch\/fr\/wp-json\/wp\/v2\/media\/3132"}],"wp:attachment":[{"href":"https:\/\/swissmassage.ch\/fr\/wp-json\/wp\/v2\/media?parent=3131"}],"wp:term":[{"taxonomy":"pwb-brand","embeddable":true,"href":"https:\/\/swissmassage.ch\/fr\/wp-json\/wp\/v2\/pwb-brand?post=3131"},{"taxonomy":"product_brand","embeddable":true,"href":"https:\/\/swissmassage.ch\/fr\/wp-json\/wp\/v2\/product_brand?post=3131"},{"taxonomy":"product_cat","embeddable":true,"href":"https:\/\/swissmassage.ch\/fr\/wp-json\/wp\/v2\/product_cat?post=3131"},{"taxonomy":"product_tag","embeddable":true,"href":"https:\/\/swissmassage.ch\/fr\/wp-json\/wp\/v2\/product_tag?post=3131"},{"taxonomy":"product_folder","embeddable":true,"href":"https:\/\/swissmassage.ch\/fr\/wp-json\/wp\/v2\/product_folder?post=3131"}],"curies":[{"name":"wp","href":"https:\/\/api.w.org\/{rel}","templated":true}]}}