{"id":3133,"date":"2023-05-24T14:48:49","date_gmt":"2023-05-24T14:48:49","guid":{"rendered":"https:\/\/suissemassage.digichablais.ch\/?product=modele-voiturette-electrique-dual-senior-swissmassage"},"modified":"2026-04-01T14:01:56","modified_gmt":"2026-04-01T12:01:56","slug":"modele-voiturette-electrique-dual-senior-swissmassage","status":"publish","type":"product","link":"https:\/\/swissmassage.ch\/fr\/produits\/modele-voiturette-electrique-dual-senior-swissmassage\/","title":{"rendered":"Voiturette \u00e9lectrique Senior Mod\u00e8le Dual en liquidation"},"content":{"rendered":"<h2><strong>Description de la voiturette \u00e9lectrique Senior mod\u00e8le Dual en liquidation avec 6 mois de garantie<\/strong><\/h2>\n<p><span style=\"font-size: 10pt;\">La voiturette \u00e9lectrique pour senior mod\u00e8le Dual vous emm\u00e8ne en couple en balade romantique ou avec un de vos petits-enfants pour aller les chercher \u00e0 l&rsquo;\u00e9cole.<\/span><br \/>\n<span style=\"font-size: 10pt;\">Gr\u00e2ce \u00e0 la voiturette \u00e9lectrique Dual vous retrouverez la libert\u00e9 de choisir le moment de la journ\u00e9e qui vous conviendra le mieux pour effectuer vos courses sans attendre sur les personnes proches aidantes qui malgr\u00e9 leurs grandes volont\u00e9s et l&rsquo;amour qu&rsquo;elles vous portent sont disponibles plus fr\u00e9quemment \u00e0 des heures tardives apr\u00e8s leur travail.<\/span><br \/>\n<span style=\"font-size: 10pt;\">Vous pourrez ainsi retrouver votre mobilit\u00e9, votre ind\u00e9pendance, faire des rencontres dans les magasins sans \u00eatre press\u00e9s, y faire vos achats dans le panier pr\u00e9vu \u00e0 cet effet d\u00e9tachable du guidon et portable \u00e0 la main, ou vous promener dans les rues de votre ville, village ou quartier, et vous promenez sur les quais au bord du lac. Vous pourrez aller \u00e0 la poste ou \u00e0 la banque tranquillement et discr\u00e8tement sans devoir vous justifier \u00e0 votre entourage.<\/span><br \/>\n<span style=\"font-size: 10pt;\">Plus besoin des transports publiques car avec une autonomie de plus de 50km vous aurez le temps de de faire de long tours et de rentrer chez vous quand vous voulez sans attendre.<\/span><br \/>\n<span style=\"font-size: 10pt;\">Les centres urbains \u00e9tant de plus en plus \u00e9quip\u00e9s et compatibles avec les aides \u00e0 la mobilit\u00e9, vous pourrez atteindre les administrations, les parcs naturels, les mus\u00e9es, les centres culturelles.<\/span><br \/>\n<span style=\"font-size: 10pt;\">La voiturette \u00e9lectrique senior Dual est utilisable sur les trottoirs, elle se comporte comme un pi\u00e9ton dans le trafic urbain avec ses priorit\u00e9s et ses obligations, la libert\u00e9 de mouvement sera retrouv\u00e9e mais sans les inconv\u00e9nients qu&rsquo;occasionnent les v\u00e9hicules \u00e0 moteurs, parcage, bouchons, stress, permis.<\/span><br \/>\n<span style=\"font-size: 10pt;\">Dot\u00e9 d&rsquo;un moteur d&rsquo;une puissance de 500W, elle roule \u00e0 la vitesse r\u00e9glable de 1 \u00e0 15km\/h, elle permet d&rsquo;\u00eatre accompagn\u00e9 par une personne \u00e0 pieds tout en ayant une r\u00e9serve de vitesse.<\/span><br \/>\n<span style=\"font-size: 10pt;\">Elle peut gravir des pentes allant jusqu&rsquo;\u00e0 12\u00b0.<\/span><br \/>\n<span style=\"font-size: 10pt;\">La voiturette \u00e9lectrique senior Dual peut parcourir 55 \u00e0 60km avec une \u00a0pleine charge de batterie, offrant une autonomie d&rsquo;action de plusieurs heures, de belles balades en vue, et les d\u00e9placements dans des lieux devenus inaccessibles.<\/span><br \/>\n<span style=\"font-size: 10pt;\">Sa marche arri\u00e8re est bien pratique lors de man\u0153uvre ou de parcage.<\/span><br \/>\n<span style=\"font-size: 10pt;\">Elle est \u00e9quip\u00e9e d&rsquo;un frein moteur autobloquant qui s&rsquo;active d\u00e8s que l&rsquo;on rel\u00e2che l&rsquo;acc\u00e9l\u00e9rateur.<\/span><br \/>\n<span style=\"font-size: 10pt;\">Elle supporte le poids de deux personnes pour total jusqu&rsquo;\u00e0 200kg, ses roues ont un diam\u00e8tre de 33cm lui donnant une garde au sol de 14cm, elles sont \u00e9quip\u00e9es d&rsquo;amortisseurs qui donnent un tr\u00e8s bon confort en att\u00e9nuant \u00a0les asp\u00e9rit\u00e9s de la route.<\/span><br \/>\n<span style=\"font-size: 10pt;\">La voiturette \u00e9lectrique Senior Dual peut \u00eatre commut\u00e9e en roues libres afin de la d\u00e9placer facilement \u00e0 la maison ou dans le garage.<\/span><br \/>\n<span style=\"font-size: 10pt;\">Elle poss\u00e8de un phare avant \u00e0 led, des catadioptres arri\u00e8res, des signofiles et une clef de contact.<\/span><br \/>\n<span style=\"font-size: 10pt;\">Etant tr\u00e8s silencieuse, elle est \u00e9quip\u00e9e\u00a0 d&rsquo;un avertisseur \u00ab\u00a0tut-tut\u00a0\u00bb ou \u00ab\u00a0bip-bip\u00a0\u00bb qui ne ressemble en rien au klaxon d&rsquo;une voiture mais qui est efficace pour signaler sa pr\u00e9sence sur les trottoirs.<\/span><br \/>\n<span style=\"font-size: 10pt;\">Elle se d\u00e9monte facilement lors de transport en v\u00e9hicule et se remonte facilement en 1 minute au lieu de destination afin de pratiquer une activit\u00e9 en famille comme des balades au bord du lac, ou lors de vacances.<\/span><\/p>\n<p><span style=\"font-size: 10pt;\"><strong>Copyright \u00a9 Swissmassage S\u00e0rl<br \/>\n<\/strong><\/span><br \/>\n<span style=\"font-size: 10pt;\"><span style=\"font-size: 10pt;\">Puissance moteur 24V 500W.<br \/>\nBatteries 4x 12V 45A.<br \/>\nTemps de charge maximum 8h-12h.<br \/>\nDistance parcourue par charge 55 \u00e0 60km.<br \/>\nVitesse r\u00e9glable maximum 15km\/h.<br \/>\nMarche arri\u00e8re avec vitesse r\u00e9glable.<br \/>\nFrein moteur autoblocant.<br \/>\nCharge maximum support\u00e9e 200kg.<br \/>\nDiametre des roues pleines 33cm.<br \/>\nRayon de bracage 200cm.<br \/>\nGarde au sol 14cm.<br \/>\nPente maximum 12\u00b0.<br \/>\nAmortisseur de si\u00e8ge.<br \/>\nCommutateur roues libres.<br \/>\nCouleur rouger.<br \/>\nLampe led avant.<br \/>\nCatadioptres arri\u00e8res.<br \/>\nPoids 105kg.<br \/>\nDimensions 150 x 66 x 97cm.<br \/>\nPanier de transport.<\/span><\/span><\/p>\n<p><span style=\"font-size: 10pt;\"><span style=\"font-size: 10pt;\">A <\/span><span style=\"font-size: 10pt;\">tester \u00e0 notre Showroom sur RDV t\u00e9l. 024 564 46 46<\/span><\/span><br \/>\n<span style=\"font-size: 10pt;\">1 an de garantie moteur.<\/span><\/p>\n","protected":false},"excerpt":{"rendered":"<p>Voiturette \u00e9lectrique Dual Senior.<br \/>\nVoiturette \u00e9lectrique pour mobilit\u00e9 r\u00e9duite Senior 2 places.<\/p>\n","protected":false},"featured_media":3134,"template":"","meta":{"_seopress_robots_primary_cat":"none","_seopress_titles_title":"","_seopress_titles_desc":"La voiturette \u00e9lectrique pour senior mod\u00e8le Dual vous emm\u00e8ne en couple en balade romantique ou avec un de vos petits-enfants pour aller les chercher \u00e0 l'\u00e9cole.","_seopress_robots_index":""},"pwb-brand":[],"product_brand":[],"product_cat":[365,1080],"product_tag":[1127,1129,1128,1126],"product_folder":[1027],"class_list":{"0":"post-3133","1":"product","2":"type-product","3":"status-publish","4":"has-post-thumbnail","6":"product_cat-mobility-senior","7":"product_cat-tous-les-articles-seniors","8":"product_tag-mobilite","9":"product_tag-scooter","10":"product_tag-senior","11":"product_tag-voiturette","13":"first","14":"instock","15":"sale","16":"taxable","17":"shipping-taxable","18":"purchasable","19":"product-type-simple"},"exclude_global_add_ons":[],"addons":[],"brands":[],"_links":{"self":[{"href":"https:\/\/swissmassage.ch\/fr\/wp-json\/wp\/v2\/product\/3133","targetHints":{"allow":["GET"]}}],"collection":[{"href":"https:\/\/swissmassage.ch\/fr\/wp-json\/wp\/v2\/product"}],"about":[{"href":"https:\/\/swissmassage.ch\/fr\/wp-json\/wp\/v2\/types\/product"}],"wp:featuredmedia":[{"embeddable":true,"href":"https:\/\/swissmassage.ch\/fr\/wp-json\/wp\/v2\/media\/3134"}],"wp:attachment":[{"href":"https:\/\/swissmassage.ch\/fr\/wp-json\/wp\/v2\/media?parent=3133"}],"wp:term":[{"taxonomy":"pwb-brand","embeddable":true,"href":"https:\/\/swissmassage.ch\/fr\/wp-json\/wp\/v2\/pwb-brand?post=3133"},{"taxonomy":"product_brand","embeddable":true,"href":"https:\/\/swissmassage.ch\/fr\/wp-json\/wp\/v2\/product_brand?post=3133"},{"taxonomy":"product_cat","embeddable":true,"href":"https:\/\/swissmassage.ch\/fr\/wp-json\/wp\/v2\/product_cat?post=3133"},{"taxonomy":"product_tag","embeddable":true,"href":"https:\/\/swissmassage.ch\/fr\/wp-json\/wp\/v2\/product_tag?post=3133"},{"taxonomy":"product_folder","embeddable":true,"href":"https:\/\/swissmassage.ch\/fr\/wp-json\/wp\/v2\/product_folder?post=3133"}],"curies":[{"name":"wp","href":"https:\/\/api.w.org\/{rel}","templated":true}]}}