{"id":3135,"date":"2023-05-24T14:48:51","date_gmt":"2023-05-24T14:48:51","guid":{"rendered":"https:\/\/suissemassage.digichablais.ch\/?product=modele-voiturette-electrique-cross-senior-swissmassage"},"modified":"2025-09-23T11:46:39","modified_gmt":"2025-09-23T09:46:39","slug":"modele-voiturette-electrique-cross-senior-swissmassage","status":"publish","type":"product","link":"https:\/\/swissmassage.ch\/fr\/produits\/modele-voiturette-electrique-cross-senior-swissmassage\/","title":{"rendered":"Voiturette \u00e9lectrique Senior Mod\u00e8le Cross en liquidation"},"content":{"rendered":"<h2>Description de la voiturette \u00e9lectrique senior mod\u00e8le Cross en liquidation avec 3 mois de garantie et batteries neuves du jour:<\/h2>\n<p><span style=\"font-size: 10pt;\">La voiturette \u00e9lectrique pour senior mod\u00e8le Cross vous emm\u00e8ne l\u00e0 o\u00f9 vous ne pouvez plus aller depuis un certain temps. Depuis que vous n&rsquo;avez plus la capacit\u00e9 de mouvement et moins d&rsquo;autonomie, due \u00e0 votre \u00e2ge ou suite \u00e0 un accident ou une maladie.<br \/>\nGr\u00e2ce \u00e0 la voiturette \u00e9lectrique Cross, vous retrouverez la libert\u00e9 de choisir le moment de la journ\u00e9e qui vous conviendra le mieux pour effectuer vos courses ou faire une balade sans attendre sur les personnes proches aidantes qui malgr\u00e9 leurs grandes volont\u00e9s et l&rsquo; amours qu&rsquo;elles vous portent sont disponibles plus fr\u00e9quemment \u00e0 des heures tardives apr\u00e8s leur travail.<\/span><br \/>\n<span style=\"font-size: 10pt;\">Vous pourrez ainsi retrouver votre mobilit\u00e9, votre ind\u00e9pendance, la richesse des rencontres dans les magasins, y faire vos achats dans le panier pr\u00e9vu \u00e0 cet effet d\u00e9tachable du guidon et portable \u00e0 la main, ou vous promener dans les rues de votre ville, village ou quartier, vous pourrez aller \u00e0 la poste ou \u00e0 la banque tranquillement et discr\u00e8tement sans devoir vous justifier \u00e0 votre entourage.<\/span><br \/>\n<span style=\"font-size: 10pt;\">Vous retrouverez vos amis au march\u00e9 par exemple ou au bistrot pour les Valaisans \ud83d\ude42<\/span><br \/>\n<span style=\"font-size: 10pt;\">Vous irez voir ou accompagner vos petits-enfants \u00e0 l&rsquo;\u00e9cole.<\/span><br \/>\n<span style=\"font-size: 10pt;\">Les centres urbains \u00e9tant de plus en plus \u00e9quip\u00e9s et compatibles avec les aides \u00e0 la mobilit\u00e9, vous pourrez atteindre les administrations, les parcs naturels, les mus\u00e9es, les centres culturelles.<\/span><br \/>\n<span style=\"font-size: 10pt;\">La voiturette Cross senior est utilisable sur les trottoirs, elle se comporte comme un pi\u00e9ton dans le trafic urbain avec ses priorit\u00e9s et ses obligations, la libert\u00e9 de mouvement est retrouv\u00e9e mais sans les inconv\u00e9nients qu&rsquo;occasionnent les v\u00e9hicules \u00e0 moteurs, parcage, bouchons, stress, permis.<\/span><br \/>\n<span style=\"font-size: 10pt;\">Dot\u00e9e d&rsquo;un moteur d&rsquo;une puissance de 350W, elle roule \u00e0 la vitesse r\u00e9glable de 1 \u00e0 10km\/h, elle permet d&rsquo;\u00eatre accompagn\u00e9 par une personne valide tout en ayant une r\u00e9serve de vitesse lors de d\u00e9placements en solitaire.<\/span><br \/>\n<span style=\"font-size: 10pt;\">Elle peut gravir des pentes allant jusqu&rsquo;\u00e0 12\u00b0.<\/span><br \/>\n<span style=\"font-size: 10pt;\">La voiturette \u00e9lectrique Cross Senior peut parcourir 25 \u00e0 30km en pleine charge, offrant une autonomie d&rsquo;action de plusieurs heures, de belles balades en vue, et les d\u00e9placements en zones rurales.<\/span><br \/>\n<span style=\"font-size: 10pt;\">Sa marche arri\u00e8re est bien pratique lors de man\u0153uvre ou de parcage.<\/span><br \/>\n<span style=\"font-size: 10pt;\">Elle est \u00e9quip\u00e9e d&rsquo;un frein moteur autobloquant qui s&rsquo;active d\u00e8s que l&rsquo;on rel\u00e2che l&rsquo;acc\u00e9l\u00e9rateur.<\/span><br \/>\n<span style=\"font-size: 10pt;\">Elle supporte le poids d&rsquo;une personne allant jusqu&rsquo;\u00e0 120kg, ses roues pleines ont un diam\u00e8tre de 25cm lui donnant une garde au sol de 15cm.<\/span><br \/>\n<span style=\"font-size: 10pt;\">Son amortisseur de si\u00e8ge donne un tr\u00e8s bon confort en att\u00e9nuant \u00a0les asp\u00e9rit\u00e9s de la route.<\/span><br \/>\n<span style=\"font-size: 10pt;\">La voiturette \u00e9lectrique 4 roues Cross Senior peut \u00eatre commut\u00e9 en roues libres afin de la d\u00e9placer facilement \u00e0 la maison ou dans le garage.<\/span><br \/>\n<span style=\"font-size: 10pt;\">Elle poss\u00e8de un phare avant \u00e0 led lumi\u00e8re froide, des catadioptres arri\u00e8res et une clef de contact.<\/span><br \/>\n<span style=\"font-size: 10pt;\">La voiturette \u00e9lectrique Cross Senior \u00e9tant tr\u00e8s silencieuse, elle est \u00e9quip\u00e9e\u00a0 d&rsquo;un avertisseur \u00ab\u00a0tut-tut\u00a0\u00bb ou \u00ab\u00a0bip-bip\u00a0\u00bb qui ne ressemble en rien au klaxon d&rsquo;une voiture mais efficace pour signaler sa pr\u00e9sence sur les trottoirs.<\/span><br \/>\n<span style=\"font-size: 10pt;\">Elle se d\u00e9monte facilement lors de transport en voiture pour des d\u00e9placements et se remonte facilement en 1 minute au lieu de destination afin de pratiquer une activit\u00e9 en famille comme par exemple une balade au bord du lac, ou lors de vacances.<\/span><\/p>\n<p><span style=\"font-size: 10pt;\"> <strong>Copyright \u00a9 Swissmassage S\u00e0rl<\/strong><\/span><\/p>\n<p>R\u00e9sum\u00e9 technique de la voiturette \u00e9lectrique Senior Cross :<span style=\"font-size: 10pt;\"><span style=\"font-size: 10pt;\">Puissance moteur 24V 350W.<br \/>\nBatteries 2x 12V 45A.<br \/>\nTemps de charge maximum 8h-10h.<br \/>\nDistance parcourue par charge 25 \u00e0 30km.<br \/>\nVitesse r\u00e9glable maximum 10km\/h.<br \/>\nMarche arri\u00e8re avec vitesse r\u00e9glable.<br \/>\nFrein moteur autoblocant.<br \/>\nCharge maximum support\u00e9e 120kg.<br \/>\nDiametre des roues pleines 25cm.<br \/>\nRayon de bracage 150cm.<br \/>\nGarde au sol 15cm.<br \/>\nPente maximum 12\u00b0.<br \/>\nAmortisseur de si\u00e8ge.<br \/>\nCommutateur roues libres.<br \/>\nCouleur rouger.<br \/>\nLampe led avant.<br \/>\nCatadioptres arri\u00e8res.<br \/>\nPoids 75kg.<br \/>\nDimensions 120 x 56 x 98cm.<\/span><\/span><\/p>\n","protected":false},"excerpt":{"rendered":"<p>Voiturette \u00e9lectrique Cross Senior.<br \/>\nVoiturette \u00e9lectrique pour mobilit\u00e9 r\u00e9duite Senior.<\/p>\n","protected":false},"featured_media":3136,"template":"","meta":{"_seopress_robots_primary_cat":"none","_seopress_titles_title":"Voiturette \u00e9lectrique Senior Mod\u00e8le Cross en liquidation","_seopress_titles_desc":"La voiturette \u00e9lectrique pour senior mod\u00e8le Cross vous emm\u00e8ne l\u00e0 o\u00f9 vous ne pouvez plus aller depuis un certain temps.","_seopress_robots_index":""},"pwb-brand":[],"product_brand":[],"product_cat":[365,373,1080],"product_tag":[1127,1129,1128,1126],"product_folder":[1027],"class_list":{"0":"post-3135","1":"product","2":"type-product","3":"status-publish","4":"has-post-thumbnail","6":"product_cat-mobility-senior","7":"product_cat-outlet","8":"product_cat-tous-les-articles-seniors","9":"product_tag-mobilite","10":"product_tag-scooter","11":"product_tag-senior","12":"product_tag-voiturette","14":"first","15":"outofstock","16":"sale","17":"taxable","18":"shipping-taxable","19":"purchasable","20":"product-type-simple"},"exclude_global_add_ons":[],"addons":[],"brands":[],"_links":{"self":[{"href":"https:\/\/swissmassage.ch\/fr\/wp-json\/wp\/v2\/product\/3135","targetHints":{"allow":["GET"]}}],"collection":[{"href":"https:\/\/swissmassage.ch\/fr\/wp-json\/wp\/v2\/product"}],"about":[{"href":"https:\/\/swissmassage.ch\/fr\/wp-json\/wp\/v2\/types\/product"}],"wp:featuredmedia":[{"embeddable":true,"href":"https:\/\/swissmassage.ch\/fr\/wp-json\/wp\/v2\/media\/3136"}],"wp:attachment":[{"href":"https:\/\/swissmassage.ch\/fr\/wp-json\/wp\/v2\/media?parent=3135"}],"wp:term":[{"taxonomy":"pwb-brand","embeddable":true,"href":"https:\/\/swissmassage.ch\/fr\/wp-json\/wp\/v2\/pwb-brand?post=3135"},{"taxonomy":"product_brand","embeddable":true,"href":"https:\/\/swissmassage.ch\/fr\/wp-json\/wp\/v2\/product_brand?post=3135"},{"taxonomy":"product_cat","embeddable":true,"href":"https:\/\/swissmassage.ch\/fr\/wp-json\/wp\/v2\/product_cat?post=3135"},{"taxonomy":"product_tag","embeddable":true,"href":"https:\/\/swissmassage.ch\/fr\/wp-json\/wp\/v2\/product_tag?post=3135"},{"taxonomy":"product_folder","embeddable":true,"href":"https:\/\/swissmassage.ch\/fr\/wp-json\/wp\/v2\/product_folder?post=3135"}],"curies":[{"name":"wp","href":"https:\/\/api.w.org\/{rel}","templated":true}]}}