{"id":3161,"date":"2023-05-24T14:49:12","date_gmt":"2023-05-24T14:49:12","guid":{"rendered":"https:\/\/suissemassage.digichablais.ch\/?product=lampe-loupe-led-mega"},"modified":"2026-02-12T11:37:46","modified_gmt":"2026-02-12T10:37:46","slug":"lampe-loupe-led-mega","status":"publish","type":"product","link":"https:\/\/swissmassage.ch\/fr\/produits\/lampe-loupe-led-mega\/","title":{"rendered":"Lampe Loupe Led Mega"},"content":{"rendered":"<h2>Lampe loupe esth\u00e9tique leds lumi\u00e8re froide.<\/h2>\n<p>Bras articul\u00e9, orientation et fixation facilit\u00e9e.<br \/>\n5 Roulettes utilisation stable et mobile. Loupe x5<br \/>\nTension: 230V<br \/>\nPuisance : 8W<br \/>\nDioptres : 5 dioptres<br \/>\nFlux lumineux :760 lumen<br \/>\nType de led : SMD.LED &#8211; 60 pcs<\/p>\n","protected":false},"excerpt":{"rendered":"<p>Lampe loupe esth\u00e9tique leds lumi\u00e8re froide. Bras articul\u00e9, orientation et fixation facilit\u00e9e. 5 Roulettes utilisation stable et mobile. Loupe x5 Tension: 230V Puisance : 8W Dioptres : 5 dioptres Flux lumineux :760 lumen Type de led : SMD.LED &#8211; 60 pcs<\/p>\n","protected":false},"featured_media":6447,"template":"","meta":{"_seopress_robots_primary_cat":"none","_seopress_titles_title":"","_seopress_titles_desc":"Lampe loupe esth\u00e9tique leds lumi\u00e8re froide. Bras articul\u00e9, orientation et fixation facilit\u00e9e. 5 Roulettes utilisation stable et mobile.","_seopress_robots_index":""},"pwb-brand":[],"product_brand":[],"product_cat":[239,1077],"product_tag":[],"product_folder":[1013],"class_list":{"0":"post-3161","1":"product","2":"type-product","3":"status-publish","4":"has-post-thumbnail","6":"product_cat-esthetique-lampes","7":"product_cat-tous-les-articles-esthetiques","9":"first","10":"instock","11":"taxable","12":"shipping-taxable","13":"purchasable","14":"product-type-simple"},"exclude_global_add_ons":[],"addons":[],"brands":[],"_links":{"self":[{"href":"https:\/\/swissmassage.ch\/fr\/wp-json\/wp\/v2\/product\/3161","targetHints":{"allow":["GET"]}}],"collection":[{"href":"https:\/\/swissmassage.ch\/fr\/wp-json\/wp\/v2\/product"}],"about":[{"href":"https:\/\/swissmassage.ch\/fr\/wp-json\/wp\/v2\/types\/product"}],"wp:featuredmedia":[{"embeddable":true,"href":"https:\/\/swissmassage.ch\/fr\/wp-json\/wp\/v2\/media\/6447"}],"wp:attachment":[{"href":"https:\/\/swissmassage.ch\/fr\/wp-json\/wp\/v2\/media?parent=3161"}],"wp:term":[{"taxonomy":"pwb-brand","embeddable":true,"href":"https:\/\/swissmassage.ch\/fr\/wp-json\/wp\/v2\/pwb-brand?post=3161"},{"taxonomy":"product_brand","embeddable":true,"href":"https:\/\/swissmassage.ch\/fr\/wp-json\/wp\/v2\/product_brand?post=3161"},{"taxonomy":"product_cat","embeddable":true,"href":"https:\/\/swissmassage.ch\/fr\/wp-json\/wp\/v2\/product_cat?post=3161"},{"taxonomy":"product_tag","embeddable":true,"href":"https:\/\/swissmassage.ch\/fr\/wp-json\/wp\/v2\/product_tag?post=3161"},{"taxonomy":"product_folder","embeddable":true,"href":"https:\/\/swissmassage.ch\/fr\/wp-json\/wp\/v2\/product_folder?post=3161"}],"curies":[{"name":"wp","href":"https:\/\/api.w.org\/{rel}","templated":true}]}}