{"id":3166,"date":"2023-05-24T14:49:14","date_gmt":"2023-05-24T14:49:14","guid":{"rendered":"https:\/\/suissemassage.digichablais.ch\/?product=modele-confort-table-de-massage-pliable-swissmassage"},"modified":"2026-04-17T19:01:51","modified_gmt":"2026-04-17T17:01:51","slug":"table-de-massage-pliable-modele-confort-xl","status":"publish","type":"product","link":"https:\/\/swissmassage.ch\/fr\/produits\/table-de-massage-pliable-modele-confort-xl\/","title":{"rendered":"Table de massage pliable Mod\u00e8le Confort 80 cm de large"},"content":{"rendered":"<h2><strong> Description de la table de massage mod\u00e8le Confort : <\/strong><\/h2>\n<p>La table de massage mod\u00e8le Confort est la plus large et longue des tables de massage de notre collection.<br \/>\nElle convient particuli\u00e8rement \u00e0 la kin\u00e9siologie, \u00e0 l\u2019hypnose, aux soins de personnes \u00e2g\u00e9es, aux massages classiques et shiatsu, aux techniques des bols tib\u00e9tains car elle offre plus de place dans sa largeur et dans sa longueur.<br \/>\n<strong>Si vous \u00eates form\u00e9 en tant que th\u00e9rapeute, vous savez qu&rsquo;une table de massage de 80 cm de large est certes tr\u00e8s confortable pour le patient, mais peut ne pas convenir \u00e0 toutes les techniques de massage, et aussi aux th\u00e9rapeutes de petite taille.<\/strong><br \/>\nL\u2019utilisation de mousse de 8cm donne un confort maximum mais elle garde le r\u00e9pondant n\u00e9cessaire aux techniques du massage. Plus d\u2019\u00e9paisseur n\u2019augmenterait pas le confort du patient mais compliquerait le travail du masseur \u00e0 cause du manque de r\u00e9pondant.<br \/>\nLe rev\u00eatement en polyur\u00e9thane caract\u00e9rise les tables Swissmassage par sa souplesse, sa fermet\u00e9 et sa fiabilit\u00e9. Il contribue \u00e0 la sensation de bien-\u00eatre en restituant les propri\u00e9t\u00e9s de la mousse.<br \/>\nSes dimensions 195cm\/80cm permettent d\u2019accueillir les patients de toutes corpulences et en particulier les personnes \u00e2g\u00e9es.<br \/>\nElle s\u2019ouvre ou se referme simplement en 10 secondes sans effort car elle se manipule facilement.<br \/>\nLa t\u00eati\u00e8re comprend un coussin facial ergonomique et son repose bras, elle est r\u00e9glable en hauteur et inclinable, elle peut aussi \u00eatre utilis\u00e9e comme appuis t\u00eate ou comme rallonge de 25cm pour atteindre une longueur totale de 220cm.<br \/>\nLe choix du bois de h\u00eatre augmente la rigidit\u00e9 sans alourdir le poids total de la table qui est de 20kg, et permet de supporter jusqu\u2019\u00e0 200kg.<br \/>\nLa hauteur se r\u00e8gle facilement de 65cm \u00e0 85cm, les pieds se terminent par des protections en gomme qui adoucissent le contact au sol et \u00e9vitent tout glissement.<br \/>\nElle est \u00e9quip\u00e9e de panneaux en bois de type Reiki, compatibles \u00e0 la pratique de la r\u00e9flexologie plantaire.<br \/>\nElle est le haut de gamme des tables de massage par ses dimensions et par ses mat\u00e9riaux de fabrication.<br \/>\nSwissmassage est une marque d\u00e9pos\u00e9e qui vous offre la garantie de s\u00e9rieux et de suivi tout au long de votre activit\u00e9.<br \/>\nNous disposons des pi\u00e8ces de rechange. En cas d\u2019entretien ou de r\u00e9paration, une autre table de massage vous est mise \u00e0 disposition.<br \/>\nNous vous accueillons avec plaisir \u00e0 notre showroom de Aigle sur RDV afin de vous permettre de tester nos \u00e9quipements et de les acheter directement s\u2019ils vous conviennent, \u00e0 l\u2019emporter le jour m\u00eame ou avec notre webshop.<\/p>\n<h2>R\u00e9sum\u00e9 technique de la table de massage mod\u00e8le Confort :<\/h2>\n<p>Livrable dans toute la Suisse, ou \u00e0 tester \u00e0 notre Showroom sur RDV.<br \/>\nRev\u00eatement en polyur\u00e9thane blanc extr\u00eamement souple et solide.<br \/>\nMousse garantie extra-confort de <span style=\"color: #bc0f4d;\">8cm <\/span>d&rsquo;\u00e9paisseur.<br \/>\nStructure en bois de h\u00eatre noble l\u00e9ger et solide.<br \/>\nDimensions id\u00e9ales 195cm de long par 80cm de large.<br \/>\nHauteur de la table de massage r\u00e9glable de 65cm \u00e0 85cm.<br \/>\nPoids de la table de massage Confort 20 kg<br \/>\nTrou facial confortable avec bouchon amovible.<br \/>\n2 Panneaux Reiki pour le confort du th\u00e9rapeute.<br \/>\nTr\u00e8s solide aussi pour des patients corpulents, elle supporte 200kg en actif.<br \/>\nFacile \u00e0 manipuler, ouverture et fermeture en 10 secondes.<br \/>\nPoign\u00e9es de transport en mode valise.<br \/>\nT\u00eati\u00e8re inclinable sur 2 axes, utilisable des deux c\u00f4t\u00e9s de la table de massage.<br \/>\nCoussin facial tr\u00e8s doux mont\u00e9 sur velcro pour un r\u00e9glage pr\u00e9cis.<br \/>\nRepose bras sous la t\u00eati\u00e8re, att\u00e9nue la pression sur le visage.<br \/>\nRangement des accessoires \u00e0 l&rsquo;int\u00e9rieur de la table de massage.<br \/>\nPieds type gomme vibrame, garantie de stabilit\u00e9.<\/p>\n","protected":false},"excerpt":{"rendered":"<p>Description de la table de massage mod\u00e8le Confort : La table de massage mod\u00e8le Confort est la plus large et longue des tables de massage de notre collection. Elle convient particuli\u00e8rement \u00e0 la kin\u00e9siologie, \u00e0 l\u2019hypnose, aux soins de personnes \u00e2g\u00e9es, aux massages classiques et shiatsu, aux techniques des bols tib\u00e9tains car elle offre plus&hellip;<\/p>\n","protected":false},"featured_media":6380,"template":"","meta":{"_seopress_robots_primary_cat":"none","_seopress_titles_title":"Table de Massage Pliable Mod\u00e8le Confort - Swissmassage","_seopress_titles_desc":"La table de massage mod\u00e8le Confort est la plus large et longue des tables de massage de notre collection.","_seopress_robots_index":""},"pwb-brand":[],"product_brand":[],"product_cat":[211,1075],"product_tag":[1131,1064,1173,1172,1059],"product_folder":[993],"class_list":{"0":"post-3166","1":"product","2":"type-product","3":"status-publish","4":"has-post-thumbnail","6":"product_cat-table-de-massage-pliable","7":"product_cat-tous-les-articles-de-massage","8":"product_tag-massage","9":"product_tag-table-de-massage","10":"product_tag-table-de-massage-pliable","11":"product_tag-table-de-massage-portable","12":"product_tag-tables-massage-pliantes","13":"product_shipping_class-swisspost-encombrant","15":"first","16":"instock","17":"sale","18":"taxable","19":"shipping-taxable","20":"purchasable","21":"product-type-simple"},"exclude_global_add_ons":false,"addons":[{"name":"Option d\u00e9rouleur de papier de protection","type":"multiple_choice","position":0,"required":false,"title_format":"label","description_enable":false,"description":"","placeholder_enable":false,"placeholder":"","display":"images","restrictions_type":"any_text","adjust_price":false,"price":"","price_type":"flat_fee","restrictions":false,"min":0,"max":0,"options":[{"label":"Avec d\u00e9rouleur de papier de protection","price":"50","price_type":"flat_fee","image":2573}],"id":1720447839},{"name":"Option housse de transport","type":"multiple_choice","position":1,"required":false,"title_format":"label","description_enable":false,"description":"","placeholder_enable":false,"placeholder":"","display":"images","restrictions_type":"any_text","adjust_price":false,"price":"","price_type":"flat_fee","restrictions":false,"min":0,"max":0,"options":[{"label":"Avec housse de transport","price":"60","price_type":"flat_fee","image":2621}],"id":1720447840}],"brands":[],"_links":{"self":[{"href":"https:\/\/swissmassage.ch\/fr\/wp-json\/wp\/v2\/product\/3166","targetHints":{"allow":["GET"]}}],"collection":[{"href":"https:\/\/swissmassage.ch\/fr\/wp-json\/wp\/v2\/product"}],"about":[{"href":"https:\/\/swissmassage.ch\/fr\/wp-json\/wp\/v2\/types\/product"}],"wp:featuredmedia":[{"embeddable":true,"href":"https:\/\/swissmassage.ch\/fr\/wp-json\/wp\/v2\/media\/6380"}],"wp:attachment":[{"href":"https:\/\/swissmassage.ch\/fr\/wp-json\/wp\/v2\/media?parent=3166"}],"wp:term":[{"taxonomy":"pwb-brand","embeddable":true,"href":"https:\/\/swissmassage.ch\/fr\/wp-json\/wp\/v2\/pwb-brand?post=3166"},{"taxonomy":"product_brand","embeddable":true,"href":"https:\/\/swissmassage.ch\/fr\/wp-json\/wp\/v2\/product_brand?post=3166"},{"taxonomy":"product_cat","embeddable":true,"href":"https:\/\/swissmassage.ch\/fr\/wp-json\/wp\/v2\/product_cat?post=3166"},{"taxonomy":"product_tag","embeddable":true,"href":"https:\/\/swissmassage.ch\/fr\/wp-json\/wp\/v2\/product_tag?post=3166"},{"taxonomy":"product_folder","embeddable":true,"href":"https:\/\/swissmassage.ch\/fr\/wp-json\/wp\/v2\/product_folder?post=3166"}],"curies":[{"name":"wp","href":"https:\/\/api.w.org\/{rel}","templated":true}]}}