{"id":3173,"date":"2023-05-24T14:49:22","date_gmt":"2023-05-24T14:49:22","guid":{"rendered":"https:\/\/suissemassage.digichablais.ch\/?product=main-magique-massage-swissmassage-4"},"modified":"2024-07-12T15:32:31","modified_gmt":"2024-07-12T13:32:31","slug":"main-magique-massage-swissmassage-4","status":"publish","type":"product","link":"https:\/\/swissmassage.ch\/fr\/produits\/main-magique-massage-swissmassage-4\/","title":{"rendered":"Accessoire massage Main Magique"},"content":{"rendered":"<h2 style=\"text-align: left;\">Accessoire de massage main magic.<\/h2>\n","protected":false},"excerpt":{"rendered":"<p>Accessoire de massage main magic.<\/p>\n","protected":false},"featured_media":3174,"template":"","meta":{"_seopress_robots_primary_cat":"none","_seopress_titles_title":"","_seopress_titles_desc":"Accessoire de massage Main Magic : con\u00e7u pour soulager les tensions et am\u00e9liorer la circulation, offrant une exp\u00e9rience de massage relaxante et efficace.","_seopress_robots_index":""},"pwb-brand":[],"product_brand":[],"product_cat":[275,1079],"product_tag":[],"product_folder":[1002],"class_list":{"0":"post-3173","1":"product","2":"type-product","3":"status-publish","4":"has-post-thumbnail","6":"product_cat-accessoires-de-massages","7":"product_cat-tous-les-accessoires-de-massage","9":"first","10":"instock","11":"taxable","12":"shipping-taxable","13":"purchasable","14":"product-type-simple"},"exclude_global_add_ons":[],"addons":[],"brands":[],"_links":{"self":[{"href":"https:\/\/swissmassage.ch\/fr\/wp-json\/wp\/v2\/product\/3173","targetHints":{"allow":["GET"]}}],"collection":[{"href":"https:\/\/swissmassage.ch\/fr\/wp-json\/wp\/v2\/product"}],"about":[{"href":"https:\/\/swissmassage.ch\/fr\/wp-json\/wp\/v2\/types\/product"}],"wp:featuredmedia":[{"embeddable":true,"href":"https:\/\/swissmassage.ch\/fr\/wp-json\/wp\/v2\/media\/3174"}],"wp:attachment":[{"href":"https:\/\/swissmassage.ch\/fr\/wp-json\/wp\/v2\/media?parent=3173"}],"wp:term":[{"taxonomy":"pwb-brand","embeddable":true,"href":"https:\/\/swissmassage.ch\/fr\/wp-json\/wp\/v2\/pwb-brand?post=3173"},{"taxonomy":"product_brand","embeddable":true,"href":"https:\/\/swissmassage.ch\/fr\/wp-json\/wp\/v2\/product_brand?post=3173"},{"taxonomy":"product_cat","embeddable":true,"href":"https:\/\/swissmassage.ch\/fr\/wp-json\/wp\/v2\/product_cat?post=3173"},{"taxonomy":"product_tag","embeddable":true,"href":"https:\/\/swissmassage.ch\/fr\/wp-json\/wp\/v2\/product_tag?post=3173"},{"taxonomy":"product_folder","embeddable":true,"href":"https:\/\/swissmassage.ch\/fr\/wp-json\/wp\/v2\/product_folder?post=3173"}],"curies":[{"name":"wp","href":"https:\/\/api.w.org\/{rel}","templated":true}]}}