{"id":3175,"date":"2023-05-24T14:49:23","date_gmt":"2023-05-24T14:49:23","guid":{"rendered":"https:\/\/suissemassage.digichablais.ch\/?product=table-d-examens-medicaux"},"modified":"2026-01-19T16:44:59","modified_gmt":"2026-01-19T15:44:59","slug":"table-d-examens-medicaux","status":"publish","type":"product","link":"https:\/\/swissmassage.ch\/fr\/produits\/table-d-examens-medicaux\/","title":{"rendered":"Table d&rsquo;examen m\u00e9dical Mod\u00e8le Fix"},"content":{"rendered":"<h2>Table soins m\u00e9dicaux dossier relevable fixe<\/h2>\n<h2><span style=\"font-size: 10pt;\">Description de la table d&rsquo;examens m\u00e9dicaux:<\/span><\/h2>\n<p><span style=\"font-size: 10pt;\">La table d&rsquo;examens m\u00e9dicaux \u00e0 des dimensions qui correspondent aux standards pour recevoir les patients de toutes corpulences.<\/span><br \/>\n<span style=\"font-size: 10pt;\"> Sa mousse de 5 cm d&rsquo;\u00e9paisseur donne un excellent confort qui am\u00e8ne le patient \u00e0 se d\u00e9tendre plus facilement. Le dossier relevable sur charni\u00e8res crant\u00e9es permet d&rsquo;ausculter le patient en position assise. Elle est \u00e9quip\u00e9e du trou facial et de son bouchon \u00a0pour la pratique de soins en positions ventrales. Sa hauteur de 70 cm permet son utilisation par des personnes de toutes grandeurs. D\u00e9montable, elle ne p\u00e8se que 28kg ce qui facilite un \u00e9ventuel d\u00e9m\u00e9nagement. Elle supporte un poids maximum de 200Kg. Son rev\u00eatement en PVC-MED est aux normes m\u00e9dicales, elle peut donc \u00eatre utilis\u00e9e en milieux hospitaliers. Elle est \u00e9quip\u00e9e du porte rouleau papier d&rsquo;examen indispensable pour les soins m\u00e9dicaux.<br \/>\nCet \u00e9quipement est en d\u00e9mo test \u00e0 notre showroom de Aigle sur RDV au 024 564 46 46.<\/span><\/p>\n<p><span style=\"font-size: 10pt;\">Swissmassage est une marque d\u00e9pos\u00e9e, cela vous offre la garantie de s\u00e9rieux et de suivi tout au long de votre activit\u00e9.<\/span><br \/>\n<span style=\"font-size: 10pt;\">Notre atelier dispose de toutes les pi\u00e8ces de rechange.<\/span><\/p>\n","protected":false},"excerpt":{"rendered":"<p>Table d&rsquo;examen m\u00e9dical et table de soins m\u00e9dicaux<br \/>\nPratique simple et fiable \u00e0 prix tr\u00e8s atractif, la table de soins pour m\u00e9decins g\u00e9n\u00e9ralistes ou autres soins m\u00e9diaux.<\/p>\n","protected":false},"featured_media":7756,"template":"","meta":{"_seopress_robots_primary_cat":"none","_seopress_titles_title":"","_seopress_titles_desc":"La table d'examens m\u00e9dicaux \u00e0 des dimensions qui correspondent aux standards pour recevoir les patients de toutes corpulences.","_seopress_robots_index":""},"pwb-brand":[],"product_brand":[],"product_cat":[366,1076],"product_tag":[1196],"product_folder":[1013],"class_list":{"0":"post-3175","1":"product","2":"type-product","3":"status-publish","4":"has-post-thumbnail","6":"product_cat-table-examens-medicaux","7":"product_cat-tous-les-articles-physio-medical","8":"product_tag-table-examens-medicaux","10":"first","11":"instock","12":"taxable","13":"shipping-taxable","14":"purchasable","15":"product-type-simple"},"exclude_global_add_ons":[],"addons":[],"brands":[],"_links":{"self":[{"href":"https:\/\/swissmassage.ch\/fr\/wp-json\/wp\/v2\/product\/3175","targetHints":{"allow":["GET"]}}],"collection":[{"href":"https:\/\/swissmassage.ch\/fr\/wp-json\/wp\/v2\/product"}],"about":[{"href":"https:\/\/swissmassage.ch\/fr\/wp-json\/wp\/v2\/types\/product"}],"wp:featuredmedia":[{"embeddable":true,"href":"https:\/\/swissmassage.ch\/fr\/wp-json\/wp\/v2\/media\/7756"}],"wp:attachment":[{"href":"https:\/\/swissmassage.ch\/fr\/wp-json\/wp\/v2\/media?parent=3175"}],"wp:term":[{"taxonomy":"pwb-brand","embeddable":true,"href":"https:\/\/swissmassage.ch\/fr\/wp-json\/wp\/v2\/pwb-brand?post=3175"},{"taxonomy":"product_brand","embeddable":true,"href":"https:\/\/swissmassage.ch\/fr\/wp-json\/wp\/v2\/product_brand?post=3175"},{"taxonomy":"product_cat","embeddable":true,"href":"https:\/\/swissmassage.ch\/fr\/wp-json\/wp\/v2\/product_cat?post=3175"},{"taxonomy":"product_tag","embeddable":true,"href":"https:\/\/swissmassage.ch\/fr\/wp-json\/wp\/v2\/product_tag?post=3175"},{"taxonomy":"product_folder","embeddable":true,"href":"https:\/\/swissmassage.ch\/fr\/wp-json\/wp\/v2\/product_folder?post=3175"}],"curies":[{"name":"wp","href":"https:\/\/api.w.org\/{rel}","templated":true}]}}