{"id":3184,"date":"2023-05-24T14:49:29","date_gmt":"2023-05-24T14:49:29","guid":{"rendered":"https:\/\/suissemassage.digichablais.ch\/?product=coussin-physio-demi-lune"},"modified":"2026-04-06T23:08:17","modified_gmt":"2026-04-06T21:08:17","slug":"coussin-physio-demi-lune","status":"publish","type":"product","link":"https:\/\/swissmassage.ch\/fr\/produits\/coussin-physio-demi-lune\/","title":{"rendered":"Coussin Physio Demi-Lune 60 cm par 13 cm"},"content":{"rendered":"<h2 style=\"text-align: left\">Coussin de Physio demi-lune 60cm 13 cm<\/h2>\n<p style=\"text-align: left\"><span style=\"font-size: 10pt\">Couleur du rev\u00eatement anthracite ou bleu marine.<strong><br \/>\n<\/strong><\/span>Rev\u00eatement en Polyur\u00e9thane extr\u00eamement souple et solide.<br \/>\n<span style=\"font-size: 10pt\">Mousse garantie haute densit\u00e9.<\/span><br \/>\n<span style=\"font-size: 10pt\">Dimensions id\u00e9ales 60 cm de long par 18 cm \u00e0 la base et 13cm de rayon.<\/span><br \/>\n<span style=\"font-size: 10pt\">Utilisation sous les genoux pour que le patient ait le\u00a0dos plat et rel\u00e2ch\u00e9.<br \/>\n<span style=\"font-size: 10pt\">Livrable dans toute la Suisse. Ou \u00e0 l&#8217;emporter directement dans notre atelier.<\/span><\/span><br \/>\n<span style=\"font-size: 10pt\">Marque d\u00e9pos\u00e9e SWISSMASSAGE, garantie de s\u00e9rieux et de suivi.<\/span><\/p>\n","protected":false},"excerpt":{"rendered":"<p>Coussin de Physio demi-lune 60cm 13 cm Couleur du rev\u00eatement anthracite ou bleu marine. Rev\u00eatement en Polyur\u00e9thane extr\u00eamement souple et solide. Mousse garantie haute densit\u00e9. Dimensions id\u00e9ales 60 cm de long par 18 cm \u00e0 la base et 13cm de rayon. Utilisation sous les genoux pour que le patient ait le\u00a0dos plat et rel\u00e2ch\u00e9. Livrable&hellip;<\/p>\n","protected":false},"featured_media":17890,"template":"","meta":{"_seopress_robots_primary_cat":"none","_seopress_titles_title":"Coussin de Physio Demi-Lune - Swissmassage","_seopress_titles_desc":"Coussin de physio demi-lune 60 cm x 13 cm, rev\u00eatement en polyur\u00e9thane, extr\u00eamement souple et solide pour un confort optimal.","_seopress_robots_index":""},"pwb-brand":[],"product_brand":[],"product_cat":[219,1079],"product_tag":[1056,1071,1070,1072],"product_folder":[1001],"class_list":{"0":"post-3184","1":"product","2":"type-product","3":"status-publish","4":"has-post-thumbnail","6":"product_cat-coussins-de-massage","7":"product_cat-tous-les-accessoires-de-massage","8":"product_tag-coussin","9":"product_tag-coussin-jambes","10":"product_tag-coussin-massage","11":"product_tag-coussin-physio","13":"first","14":"instock","15":"taxable","16":"shipping-taxable","17":"purchasable","18":"product-type-variable","19":"has-default-attributes"},"exclude_global_add_ons":[],"addons":[],"brands":[],"_links":{"self":[{"href":"https:\/\/swissmassage.ch\/fr\/wp-json\/wp\/v2\/product\/3184","targetHints":{"allow":["GET"]}}],"collection":[{"href":"https:\/\/swissmassage.ch\/fr\/wp-json\/wp\/v2\/product"}],"about":[{"href":"https:\/\/swissmassage.ch\/fr\/wp-json\/wp\/v2\/types\/product"}],"wp:featuredmedia":[{"embeddable":true,"href":"https:\/\/swissmassage.ch\/fr\/wp-json\/wp\/v2\/media\/17890"}],"wp:attachment":[{"href":"https:\/\/swissmassage.ch\/fr\/wp-json\/wp\/v2\/media?parent=3184"}],"wp:term":[{"taxonomy":"pwb-brand","embeddable":true,"href":"https:\/\/swissmassage.ch\/fr\/wp-json\/wp\/v2\/pwb-brand?post=3184"},{"taxonomy":"product_brand","embeddable":true,"href":"https:\/\/swissmassage.ch\/fr\/wp-json\/wp\/v2\/product_brand?post=3184"},{"taxonomy":"product_cat","embeddable":true,"href":"https:\/\/swissmassage.ch\/fr\/wp-json\/wp\/v2\/product_cat?post=3184"},{"taxonomy":"product_tag","embeddable":true,"href":"https:\/\/swissmassage.ch\/fr\/wp-json\/wp\/v2\/product_tag?post=3184"},{"taxonomy":"product_folder","embeddable":true,"href":"https:\/\/swissmassage.ch\/fr\/wp-json\/wp\/v2\/product_folder?post=3184"}],"curies":[{"name":"wp","href":"https:\/\/api.w.org\/{rel}","templated":true}]}}