{"id":3186,"date":"2023-05-24T14:49:29","date_gmt":"2023-05-24T14:49:29","guid":{"rendered":"https:\/\/suissemassage.digichablais.ch\/?product=lampe-loupe-de-table"},"modified":"2025-10-19T20:55:25","modified_gmt":"2025-10-19T18:55:25","slug":"lampe-loupe-de-table","status":"publish","type":"product","link":"https:\/\/swissmassage.ch\/fr\/produits\/lampe-loupe-de-table\/","title":{"rendered":"Lampe Loupe de table onglerie"},"content":{"rendered":"<h2>Lampe loupe Leds de lumi\u00e8re froide.<\/h2>\n<p>Pour onglerie et esth\u00e9tique.<\/p>\n<p><span style=\"font-size: 10pt;\">Puisance: 6W<br \/>\nDioptres: loupe x5<br \/>\nFlux lumineux : 570 lumen<br \/>\nType de led: SMD.LED &#8211; 30 pcs<\/span><\/p>\n","protected":false},"excerpt":{"rendered":"<p>Lampe loupe Leds de lumi\u00e8re froide. Pour onglerie et esth\u00e9tique. Puisance: 6W Dioptres: loupe x5 Flux lumineux : 570 lumen Type de led: SMD.LED &#8211; 30 pcs<\/p>\n","protected":false},"featured_media":6446,"template":"","meta":{"_seopress_robots_primary_cat":"none","_seopress_titles_title":"Lampe Loue pour Table d'Onglerie - Swissmassage","_seopress_titles_desc":"Lampe loupe pour table d'onglerie : offre un \u00e9clairage puissant et une loupe int\u00e9gr\u00e9e pour des soins de manucure pr\u00e9cis et professionnels.","_seopress_robots_index":""},"pwb-brand":[],"product_brand":[],"product_cat":[239,1077],"product_tag":[],"product_folder":[1025],"class_list":{"0":"post-3186","1":"product","2":"type-product","3":"status-publish","4":"has-post-thumbnail","6":"product_cat-esthetique-lampes","7":"product_cat-tous-les-articles-esthetiques","9":"first","10":"instock","11":"taxable","12":"shipping-taxable","13":"purchasable","14":"product-type-simple"},"exclude_global_add_ons":[],"addons":[],"brands":[],"_links":{"self":[{"href":"https:\/\/swissmassage.ch\/fr\/wp-json\/wp\/v2\/product\/3186","targetHints":{"allow":["GET"]}}],"collection":[{"href":"https:\/\/swissmassage.ch\/fr\/wp-json\/wp\/v2\/product"}],"about":[{"href":"https:\/\/swissmassage.ch\/fr\/wp-json\/wp\/v2\/types\/product"}],"wp:featuredmedia":[{"embeddable":true,"href":"https:\/\/swissmassage.ch\/fr\/wp-json\/wp\/v2\/media\/6446"}],"wp:attachment":[{"href":"https:\/\/swissmassage.ch\/fr\/wp-json\/wp\/v2\/media?parent=3186"}],"wp:term":[{"taxonomy":"pwb-brand","embeddable":true,"href":"https:\/\/swissmassage.ch\/fr\/wp-json\/wp\/v2\/pwb-brand?post=3186"},{"taxonomy":"product_brand","embeddable":true,"href":"https:\/\/swissmassage.ch\/fr\/wp-json\/wp\/v2\/product_brand?post=3186"},{"taxonomy":"product_cat","embeddable":true,"href":"https:\/\/swissmassage.ch\/fr\/wp-json\/wp\/v2\/product_cat?post=3186"},{"taxonomy":"product_tag","embeddable":true,"href":"https:\/\/swissmassage.ch\/fr\/wp-json\/wp\/v2\/product_tag?post=3186"},{"taxonomy":"product_folder","embeddable":true,"href":"https:\/\/swissmassage.ch\/fr\/wp-json\/wp\/v2\/product_folder?post=3186"}],"curies":[{"name":"wp","href":"https:\/\/api.w.org\/{rel}","templated":true}]}}