{"id":3279,"date":"2023-05-24T14:50:36","date_gmt":"2023-05-24T14:50:36","guid":{"rendered":"https:\/\/suissemassage.digichablais.ch\/?product=table-physio-hydraulique-modele-edu"},"modified":"2026-02-27T11:09:11","modified_gmt":"2026-02-27T10:09:11","slug":"table-physio-hydraulique-modele-edu","status":"publish","type":"product","link":"https:\/\/swissmassage.ch\/fr\/produits\/table-physio-hydraulique-modele-edu\/","title":{"rendered":"Table m\u00e9dicale Hydraulique Mod\u00e8le EDU"},"content":{"rendered":"<h2>Table d&rsquo;examens et de soins m\u00e9dicaux mod\u00e8le EDU moteur hydraulique.<\/h2>\n<p><span style=\"font-size: 10pt;\">Table d&rsquo; examen m\u00e9dical et physio moteur Hydraulique pour la hauteur avec commande piston \u00e0 pieds.<br \/>\nid\u00e9ale pour les \u00e9coles et les puristes qui ne veulent pas d&rsquo;\u00e9lectricit\u00e9.<\/span><\/p>\n<p><span style=\"font-size: 10pt;\">Moteur hydraulique sans \u00e9lectricit\u00e9 r\u00e8gle la hauteur de 57 cm \u00e0 87 cm.<\/span><br \/>\n<span style=\"font-size: 10pt;\">Largeur 66 cm.<\/span><br \/>\n<span style=\"font-size: 10pt;\">Longueur 195 cm.<\/span><br \/>\n<span style=\"font-size: 10pt;\">Poids 65 Kg.<\/span><br \/>\n<span style=\"font-size: 10pt;\">Supporte jusqu\u2019\u00e0 225 kg.<\/span><br \/>\n<span style=\"font-size: 10pt;\">Mousse 5 cm, densit\u00e9 36 Kg \/m3.<\/span><br \/>\n<span style=\"font-size: 10pt;\">Dossier avec trou facial et bouchon,\u00a0 inclinable de -15\u00b0 \u00e0 +70\u00b0 par v\u00e9rin \u00e0 gaz.<\/span><br \/>\n<span style=\"font-size: 10pt;\">Roulettes tournantes 360\u00b0 r\u00e9tractables de 75 mm pour une excellente mobilit\u00e9 et s\u00e9curit\u00e9.<\/span><br \/>\n<span style=\"font-size: 10pt;\">Coloris rev\u00eatement: Gris graphite<\/span><br \/>\n<span style=\"font-size: 10pt;\">Rev\u00eatement aux normes m\u00e9dicales PVC.<\/span><br \/>\n<span style=\"font-size: 10pt;\">Rev\u00eatement r\u00e9sistent au feu, aux taches, aux mycoses, \u00e0 l\u2019huile et \u00e0 l\u2019eau.<\/span><br \/>\n<span style=\"font-size: 10pt;\">Certifications: CE, FDA, ISO 9001-2008, ISO13485-2007.<\/span><br \/>\n<span style=\"font-size: 10pt;\">Certifi\u00e9e conform\u00e9ment \u00e0 la directive 93\/42\/CEE \u2013 certification m\u00e9dicale.<\/span><\/p>\n<h3>Vid\u00e9o table de soins \u00e0 mont\u00e9e hydraulique:<\/h3>\n<div style=\"width: 1170px;\" class=\"wp-video\"><video class=\"wp-video-shortcode\" id=\"video-3279-1\" width=\"1170\" height=\"658\" preload=\"metadata\" controls=\"controls\"><source type=\"video\/mp4\" src=\"https:\/\/swissmassage.ch\/wp-content\/uploads\/Video-table-de-physio-hydraulique-modele-EDU-Suisse-1.mp4?_=1\" \/><a href=\"https:\/\/swissmassage.ch\/wp-content\/uploads\/Video-table-de-physio-hydraulique-modele-EDU-Suisse-1.mp4\">https:\/\/swissmassage.ch\/wp-content\/uploads\/Video-table-de-physio-hydraulique-modele-EDU-Suisse-1.mp4<\/a><\/video><\/div>\n","protected":false},"excerpt":{"rendered":"<p>Table d&rsquo;examens et de soins m\u00e9dicaux mod\u00e8le EDU moteur hydraulique. Table d&rsquo; examen m\u00e9dical et physio moteur Hydraulique pour la hauteur avec commande piston \u00e0 pieds. id\u00e9ale pour les \u00e9coles et les puristes qui ne veulent pas d&rsquo;\u00e9lectricit\u00e9. Moteur hydraulique sans \u00e9lectricit\u00e9 r\u00e8gle la hauteur de 57 cm \u00e0 87 cm. Largeur 66 cm. Longueur&hellip;<\/p>\n","protected":false},"featured_media":19961,"template":"","meta":{"_seopress_robots_primary_cat":"366","_seopress_titles_title":"","_seopress_titles_desc":"Table de physioth\u00e9rapie \u00e0 commande de hauteur hydraulique. Dossier avec trou facial et bouchon,\u00a0 inclinable de -15\u00b0 \u00e0 +70\u00b0 par v\u00e9rin \u00e0 gaz.","_seopress_robots_index":""},"pwb-brand":[],"product_brand":[],"product_cat":[366,292,1076],"product_tag":[1197,1194,1195,1196],"product_folder":[1013],"class_list":{"0":"post-3279","1":"product","2":"type-product","3":"status-publish","4":"has-post-thumbnail","6":"product_cat-table-examens-medicaux","7":"product_cat-table-de-physiotherapie","8":"product_cat-tous-les-articles-physio-medical","9":"product_tag-hydraulique","10":"product_tag-physio","11":"product_tag-table-de-physio","12":"product_tag-table-examens-medicaux","14":"first","15":"instock","16":"taxable","17":"shipping-taxable","18":"purchasable","19":"product-type-simple"},"exclude_global_add_ons":false,"addons":[{"name":"D\u00e9rouleur de papier d'examens m\u00e9dicaux","type":"multiple_choice","position":0,"required":false,"title_format":"label","description_enable":false,"description":"","placeholder_enable":false,"placeholder":"","display":"images","restrictions_type":"any_text","adjust_price":false,"price":"","price_type":"flat_fee","restrictions":false,"min":0,"max":0,"options":[{"label":"Avec D\u00e9rouleur de papier d' examens m\u00e9dicaux","price":"80","price_type":"flat_fee","image":8506}],"id":1718011545}],"brands":[],"_links":{"self":[{"href":"https:\/\/swissmassage.ch\/fr\/wp-json\/wp\/v2\/product\/3279","targetHints":{"allow":["GET"]}}],"collection":[{"href":"https:\/\/swissmassage.ch\/fr\/wp-json\/wp\/v2\/product"}],"about":[{"href":"https:\/\/swissmassage.ch\/fr\/wp-json\/wp\/v2\/types\/product"}],"wp:featuredmedia":[{"embeddable":true,"href":"https:\/\/swissmassage.ch\/fr\/wp-json\/wp\/v2\/media\/19961"}],"wp:attachment":[{"href":"https:\/\/swissmassage.ch\/fr\/wp-json\/wp\/v2\/media?parent=3279"}],"wp:term":[{"taxonomy":"pwb-brand","embeddable":true,"href":"https:\/\/swissmassage.ch\/fr\/wp-json\/wp\/v2\/pwb-brand?post=3279"},{"taxonomy":"product_brand","embeddable":true,"href":"https:\/\/swissmassage.ch\/fr\/wp-json\/wp\/v2\/product_brand?post=3279"},{"taxonomy":"product_cat","embeddable":true,"href":"https:\/\/swissmassage.ch\/fr\/wp-json\/wp\/v2\/product_cat?post=3279"},{"taxonomy":"product_tag","embeddable":true,"href":"https:\/\/swissmassage.ch\/fr\/wp-json\/wp\/v2\/product_tag?post=3279"},{"taxonomy":"product_folder","embeddable":true,"href":"https:\/\/swissmassage.ch\/fr\/wp-json\/wp\/v2\/product_folder?post=3279"}],"curies":[{"name":"wp","href":"https:\/\/api.w.org\/{rel}","templated":true}]}}