{"id":3304,"date":"2023-05-24T14:50:51","date_gmt":"2023-05-24T14:50:51","guid":{"rendered":"https:\/\/suissemassage.digichablais.ch\/?product=table-de-verticalisation-extra-large"},"modified":"2024-07-12T14:57:25","modified_gmt":"2024-07-12T12:57:25","slug":"table-de-verticalisation-extra-large","status":"publish","type":"product","link":"https:\/\/swissmassage.ch\/fr\/produits\/table-de-verticalisation-extra-large\/","title":{"rendered":"Table de Verticalisation extra-large"},"content":{"rendered":"<h2>Table de Verticalisation extra-large pour personnes corpulentes.<\/h2>\n<p>Table de verticalisation \u00e9lectrique 2 plans avec dossier et 2 moteur pour la hauteur et la verticalisation.<br \/>\nVerticalisation \u00e9lectrique, repose pieds r\u00e9glables et ind\u00e9pendants, dossier r\u00e9glable, barres de fixation pour les sangles et roulettes escamotables.<br \/>\nRail central pour faciliter le sanglage, indicateur d\u2019inclinaison, sangle de fixation des membres inf\u00e9rieurs et sangle abdominale avec 2 poign\u00e9es de maintien r\u00e9glables en hauteur et amovibles.<\/p>\n<p>R\u00e9glage de la hauteur \u00e9lectrique avec commande manuelle<br \/>\nVerticalisation \u00e9lectrique par commande manuelle<br \/>\nDossier r\u00e9glable par cr\u00e9maill\u00e8re<br \/>\nRepose pieds r\u00e9glables et ind\u00e9pendants<br \/>\nSyst\u00e8me de roues escamotables par commande centralis\u00e9e. Ces roulettes sont uniquement pour le d\u00e9placement \u00e0 vide (nettoyage); elles ne sont pas faites pour le transport des patients.<br \/>\nBarres de fixation pour les sangles<br \/>\nPoign\u00e9es de maintien r\u00e9glables en hauteur et amovibles.<br \/>\nSangles de fixation des membres inf\u00e9rieurs et sangle abdominale<br \/>\nLargeur 70 ou 80 cm.<br \/>\nLongueur 190 cm.<br \/>\nHauteur de travail \u00e0 plat de 52 \u00e0 98 cm.<br \/>\nGoniom\u00e8tre.<br \/>\nPoids Support\u00e9 200 kg<br \/>\nCh\u00e2ssis m\u00e9cano soud\u00e9 en acier, finition peinture poudre \u00e9poxy, cuite au four \u00e0 210\u00ba<br \/>\nLes moteurs se conforment aux normes de s\u00e9curit\u00e9 europ\u00e9ennes<br \/>\nPRODUIT CE &#8211; Fabriqu\u00e9 en Europe.<\/p>\n<p>Palette de couleur du rev\u00eatement.<\/p>\n<p><img loading=\"lazy\" decoding=\"async\" class=\"alignnone size-full wp-image-8278\" src=\"https:\/\/swissmassage.ch\/wp-content\/uploads\/Palette-de-couleur-tables-physio-2.webp\" alt=\"\" width=\"1000\" height=\"600\" srcset=\"https:\/\/swissmassage.ch\/wp-content\/uploads\/Palette-de-couleur-tables-physio-2.webp 1000w, https:\/\/swissmassage.ch\/wp-content\/uploads\/Palette-de-couleur-tables-physio-2-600x360.webp 600w, https:\/\/swissmassage.ch\/wp-content\/uploads\/Palette-de-couleur-tables-physio-2-300x180.webp 300w, https:\/\/swissmassage.ch\/wp-content\/uploads\/Palette-de-couleur-tables-physio-2-768x461.webp 768w, https:\/\/swissmassage.ch\/wp-content\/uploads\/Palette-de-couleur-tables-physio-2-20x12.webp 20w\" sizes=\"auto, (max-width: 1000px) 100vw, 1000px\" \/> <img loading=\"lazy\" decoding=\"async\" class=\"alignnone size-full wp-image-8279\" src=\"https:\/\/swissmassage.ch\/wp-content\/uploads\/Palette-de-couleur-tables-physio-1.webp\" alt=\"\" width=\"1000\" height=\"600\" srcset=\"https:\/\/swissmassage.ch\/wp-content\/uploads\/Palette-de-couleur-tables-physio-1.webp 1000w, https:\/\/swissmassage.ch\/wp-content\/uploads\/Palette-de-couleur-tables-physio-1-600x360.webp 600w, https:\/\/swissmassage.ch\/wp-content\/uploads\/Palette-de-couleur-tables-physio-1-300x180.webp 300w, https:\/\/swissmassage.ch\/wp-content\/uploads\/Palette-de-couleur-tables-physio-1-768x461.webp 768w, https:\/\/swissmassage.ch\/wp-content\/uploads\/Palette-de-couleur-tables-physio-1-20x12.webp 20w\" sizes=\"auto, (max-width: 1000px) 100vw, 1000px\" \/><\/p>\n","protected":false},"excerpt":{"rendered":"<p>Table de Verticalisation extra-large pour personnes corpulentes. Table de verticalisation \u00e9lectrique 2 plans avec dossier et 2 moteur pour la hauteur et la verticalisation. Verticalisation \u00e9lectrique, repose pieds r\u00e9glables et ind\u00e9pendants, dossier r\u00e9glable, barres de fixation pour les sangles et roulettes escamotables. Rail central pour faciliter le sanglage, indicateur d\u2019inclinaison, sangle de fixation des membres&hellip;<\/p>\n","protected":false},"featured_media":6450,"template":"","meta":{"_seopress_robots_primary_cat":"none","_seopress_titles_title":"Table de verticalisation \u00e9lectrique 2 plans - Swissmassage","_seopress_titles_desc":"Verticalisation \u00e9lectrique, repose pieds r\u00e9glables et ind\u00e9pendants, dossier r\u00e9glable, barres de fixation pour les sangles et roulettes escamotables.","_seopress_robots_index":""},"pwb-brand":[],"product_brand":[],"product_cat":[352,1076],"product_tag":[1213,1212],"product_folder":[1032],"class_list":{"0":"post-3304","1":"product","2":"type-product","3":"status-publish","4":"has-post-thumbnail","6":"product_cat-table-de-verticalisation","7":"product_cat-tous-les-articles-physio-medical","8":"product_tag-table-de-verticalisation","9":"product_tag-verticalisation","11":"first","12":"instock","13":"taxable","14":"shipping-taxable","15":"purchasable","16":"product-type-simple"},"exclude_global_add_ons":false,"addons":[{"name":"Choix de Largeur","type":"multiple_choice","position":0,"required":true,"title_format":"label","description_enable":false,"description":"","placeholder_enable":false,"placeholder":"","display":"radiobutton","restrictions_type":"any_text","adjust_price":false,"price":"","price_type":"flat_fee","restrictions":false,"min":0,"max":0,"options":[{"label":"70 cm","price":"","price_type":"flat_fee","image":0},{"label":"80 cm","price":"250","price_type":"flat_fee","image":0}],"id":1704369043},{"name":"Choix de couleur du rev\u00eatement","type":"multiple_choice","position":1,"required":true,"title_format":"label","description_enable":false,"description":"","placeholder_enable":false,"placeholder":"","display":"images","restrictions_type":"any_text","adjust_price":false,"price":"","price_type":"flat_fee","restrictions":false,"min":0,"max":0,"options":[{"label":"White","price":"","price_type":"flat_fee","image":8361},{"label":"Pearl","price":"","price_type":"flat_fee","image":8357},{"label":"Ashgrey","price":"","price_type":"flat_fee","image":8351},{"label":"Birch","price":"","price_type":"flat_fee","image":8353},{"label":"Cherry","price":"","price_type":"flat_fee","image":8355},{"label":"Rose","price":"","price_type":"flat_fee","image":8358},{"label":"Slate-grey","price":"","price_type":"flat_fee","image":8359},{"label":"Black","price":"","price_type":"flat_fee","image":8354},{"label":"Stone-blue","price":"","price_type":"flat_fee","image":8360},{"label":"Deep-sea","price":"","price_type":"flat_fee","image":8356},{"label":"Atoll","price":"","price_type":"flat_fee","image":8352},{"label":"Sage","price":"","price_type":"flat_fee","image":8350},{"label":"Cappuccino","price":"","price_type":"flat_fee","image":8370},{"label":"Chestnut","price":"","price_type":"flat_fee","image":8369},{"label":"Cashmere","price":"","price_type":"flat_fee","image":8368},{"label":"Carob","price":"","price_type":"flat_fee","image":8367},{"label":"Mocca","price":"","price_type":"flat_fee","image":8366},{"label":"Anthracite","price":"","price_type":"flat_fee","image":8365},{"label":"Olive","price":"","price_type":"flat_fee","image":8364},{"label":"Lime","price":"","price_type":"flat_fee","image":8363},{"label":"Corn","price":"","price_type":"flat_fee","image":8374},{"label":"Sun","price":"","price_type":"flat_fee","image":8373},{"label":"Orange","price":"","price_type":"flat_fee","image":8372},{"label":"Fire","price":"","price_type":"flat_fee","image":8371}],"id":1704369044},{"name":"Choix de type de mousse","type":"multiple_choice","position":2,"required":true,"title_format":"label","description_enable":false,"description":"","placeholder_enable":false,"placeholder":"","display":"images","restrictions_type":"any_text","adjust_price":false,"price":"","price_type":"flat_fee","restrictions":false,"min":0,"max":0,"options":[{"label":"Standard 5 cm 30Kg\/m\u00b3","price":"","price_type":"flat_fee","image":8387},{"label":"Soft Memory 8 cm soit 4 cm 30Kg\/m\u00b3 + 4 cm memory","price":"320","price_type":"flat_fee","image":8385},{"label":"Medium Memory 7 cm soit 5 cm 30Kg\/m\u00b3 + 2 cm memory","price":"320","price_type":"flat_fee","image":8388}],"id":1704369045},{"name":"Option t\u00e9l\u00e9commande","type":"multiple_choice","position":3,"required":true,"title_format":"label","description_enable":false,"description":"","placeholder_enable":false,"placeholder":"","display":"images","restrictions_type":"any_text","adjust_price":false,"price":"","price_type":"flat_fee","restrictions":false,"min":0,"max":0,"options":[{"label":"Commande \u00e0 main incluse","price":"","price_type":"flat_fee","image":8421}],"id":1704369046}],"brands":[],"_links":{"self":[{"href":"https:\/\/swissmassage.ch\/fr\/wp-json\/wp\/v2\/product\/3304","targetHints":{"allow":["GET"]}}],"collection":[{"href":"https:\/\/swissmassage.ch\/fr\/wp-json\/wp\/v2\/product"}],"about":[{"href":"https:\/\/swissmassage.ch\/fr\/wp-json\/wp\/v2\/types\/product"}],"wp:featuredmedia":[{"embeddable":true,"href":"https:\/\/swissmassage.ch\/fr\/wp-json\/wp\/v2\/media\/6450"}],"wp:attachment":[{"href":"https:\/\/swissmassage.ch\/fr\/wp-json\/wp\/v2\/media?parent=3304"}],"wp:term":[{"taxonomy":"pwb-brand","embeddable":true,"href":"https:\/\/swissmassage.ch\/fr\/wp-json\/wp\/v2\/pwb-brand?post=3304"},{"taxonomy":"product_brand","embeddable":true,"href":"https:\/\/swissmassage.ch\/fr\/wp-json\/wp\/v2\/product_brand?post=3304"},{"taxonomy":"product_cat","embeddable":true,"href":"https:\/\/swissmassage.ch\/fr\/wp-json\/wp\/v2\/product_cat?post=3304"},{"taxonomy":"product_tag","embeddable":true,"href":"https:\/\/swissmassage.ch\/fr\/wp-json\/wp\/v2\/product_tag?post=3304"},{"taxonomy":"product_folder","embeddable":true,"href":"https:\/\/swissmassage.ch\/fr\/wp-json\/wp\/v2\/product_folder?post=3304"}],"curies":[{"name":"wp","href":"https:\/\/api.w.org\/{rel}","templated":true}]}}