{"id":3311,"date":"2023-05-24T14:50:56","date_gmt":"2023-05-24T14:50:56","guid":{"rendered":"https:\/\/suissemassage.digichablais.ch\/?product=table-de-verticalisation-medicale"},"modified":"2026-01-19T16:59:54","modified_gmt":"2026-01-19T15:59:54","slug":"table-de-verticalisation-medicale","status":"publish","type":"product","link":"https:\/\/swissmassage.ch\/fr\/produits\/table-de-verticalisation-medicale\/","title":{"rendered":"Table de Verticalisation m\u00e9dicale"},"content":{"rendered":"<h2>Table de Verticalisation pour soins d&rsquo;hernies discales<\/h2>\n<p>Table de verticalisation \u00e9lectrique 2 plans avec dossier et 2 moteurs pour la hauteur et la verticalisation.<br \/>\nVerticalisation \u00e9lectrique, repose pieds r\u00e9glables et ind\u00e9pendants, dossier r\u00e9glable, repose bras r\u00e9glable, barres de fixation pour les sangles et roulettes escamotables.<br \/>\nRail central pour faciliter le sanglage, indicateur d\u2019inclinaison, sangle de fixation des membres inf\u00e9rieurs et sangle abdominale avec 2 poign\u00e9es de maintien r\u00e9glables en hauteur et amovibles.<\/p>\n<p>Longueur: 189 cm<br \/>\nLargeur: 64 cm<br \/>\nHauteur: 48-95 cm<br \/>\nPoids: 85 kg<br \/>\nCharge maximale: 250 kg<br \/>\nMoteurs: 2<br \/>\n\u00c9paisseur de mousse: 5 cm, densit\u00e9: 36 kg\/m3<br \/>\nRev\u00eatement: MED PVC<br \/>\nHauteur (position \u00e0 plat): 48-95 cm<br \/>\nAngle d&rsquo;inclination de 0\u00ba \u00e0 85\u00ba<br \/>\nRepose-pied r\u00e9glable<br \/>\nAccoudoirs r\u00e9glables<br \/>\nT\u00e9l\u00e9commande \u00e0 main<br \/>\nBo\u00eete de contr\u00f4le pour \u00e9quipement m\u00e9dical<br \/>\nTrou visage<br \/>\nSyst\u00e8me \u00e0 4 roues \u00e0 frein<br \/>\nCertifications: 93\/42\/EEC directive dispositifs m\u00e9dicaux<\/p>\n<h3>Video de la table de verticalisation m\u00e9dicale.<\/h3>\n<div style=\"width: 1170px;\" class=\"wp-video\"><video class=\"wp-video-shortcode\" id=\"video-3311-1\" width=\"1170\" height=\"662\" preload=\"metadata\" controls=\"controls\"><source type=\"video\/mp4\" src=\"https:\/\/swissmassage.ch\/wp-content\/uploads\/Video-table-de-verticalisation-medicale-suisse.mp4?_=1\" \/><a href=\"https:\/\/swissmassage.ch\/wp-content\/uploads\/Video-table-de-verticalisation-medicale-suisse.mp4\">https:\/\/swissmassage.ch\/wp-content\/uploads\/Video-table-de-verticalisation-medicale-suisse.mp4<\/a><\/video><\/div>\n","protected":false},"excerpt":{"rendered":"<p>Table de Verticalisation pour soins d&rsquo;hernies discales Table de verticalisation \u00e9lectrique 2 plans avec dossier et 2 moteurs pour la hauteur et la verticalisation. Verticalisation \u00e9lectrique, repose pieds r\u00e9glables et ind\u00e9pendants, dossier r\u00e9glable, repose bras r\u00e9glable, barres de fixation pour les sangles et roulettes escamotables. Rail central pour faciliter le sanglage, indicateur d\u2019inclinaison, sangle de&hellip;<\/p>\n","protected":false},"featured_media":20761,"template":"","meta":{"_seopress_robots_primary_cat":"none","_seopress_titles_title":"Table de Verticalisation m\u00e9dicale en liquidation","_seopress_titles_desc":"Table de Verticalisation pour soins d'hernies discales, mod\u00e8le en liquidation avec 1 an de garantie. 2 plans avec dossier et 2 moteurs pour la hauteur et la verticalisation.","_seopress_robots_index":""},"pwb-brand":[],"product_brand":[],"product_cat":[352,1076],"product_tag":[1213,1212],"product_folder":[1032],"class_list":{"0":"post-3311","1":"product","2":"type-product","3":"status-publish","4":"has-post-thumbnail","6":"product_cat-table-de-verticalisation","7":"product_cat-tous-les-articles-physio-medical","8":"product_tag-table-de-verticalisation","9":"product_tag-verticalisation","11":"first","12":"instock","13":"taxable","14":"shipping-taxable","15":"purchasable","16":"product-type-simple"},"exclude_global_add_ons":[],"addons":[],"brands":[],"_links":{"self":[{"href":"https:\/\/swissmassage.ch\/fr\/wp-json\/wp\/v2\/product\/3311","targetHints":{"allow":["GET"]}}],"collection":[{"href":"https:\/\/swissmassage.ch\/fr\/wp-json\/wp\/v2\/product"}],"about":[{"href":"https:\/\/swissmassage.ch\/fr\/wp-json\/wp\/v2\/types\/product"}],"wp:featuredmedia":[{"embeddable":true,"href":"https:\/\/swissmassage.ch\/fr\/wp-json\/wp\/v2\/media\/20761"}],"wp:attachment":[{"href":"https:\/\/swissmassage.ch\/fr\/wp-json\/wp\/v2\/media?parent=3311"}],"wp:term":[{"taxonomy":"pwb-brand","embeddable":true,"href":"https:\/\/swissmassage.ch\/fr\/wp-json\/wp\/v2\/pwb-brand?post=3311"},{"taxonomy":"product_brand","embeddable":true,"href":"https:\/\/swissmassage.ch\/fr\/wp-json\/wp\/v2\/product_brand?post=3311"},{"taxonomy":"product_cat","embeddable":true,"href":"https:\/\/swissmassage.ch\/fr\/wp-json\/wp\/v2\/product_cat?post=3311"},{"taxonomy":"product_tag","embeddable":true,"href":"https:\/\/swissmassage.ch\/fr\/wp-json\/wp\/v2\/product_tag?post=3311"},{"taxonomy":"product_folder","embeddable":true,"href":"https:\/\/swissmassage.ch\/fr\/wp-json\/wp\/v2\/product_folder?post=3311"}],"curies":[{"name":"wp","href":"https:\/\/api.w.org\/{rel}","templated":true}]}}