{"id":3321,"date":"2023-05-24T14:51:03","date_gmt":"2023-05-24T14:51:03","guid":{"rendered":"https:\/\/suissemassage.digichablais.ch\/?product=modele-healthy-table-d-examens-medicaux-electrique"},"modified":"2026-01-19T15:15:41","modified_gmt":"2026-01-19T14:15:41","slug":"modele-healthy-table-d-examens-medicaux-electrique","status":"publish","type":"product","link":"https:\/\/swissmassage.ch\/fr\/produits\/modele-healthy-table-d-examens-medicaux-electrique\/","title":{"rendered":"Table d&rsquo;examen m\u00e9dical Mod\u00e8le Healthy"},"content":{"rendered":"<h2>Table d&rsquo;examen m\u00e9dical et table de soins avec moteur \u00e9lectrique pour le r\u00e9glage de la hauteur.<\/h2>\n<p>Pratique, simple, fiable, la table d&rsquo;examens m\u00e9dicaux \u00e9lectrique de soins pour m\u00e9decins g\u00e9n\u00e9ralistes est r\u00e9glable en hauteur par commande \u00e0 pieds de 46 \u00e0 94 cm.<br \/>\nCes dimensions 66 cm de large pour 195 cm de long procurent confort au patient tout en donnant la proximit\u00e9 au m\u00e9decin.<br \/>\nSa mousse de 5 cm d&rsquo;\u00e9paisseur pour une densit\u00e9 de 36 Kg\/m3 donne confort et d\u00e9tendre.<br \/>\nLe dossier relevable par v\u00e9rin \u00e0 gaz, permet d&rsquo;ausculter le patient en position assise. il est \u00e9quip\u00e9e du trou facial et de son bouchon pour la pratique de soins en positions ventrales.<br \/>\nSa hauteur de 94 cm permet d&rsquo;ausculter de mani\u00e8re pr\u00e9cise, en particulier en dermathologie.<br \/>\nLa table de soins p\u00e8se 65 Kg. elle supporte jusqu&rsquo;\u00e0 225 Kg.<br \/>\nSon rev\u00eatement en PVC-MED est aux normes m\u00e9dicales, elle peut donc \u00eatre utilis\u00e9e en milieux hospitaliers.<br \/>\nCertification 93\/42\/EEC Directive Dispositifs M\u00e9dicaux.<\/p>\n<h3>Vid\u00e9o table m\u00e9dicale Healthy<\/h3>\n<div style=\"width: 1170px;\" class=\"wp-video\"><video class=\"wp-video-shortcode\" id=\"video-3321-1\" width=\"1170\" height=\"658\" preload=\"metadata\" controls=\"controls\"><source type=\"video\/mp4\" src=\"https:\/\/swissmassage.ch\/wp-content\/uploads\/Video-Table-de-soins-medicaux-modele-Healthy-Coinfycare-Swissmassage.mp4?_=1\" \/><a href=\"https:\/\/swissmassage.ch\/wp-content\/uploads\/Video-Table-de-soins-medicaux-modele-Healthy-Coinfycare-Swissmassage.mp4\">https:\/\/swissmassage.ch\/wp-content\/uploads\/Video-Table-de-soins-medicaux-modele-Healthy-Coinfycare-Swissmassage.mp4<\/a><\/video><\/div>\n","protected":false},"excerpt":{"rendered":"<p>Table d&rsquo;examen m\u00e9dical et table de soins avec moteur \u00e9lectrique pour le r\u00e9glage de la hauteur. Pratique, simple, fiable, la table d&rsquo;examens m\u00e9dicaux \u00e9lectrique de soins pour m\u00e9decins g\u00e9n\u00e9ralistes est r\u00e9glable en hauteur par commande \u00e0 pieds de 46 \u00e0 94 cm. Ces dimensions 66 cm de large pour 195 cm de long procurent confort&hellip;<\/p>\n","protected":false},"featured_media":19913,"template":"","meta":{"_seopress_robots_primary_cat":"none","_seopress_titles_title":"Table d'examen m\u00e9dical Mod\u00e8le Healthy en promotion","_seopress_titles_desc":"Pratique, simple, fiable, la table d'examens m\u00e9dicaux \u00e9lectrique de soins pour m\u00e9decins g\u00e9n\u00e9ralistes est r\u00e9glable en hauteur par commande \u00e0 pieds de 46 \u00e0 94 cm.","_seopress_robots_index":""},"pwb-brand":[],"product_brand":[],"product_cat":[366,1076],"product_tag":[1196],"product_folder":[1013],"class_list":{"0":"post-3321","1":"product","2":"type-product","3":"status-publish","4":"has-post-thumbnail","6":"product_cat-table-examens-medicaux","7":"product_cat-tous-les-articles-physio-medical","8":"product_tag-table-examens-medicaux","10":"first","11":"instock","12":"taxable","13":"shipping-taxable","14":"purchasable","15":"product-type-simple"},"exclude_global_add_ons":false,"addons":[{"name":"D\u00e9rouleur de papier d'examens m\u00e9dicaux","type":"multiple_choice","position":0,"required":false,"title_format":"label","description_enable":false,"description":"","placeholder_enable":false,"placeholder":"","display":"images","restrictions_type":"any_text","adjust_price":false,"price":"","price_type":"flat_fee","restrictions":false,"min":0,"max":0,"options":[{"label":"Avec D\u00e9rouleur de papier d'examens m\u00e9dicaux","price":"80","price_type":"flat_fee","image":8506}],"id":1718011518}],"brands":[],"_links":{"self":[{"href":"https:\/\/swissmassage.ch\/fr\/wp-json\/wp\/v2\/product\/3321","targetHints":{"allow":["GET"]}}],"collection":[{"href":"https:\/\/swissmassage.ch\/fr\/wp-json\/wp\/v2\/product"}],"about":[{"href":"https:\/\/swissmassage.ch\/fr\/wp-json\/wp\/v2\/types\/product"}],"wp:featuredmedia":[{"embeddable":true,"href":"https:\/\/swissmassage.ch\/fr\/wp-json\/wp\/v2\/media\/19913"}],"wp:attachment":[{"href":"https:\/\/swissmassage.ch\/fr\/wp-json\/wp\/v2\/media?parent=3321"}],"wp:term":[{"taxonomy":"pwb-brand","embeddable":true,"href":"https:\/\/swissmassage.ch\/fr\/wp-json\/wp\/v2\/pwb-brand?post=3321"},{"taxonomy":"product_brand","embeddable":true,"href":"https:\/\/swissmassage.ch\/fr\/wp-json\/wp\/v2\/product_brand?post=3321"},{"taxonomy":"product_cat","embeddable":true,"href":"https:\/\/swissmassage.ch\/fr\/wp-json\/wp\/v2\/product_cat?post=3321"},{"taxonomy":"product_tag","embeddable":true,"href":"https:\/\/swissmassage.ch\/fr\/wp-json\/wp\/v2\/product_tag?post=3321"},{"taxonomy":"product_folder","embeddable":true,"href":"https:\/\/swissmassage.ch\/fr\/wp-json\/wp\/v2\/product_folder?post=3321"}],"curies":[{"name":"wp","href":"https:\/\/api.w.org\/{rel}","templated":true}]}}