{"id":3390,"date":"2023-05-24T14:51:39","date_gmt":"2023-05-24T14:51:39","guid":{"rendered":"https:\/\/suissemassage.digichablais.ch\/?product=modele-pacha-blanc-fauteuil-de-pedicure"},"modified":"2024-08-27T10:10:09","modified_gmt":"2024-08-27T08:10:09","slug":"fauteuil-de-pedicure-modele-pacha-blanc","status":"publish","type":"product","link":"https:\/\/swissmassage.ch\/fr\/produits\/fauteuil-de-pedicure-modele-pacha-blanc\/","title":{"rendered":"Fauteuil de p\u00e9dicure blanc Mod\u00e8le Pacha"},"content":{"rendered":"<h2>Fauteuil de p\u00e9dicure et onglerie mod\u00e8le Pacha blanc.<\/h2>\n<p>Fauteuil de p\u00e9dicure et d&rsquo;onglerie tr\u00e8s confortable au design \u00e9l\u00e9gant.<br \/>\n\u00c9tudi\u00e9 pour la beaut\u00e9 des pieds, onglerie et aussi pour les soins de p\u00e9dicures.<br \/>\n\u00c9quip\u00e9 d&rsquo;un dossier inclinable, il permet d&rsquo;atteindre la position la plus confortable.<br \/>\nLa partie inf\u00e9rieure s&rsquo;ouvre en donnant acc\u00e8s au footspa bain de pieds hydromassage inclus.<br \/>\nElle se transforme en appuis pieds qui peut se r\u00e9gler en hauteur donnant beaucoup de confort au praticien.<br \/>\nDimensions: 136 cm de long par 86 cm de large et 126 cm de haut, hauteur d&rsquo;assise 56 cm.<br \/>\n\u00c9vitez de verser de l&rsquo;eau sur les parties m\u00e9talliques o\u00f9 se trouve le bac afin de pr\u00e9venir tout risque de corrosion \u00e0 long terme.<\/p>\n<p>Livrable dans toute la Suisse ou \u00e0 tester \u00e0 notre exposition de Aigle sur RDV.<\/p>\n","protected":false},"excerpt":{"rendered":"<p>Fauteuil de p\u00e9dicure et onglerie mod\u00e8le Pacha blanc. Fauteuil de p\u00e9dicure et d&rsquo;onglerie tr\u00e8s confortable au design \u00e9l\u00e9gant. \u00c9tudi\u00e9 pour la beaut\u00e9 des pieds, onglerie et aussi pour les soins de p\u00e9dicures. \u00c9quip\u00e9 d&rsquo;un dossier inclinable, il permet d&rsquo;atteindre la position la plus confortable. La partie inf\u00e9rieure s&rsquo;ouvre en donnant acc\u00e8s au footspa bain de&hellip;<\/p>\n","protected":false},"featured_media":3391,"template":"","meta":{"_seopress_robots_primary_cat":"none","_seopress_titles_title":"","_seopress_titles_desc":"Fauteuil de p\u00e9dicure et onglerie mod\u00e8le Pacha blanc. La partie inf\u00e9rieure s'ouvre en donnant acc\u00e8s au footspa bain de pieds hydromassage inclus.","_seopress_robots_index":""},"pwb-brand":[],"product_brand":[],"product_cat":[1053,344,268,1077,1076,1080],"product_tag":[1168,1135],"product_folder":[1000],"class_list":{"0":"post-3390","1":"product","2":"type-product","3":"status-publish","4":"has-post-thumbnail","6":"product_cat-pedicure","7":"product_cat-podologie-ems","8":"product_cat-pedicure-podologie","9":"product_cat-tous-les-articles-esthetiques","10":"product_cat-tous-les-articles-physio-medical","11":"product_cat-tous-les-articles-seniors","12":"product_tag-fauteuil-de-pedicure","13":"product_tag-pedicure","15":"first","16":"instock","17":"taxable","18":"shipping-taxable","19":"purchasable","20":"product-type-simple"},"exclude_global_add_ons":[],"addons":[],"brands":[],"_links":{"self":[{"href":"https:\/\/swissmassage.ch\/fr\/wp-json\/wp\/v2\/product\/3390","targetHints":{"allow":["GET"]}}],"collection":[{"href":"https:\/\/swissmassage.ch\/fr\/wp-json\/wp\/v2\/product"}],"about":[{"href":"https:\/\/swissmassage.ch\/fr\/wp-json\/wp\/v2\/types\/product"}],"wp:featuredmedia":[{"embeddable":true,"href":"https:\/\/swissmassage.ch\/fr\/wp-json\/wp\/v2\/media\/3391"}],"wp:attachment":[{"href":"https:\/\/swissmassage.ch\/fr\/wp-json\/wp\/v2\/media?parent=3390"}],"wp:term":[{"taxonomy":"pwb-brand","embeddable":true,"href":"https:\/\/swissmassage.ch\/fr\/wp-json\/wp\/v2\/pwb-brand?post=3390"},{"taxonomy":"product_brand","embeddable":true,"href":"https:\/\/swissmassage.ch\/fr\/wp-json\/wp\/v2\/product_brand?post=3390"},{"taxonomy":"product_cat","embeddable":true,"href":"https:\/\/swissmassage.ch\/fr\/wp-json\/wp\/v2\/product_cat?post=3390"},{"taxonomy":"product_tag","embeddable":true,"href":"https:\/\/swissmassage.ch\/fr\/wp-json\/wp\/v2\/product_tag?post=3390"},{"taxonomy":"product_folder","embeddable":true,"href":"https:\/\/swissmassage.ch\/fr\/wp-json\/wp\/v2\/product_folder?post=3390"}],"curies":[{"name":"wp","href":"https:\/\/api.w.org\/{rel}","templated":true}]}}