{"id":3406,"date":"2023-05-24T14:51:48","date_gmt":"2023-05-24T14:51:48","guid":{"rendered":"https:\/\/suissemassage.digichablais.ch\/?product=table-onglerie-crystal-nails"},"modified":"2024-01-04T11:41:09","modified_gmt":"2024-01-04T10:41:09","slug":"table-onglerie-crystal-nails","status":"publish","type":"product","link":"https:\/\/swissmassage.ch\/fr\/produits\/table-onglerie-crystal-nails\/","title":{"rendered":"Table Onglerie Crystal Nails"},"content":{"rendered":"<h2><span style=\"font-size: 10pt;\">Table pour ongleries manucure Crystal Nails.<\/span><\/h2>\n<p><span style=\"font-size: 10pt;\">La grande classe avec une grande stabilit\u00e9, un espace de travail adapt\u00e9, une capacit\u00e9 de rangement importante, un syst\u00e8me d&rsquo;aspirateur normalis\u00e9 pour votre bien-\u00eatre.<br \/>\n<\/span>Sa vitre tr\u00e8s \u00e9paisse facile \u00e0 nettoyer permet de garder une igi\u00e8ne ir\u00e9prochage.<br \/>\nDimensions:<br \/>\nVitre 122 cm par 44 cm.<br \/>\nHauteur de travail 77 cm.<\/p>\n","protected":false},"excerpt":{"rendered":"<p>Table pour ongleries manucure Crystal Nails. La grande classe avec une grande stabilit\u00e9, un espace de travail adapt\u00e9, une capacit\u00e9 de rangement importante, un syst\u00e8me d&rsquo;aspirateur normalis\u00e9 pour votre bien-\u00eatre. Sa vitre tr\u00e8s \u00e9paisse facile \u00e0 nettoyer permet de garder une igi\u00e8ne ir\u00e9prochage. Dimensions: Vitre 122 cm par 44 cm. Hauteur de travail 77 cm.<\/p>\n","protected":false},"featured_media":3407,"template":"","meta":{"_seopress_robots_primary_cat":"none","_seopress_titles_title":"","_seopress_titles_desc":"Table pour onglerie en verre avec tiroirs de rangement ventilateur et un espace de travail adapt\u00e9.","_seopress_robots_index":""},"pwb-brand":[],"product_brand":[],"product_cat":[350,1077],"product_tag":[],"product_folder":[1025],"class_list":{"0":"post-3406","1":"product","2":"type-product","3":"status-publish","4":"has-post-thumbnail","6":"product_cat-equipements-ongleries","7":"product_cat-tous-les-articles-esthetiques","9":"first","10":"instock","11":"taxable","12":"shipping-taxable","13":"purchasable","14":"product-type-simple"},"exclude_global_add_ons":[],"addons":[],"brands":[],"_links":{"self":[{"href":"https:\/\/swissmassage.ch\/fr\/wp-json\/wp\/v2\/product\/3406","targetHints":{"allow":["GET"]}}],"collection":[{"href":"https:\/\/swissmassage.ch\/fr\/wp-json\/wp\/v2\/product"}],"about":[{"href":"https:\/\/swissmassage.ch\/fr\/wp-json\/wp\/v2\/types\/product"}],"wp:featuredmedia":[{"embeddable":true,"href":"https:\/\/swissmassage.ch\/fr\/wp-json\/wp\/v2\/media\/3407"}],"wp:attachment":[{"href":"https:\/\/swissmassage.ch\/fr\/wp-json\/wp\/v2\/media?parent=3406"}],"wp:term":[{"taxonomy":"pwb-brand","embeddable":true,"href":"https:\/\/swissmassage.ch\/fr\/wp-json\/wp\/v2\/pwb-brand?post=3406"},{"taxonomy":"product_brand","embeddable":true,"href":"https:\/\/swissmassage.ch\/fr\/wp-json\/wp\/v2\/product_brand?post=3406"},{"taxonomy":"product_cat","embeddable":true,"href":"https:\/\/swissmassage.ch\/fr\/wp-json\/wp\/v2\/product_cat?post=3406"},{"taxonomy":"product_tag","embeddable":true,"href":"https:\/\/swissmassage.ch\/fr\/wp-json\/wp\/v2\/product_tag?post=3406"},{"taxonomy":"product_folder","embeddable":true,"href":"https:\/\/swissmassage.ch\/fr\/wp-json\/wp\/v2\/product_folder?post=3406"}],"curies":[{"name":"wp","href":"https:\/\/api.w.org\/{rel}","templated":true}]}}