{"id":3412,"date":"2023-05-24T14:51:52","date_gmt":"2023-05-24T14:51:52","guid":{"rendered":"https:\/\/suissemassage.digichablais.ch\/?product=table-de-change-medicale"},"modified":"2024-07-12T14:38:32","modified_gmt":"2024-07-12T12:38:32","slug":"table-de-change-medicale","status":"publish","type":"product","link":"https:\/\/swissmassage.ch\/fr\/produits\/table-de-change-medicale\/","title":{"rendered":"Table de change m\u00e9dicale"},"content":{"rendered":"<h2>Table m\u00e9dicale de change avec r\u00e9glage de la hauteur motoris\u00e9<\/h2>\n<p>Une table de change totalement mobile.<br \/>\nLa table Mobi Changer est une table de change qui ne n\u00e9cessite pas d\u2019installation ni de fixation particuli\u00e8re.\u00a0 Son design compact et fin lui permet d\u2019\u00eatre facilement d\u00e9plac\u00e9e d\u2019une pi\u00e8ce \u00e0 l\u2019autre. Elle constitue une solution \u00e9conomique pour des utilisateurs et des transferts multiples.<br \/>\nHauteur ajustable<br \/>\nMotoris\u00e9e \u00e9lectriquement, la table de change Mobi Changer est facile \u00e0 man\u0153uvrer par simple appui sur la t\u00e9l\u00e9commande. La course en hauteur est de\u00a0 480 mm, le r\u00e9glage de la hauteur de travail id\u00e9ale est facilement r\u00e9glable. Cela permet d\u2019\u00e9viter les douleurs au dos du personnel soignant.<br \/>\nTransferts faciles<br \/>\nCette table de change mobile offre suffisamment d\u2019espace pour l\u2019acc\u00e8s avec une grande vari\u00e9t\u00e9 de porte-malade. Sa mobilit\u00e9 et son syst\u00e8me original de barri\u00e8res de s\u00e9curit\u00e9 escamotables permet les transferts de fa\u00e7on s\u00fbre et ais\u00e9e. Que vous transf\u00e9riez depuis un lit, un chaise roulante ou des toilettes, le Mobi Changer est la solution id\u00e9ale.<br \/>\nUn dossier inclinable est \u00e9galement disponible en option (uniquement sur la version acier laqu\u00e9).<br \/>\nLe Mobi Changer est disponible en structure acier laqu\u00e9 pour les environnements secs ou en acier inoxydable pour les environnements humides.<br \/>\nContactez-nous pour plus d\u2019information sur\u00a0 ce produit mais \u00e9galement sur d\u2019autres solutions pour le change ou la douche des personnes \u00e0 mobilit\u00e9 r\u00e9duite.<\/p>\n<h2>Sp\u00e9cifications techniques du Mobi Changer<\/h2>\n<p>Mobile et facile \u00e0 man\u0153uvrer<br \/>\nPas d\u2019installation n\u00e9cessaire<br \/>\nacier laqu\u00e9 pour les environnements secs ou acier inoxydable pour les environnements humides<br \/>\nDisponible en 3 tailles<br \/>\nCourse en hauteur de 480 mm<br \/>\nLongueur de plateau disponible en 1400 mm, 1600 mm, 1800 mm et 2100 mm<br \/>\nSurfaces capitonn\u00e9es faciles \u00e0 entretenir<br \/>\nBarri\u00e8res de protection amovibles<br \/>\nCapacit\u00e9 de 227 kg<br \/>\nDossier inclinable disponible en option.<\/p>\n<p>Vid\u00e9o table m\u00e9dicale de change.<\/p>\n<div style=\"width: 640px;\" class=\"wp-video\"><video class=\"wp-video-shortcode\" id=\"video-3412-1\" width=\"640\" height=\"352\" preload=\"auto\" controls=\"controls\"><source type=\"video\/mp4\" src=\"https:\/\/swissmassage.ch\/wp-content\/uploads\/Table-de-change-Suisse.mp4?_=1\" \/><a href=\"https:\/\/swissmassage.ch\/wp-content\/uploads\/Table-de-change-Suisse.mp4\">https:\/\/swissmassage.ch\/wp-content\/uploads\/Table-de-change-Suisse.mp4<\/a><\/video><\/div>\n","protected":false},"excerpt":{"rendered":"<p>Table m\u00e9dicale de change avec r\u00e9glage de la hauteur motoris\u00e9 Une table de change totalement mobile. La table Mobi Changer est une table de change qui ne n\u00e9cessite pas d\u2019installation ni de fixation particuli\u00e8re.\u00a0 Son design compact et fin lui permet d\u2019\u00eatre facilement d\u00e9plac\u00e9e d\u2019une pi\u00e8ce \u00e0 l\u2019autre. Elle constitue une solution \u00e9conomique pour des&hellip;<\/p>\n","protected":false},"featured_media":3413,"template":"","meta":{"_seopress_robots_primary_cat":"none","_seopress_titles_title":"Table m\u00e9dicale de change avec r\u00e9glage de la hauteur motoris\u00e9","_seopress_titles_desc":"La table Mobi Changer est une table de change qui ne n\u00e9cessite pas d\u2019installation ni de fixation particuli\u00e8re. Son design compact et fin lui permet d\u2019\u00eatre facilement d\u00e9plac\u00e9e","_seopress_robots_index":""},"pwb-brand":[],"product_brand":[],"product_cat":[323,1076],"product_tag":[1201,1216],"product_folder":[1032],"class_list":{"0":"post-3412","1":"product","2":"type-product","3":"status-publish","4":"has-post-thumbnail","6":"product_cat-lit-medicale","7":"product_cat-tous-les-articles-physio-medical","8":"product_tag-medical","9":"product_tag-table-de-change","11":"first","12":"instock","13":"taxable","14":"shipping-taxable","15":"purchasable","16":"product-type-simple"},"exclude_global_add_ons":[],"addons":[],"brands":[],"_links":{"self":[{"href":"https:\/\/swissmassage.ch\/fr\/wp-json\/wp\/v2\/product\/3412","targetHints":{"allow":["GET"]}}],"collection":[{"href":"https:\/\/swissmassage.ch\/fr\/wp-json\/wp\/v2\/product"}],"about":[{"href":"https:\/\/swissmassage.ch\/fr\/wp-json\/wp\/v2\/types\/product"}],"wp:featuredmedia":[{"embeddable":true,"href":"https:\/\/swissmassage.ch\/fr\/wp-json\/wp\/v2\/media\/3413"}],"wp:attachment":[{"href":"https:\/\/swissmassage.ch\/fr\/wp-json\/wp\/v2\/media?parent=3412"}],"wp:term":[{"taxonomy":"pwb-brand","embeddable":true,"href":"https:\/\/swissmassage.ch\/fr\/wp-json\/wp\/v2\/pwb-brand?post=3412"},{"taxonomy":"product_brand","embeddable":true,"href":"https:\/\/swissmassage.ch\/fr\/wp-json\/wp\/v2\/product_brand?post=3412"},{"taxonomy":"product_cat","embeddable":true,"href":"https:\/\/swissmassage.ch\/fr\/wp-json\/wp\/v2\/product_cat?post=3412"},{"taxonomy":"product_tag","embeddable":true,"href":"https:\/\/swissmassage.ch\/fr\/wp-json\/wp\/v2\/product_tag?post=3412"},{"taxonomy":"product_folder","embeddable":true,"href":"https:\/\/swissmassage.ch\/fr\/wp-json\/wp\/v2\/product_folder?post=3412"}],"curies":[{"name":"wp","href":"https:\/\/api.w.org\/{rel}","templated":true}]}}