{"id":3450,"date":"2023-05-24T14:52:11","date_gmt":"2023-05-24T14:52:11","guid":{"rendered":"https:\/\/suissemassage.digichablais.ch\/?product=fauteuil-podologie-beautyfeet-wide-anthracite"},"modified":"2025-11-01T17:49:28","modified_gmt":"2025-11-01T16:49:28","slug":"fauteuil-podologie-beautyfeet-wide-anthracite","status":"publish","type":"product","link":"https:\/\/swissmassage.ch\/fr\/produits\/fauteuil-podologie-beautyfeet-wide-anthracite\/","title":{"rendered":"Fauteuil Podologie mod\u00e8le Sadira Anthracite mod\u00e8le en liquidation"},"content":{"rendered":"<h2>Fauteuil de Podologie mod\u00e8le Sadira Anthracite en liquidation avec 1 an de garantie.<\/h2>\n<p>Permet de pratiquer les soins de podologie.<br \/>\nElle dispose de 3 moteurs tr\u00e8s rapides et silencieux avec t\u00e9l\u00e9commande \u00e0 main:<br \/>\n1er moteur r\u00e8gle la hauteur avec une grande amplitude de 61cm \u00e0 106cm.<br \/>\n2\u00e8me moteur\u00a0rel\u00e8ve le dossier en position assise.<br \/>\n3\u00e8me moteur permet de relever les jambes et de changer l&rsquo;inclinaison de la chaise de massage.<br \/>\nAppuis-t\u00eate r\u00e9glable pr\u00e9cis pour un confort maximum.<br \/>\nMousse de 8,5cm haute densit\u00e9 tr\u00e8s confortable et efficace.<br \/>\nLargeur 58 cm + 12 cm de chaque c\u00f4t\u00e9s avec les accoudoirs escamotables soit 84 cm.<br \/>\nRotation des jambes de 0 \u00e0 90\u00b0<br \/>\nLongueur 187 cm.<br \/>\nPoids 83 Kg.<br \/>\nPoids support\u00e9 200 Kg.<\/p>\n<p>&nbsp;<\/p>\n","protected":false},"excerpt":{"rendered":"<p>Fauteuil de Podologie mod\u00e8le Sadira Anthracite en liquidation avec 1 an de garantie. Permet de pratiquer les soins de podologie. Elle dispose de 3 moteurs tr\u00e8s rapides et silencieux avec t\u00e9l\u00e9commande \u00e0 main: 1er moteur r\u00e8gle la hauteur avec une grande amplitude de 61cm \u00e0 106cm. 2\u00e8me moteur\u00a0rel\u00e8ve le dossier en position assise. 3\u00e8me moteur&hellip;<\/p>\n","protected":false},"featured_media":8095,"template":"","meta":{"_seopress_robots_primary_cat":"1053","_seopress_titles_title":"","_seopress_titles_desc":"Fauteuil param\u00e9dical pour soins de podologie ou de p\u00e9dicure. Elle dispose de 3 moteurs tr\u00e8s rapides et silencieux avec t\u00e9l\u00e9commande \u00e0 main.","_seopress_robots_index":""},"pwb-brand":[],"product_brand":[],"product_cat":[1053,373,344,268,1077,1076,1080],"product_tag":[1168,1167,1135,1088],"product_folder":[1000],"class_list":{"0":"post-3450","1":"product","2":"type-product","3":"status-publish","4":"has-post-thumbnail","6":"product_cat-pedicure","7":"product_cat-outlet","8":"product_cat-podologie-ems","9":"product_cat-pedicure-podologie","10":"product_cat-tous-les-articles-esthetiques","11":"product_cat-tous-les-articles-physio-medical","12":"product_cat-tous-les-articles-seniors","13":"product_tag-fauteuil-de-pedicure","14":"product_tag-fauteuil-de-podologie","15":"product_tag-pedicure","16":"product_tag-podologie","18":"first","19":"instock","20":"sale","21":"taxable","22":"shipping-taxable","23":"purchasable","24":"product-type-simple"},"exclude_global_add_ons":false,"addons":[{"name":"Options:","type":"checkbox","position":0,"required":false,"title_format":"label","description_enable":false,"description":"","placeholder_enable":false,"placeholder":"","display":"select","restrictions_type":"any_text","adjust_price":false,"price":"","price_type":"flat_fee","restrictions":false,"min":0,"max":0,"options":[{"label":"Commande \u00e0 pieds au sol","price":"250","price_type":"flat_fee","image":0},{"label":"Dessous de pieds en feutre, facilitent le d\u00e9placement","price":"20","price_type":"flat_fee","image":0},{"label":"D\u00e9rouleur de papier d'examen","price":"50","price_type":"flat_fee","image":0},{"label":"Bac de travail","price":"140","price_type":"flat_fee","image":0}],"id":1704368111}],"brands":[],"_links":{"self":[{"href":"https:\/\/swissmassage.ch\/fr\/wp-json\/wp\/v2\/product\/3450","targetHints":{"allow":["GET"]}}],"collection":[{"href":"https:\/\/swissmassage.ch\/fr\/wp-json\/wp\/v2\/product"}],"about":[{"href":"https:\/\/swissmassage.ch\/fr\/wp-json\/wp\/v2\/types\/product"}],"wp:featuredmedia":[{"embeddable":true,"href":"https:\/\/swissmassage.ch\/fr\/wp-json\/wp\/v2\/media\/8095"}],"wp:attachment":[{"href":"https:\/\/swissmassage.ch\/fr\/wp-json\/wp\/v2\/media?parent=3450"}],"wp:term":[{"taxonomy":"pwb-brand","embeddable":true,"href":"https:\/\/swissmassage.ch\/fr\/wp-json\/wp\/v2\/pwb-brand?post=3450"},{"taxonomy":"product_brand","embeddable":true,"href":"https:\/\/swissmassage.ch\/fr\/wp-json\/wp\/v2\/product_brand?post=3450"},{"taxonomy":"product_cat","embeddable":true,"href":"https:\/\/swissmassage.ch\/fr\/wp-json\/wp\/v2\/product_cat?post=3450"},{"taxonomy":"product_tag","embeddable":true,"href":"https:\/\/swissmassage.ch\/fr\/wp-json\/wp\/v2\/product_tag?post=3450"},{"taxonomy":"product_folder","embeddable":true,"href":"https:\/\/swissmassage.ch\/fr\/wp-json\/wp\/v2\/product_folder?post=3450"}],"curies":[{"name":"wp","href":"https:\/\/api.w.org\/{rel}","templated":true}]}}