{"id":3460,"date":"2023-05-24T14:52:15","date_gmt":"2023-05-24T14:52:15","guid":{"rendered":"https:\/\/suissemassage.digichablais.ch\/?product=bac-pedispa"},"modified":"2026-04-16T15:53:18","modified_gmt":"2026-04-16T13:53:18","slug":"bac-pedispa","status":"publish","type":"product","link":"https:\/\/swissmassage.ch\/fr\/produits\/bac-pedispa\/","title":{"rendered":"Bac Pedispa bleu"},"content":{"rendered":"<h2>Bac Pedispa bleu avec syst\u00e8me de vibrations massage des pieds et chauffage int\u00e9gr\u00e9.<\/h2>\n<p>Facilite la pr\u00e9paration \u00e0 la p\u00e9dicure<span style=\"font-size: 13.3333px\"><br \/>\nLongueur 44 cm.<br \/>\nLargeur 37 cm.<br \/>\nHauteur 14 cm.<br \/>\nPoids 3.75 Kg.<br \/>\nPuissance 130 W.<br \/>\nCapacit\u00e9 5 litres.<\/span><span style=\"color: #000000\"><span style=\"font-size: 13.3333px\"><br \/>\n<span style=\"color: #000000;font-size: 10pt\"><br \/>\nLivrable dans toute la Suisse ou \u00e0 tester \u00e0 notre exposition de Aigle sur RDV.<br \/>\n<\/span><\/span><\/span><\/p>\n","protected":false},"excerpt":{"rendered":"<p>Bac Pedispa bleu avec syst\u00e8me de vibrations massage des pieds et chauffage int\u00e9gr\u00e9. Facilite la pr\u00e9paration \u00e0 la p\u00e9dicure Longueur 44 cm. Largeur 37 cm. Hauteur 14 cm. Poids 3.75 Kg. Puissance 130 W. Capacit\u00e9 5 litres. Livrable dans toute la Suisse ou \u00e0 tester \u00e0 notre exposition de Aigle sur RDV.<\/p>\n","protected":false},"featured_media":8541,"template":"","meta":{"_seopress_robots_primary_cat":"none","_seopress_titles_title":"","_seopress_titles_desc":"Bac p\u00e9dispa massant et relaxant pour les pieds, pr\u00e9pare \u00e0 la p\u00e9dicure.","_seopress_robots_index":""},"pwb-brand":[],"product_brand":[],"product_cat":[1053,344,268,1077,1076,1080],"product_tag":[1135],"product_folder":[1000],"class_list":{"0":"post-3460","1":"product","2":"type-product","3":"status-publish","4":"has-post-thumbnail","6":"product_cat-pedicure","7":"product_cat-podologie-ems","8":"product_cat-pedicure-podologie","9":"product_cat-tous-les-articles-esthetiques","10":"product_cat-tous-les-articles-physio-medical","11":"product_cat-tous-les-articles-seniors","12":"product_tag-pedicure","14":"first","15":"instock","16":"taxable","17":"shipping-taxable","18":"purchasable","19":"product-type-simple"},"exclude_global_add_ons":[],"addons":[],"brands":[],"_links":{"self":[{"href":"https:\/\/swissmassage.ch\/fr\/wp-json\/wp\/v2\/product\/3460","targetHints":{"allow":["GET"]}}],"collection":[{"href":"https:\/\/swissmassage.ch\/fr\/wp-json\/wp\/v2\/product"}],"about":[{"href":"https:\/\/swissmassage.ch\/fr\/wp-json\/wp\/v2\/types\/product"}],"wp:featuredmedia":[{"embeddable":true,"href":"https:\/\/swissmassage.ch\/fr\/wp-json\/wp\/v2\/media\/8541"}],"wp:attachment":[{"href":"https:\/\/swissmassage.ch\/fr\/wp-json\/wp\/v2\/media?parent=3460"}],"wp:term":[{"taxonomy":"pwb-brand","embeddable":true,"href":"https:\/\/swissmassage.ch\/fr\/wp-json\/wp\/v2\/pwb-brand?post=3460"},{"taxonomy":"product_brand","embeddable":true,"href":"https:\/\/swissmassage.ch\/fr\/wp-json\/wp\/v2\/product_brand?post=3460"},{"taxonomy":"product_cat","embeddable":true,"href":"https:\/\/swissmassage.ch\/fr\/wp-json\/wp\/v2\/product_cat?post=3460"},{"taxonomy":"product_tag","embeddable":true,"href":"https:\/\/swissmassage.ch\/fr\/wp-json\/wp\/v2\/product_tag?post=3460"},{"taxonomy":"product_folder","embeddable":true,"href":"https:\/\/swissmassage.ch\/fr\/wp-json\/wp\/v2\/product_folder?post=3460"}],"curies":[{"name":"wp","href":"https:\/\/api.w.org\/{rel}","templated":true}]}}