{"id":3500,"date":"2023-05-24T14:52:39","date_gmt":"2023-05-24T14:52:39","guid":{"rendered":"https:\/\/suissemassage.digichablais.ch\/?product=housse-protection-vinyle-blanc-table-massage"},"modified":"2026-04-16T15:52:15","modified_gmt":"2026-04-16T13:52:15","slug":"housse-protection-vinyle-blanc-table-massage","status":"publish","type":"product","link":"https:\/\/swissmassage.ch\/fr\/produits\/housse-protection-vinyle-blanc-table-massage\/","title":{"rendered":"Drap-Housse Vinyle blanc protection table massage"},"content":{"rendered":"<h2 style=\"text-align: left\">Housse de recouvrement en vinyle \u00e9lastique pour table de massage usag\u00e9e.<\/h2>\n<p>Cette housse recouvre votre table de massage usag\u00e9e en masquant les effets d&rsquo;usure et de vieillissement.<br \/>\nElle prot\u00e8ge votre \u00e9quipement en cas d&rsquo;utilisation de beaucoup d&rsquo;huile comme pour les massages Ayurvediques ou Lomilomi<br \/>\nElle redonnera l&rsquo;apparence d&rsquo;une table de massage neuve.<br \/>\nElastique et s&rsquo;adapte particuli\u00e8rement sur les tables de 80 cm de large par 195 cm de long.<br \/>\nR\u00e9sistante \u00e0 l&rsquo;huile et \u00e0 l&rsquo;eau, elle peut \u00eatre lav\u00e9e en machine \u00e0 40\u00b0.<br \/>\nCouleur blanche, sans trou facial et sans t\u00eati\u00e8re.<\/p>\n<p>Livrable dans toute la Suisse. Ou \u00e0 l&#8217;emporter directement dans notre atelier.<br \/>\nMarque d\u00e9pos\u00e9e SWISSMASSAGE, garantie de s\u00e9rieux et de suivi.<\/p>\n","protected":false},"excerpt":{"rendered":"<p>Housse de recouvrement en vinyle \u00e9lastique pour table de massage usag\u00e9e. Cette housse recouvre votre table de massage usag\u00e9e en masquant les effets d&rsquo;usure et de vieillissement. Elle prot\u00e8ge votre \u00e9quipement en cas d&rsquo;utilisation de beaucoup d&rsquo;huile comme pour les massages Ayurvediques ou Lomilomi Elle redonnera l&rsquo;apparence d&rsquo;une table de massage neuve. Elastique et s&rsquo;adapte&hellip;<\/p>\n","protected":false},"featured_media":9819,"template":"","meta":{"_seopress_robots_primary_cat":"none","_seopress_titles_title":"Drap-Housse Vinyle blanc protection table de massage","_seopress_titles_desc":"Cette housse recouvre votre table de massage usag\u00e9e en masquant les effets d'usure et de vieillissement. Elle redonnera l'apparence d'une table de massage neuve.","_seopress_robots_index":""},"pwb-brand":[],"product_brand":[],"product_cat":[271,1079],"product_tag":[1095,1094,1104],"product_folder":[1017],"class_list":{"0":"post-3500","1":"product","2":"type-product","3":"status-publish","4":"has-post-thumbnail","6":"product_cat-protection-table-de-massage","7":"product_cat-tous-les-accessoires-de-massage","8":"product_tag-drap-housse","9":"product_tag-protection","10":"product_tag-vinyle","12":"first","13":"instock","14":"taxable","15":"shipping-taxable","16":"purchasable","17":"product-type-simple"},"exclude_global_add_ons":[],"addons":[],"brands":[],"_links":{"self":[{"href":"https:\/\/swissmassage.ch\/fr\/wp-json\/wp\/v2\/product\/3500","targetHints":{"allow":["GET"]}}],"collection":[{"href":"https:\/\/swissmassage.ch\/fr\/wp-json\/wp\/v2\/product"}],"about":[{"href":"https:\/\/swissmassage.ch\/fr\/wp-json\/wp\/v2\/types\/product"}],"wp:featuredmedia":[{"embeddable":true,"href":"https:\/\/swissmassage.ch\/fr\/wp-json\/wp\/v2\/media\/9819"}],"wp:attachment":[{"href":"https:\/\/swissmassage.ch\/fr\/wp-json\/wp\/v2\/media?parent=3500"}],"wp:term":[{"taxonomy":"pwb-brand","embeddable":true,"href":"https:\/\/swissmassage.ch\/fr\/wp-json\/wp\/v2\/pwb-brand?post=3500"},{"taxonomy":"product_brand","embeddable":true,"href":"https:\/\/swissmassage.ch\/fr\/wp-json\/wp\/v2\/product_brand?post=3500"},{"taxonomy":"product_cat","embeddable":true,"href":"https:\/\/swissmassage.ch\/fr\/wp-json\/wp\/v2\/product_cat?post=3500"},{"taxonomy":"product_tag","embeddable":true,"href":"https:\/\/swissmassage.ch\/fr\/wp-json\/wp\/v2\/product_tag?post=3500"},{"taxonomy":"product_folder","embeddable":true,"href":"https:\/\/swissmassage.ch\/fr\/wp-json\/wp\/v2\/product_folder?post=3500"}],"curies":[{"name":"wp","href":"https:\/\/api.w.org\/{rel}","templated":true}]}}