{"id":3504,"date":"2023-05-24T14:52:40","date_gmt":"2023-05-24T14:52:40","guid":{"rendered":"https:\/\/suissemassage.digichablais.ch\/?product=boxer-homme-jetable-medicale-en-papier"},"modified":"2026-02-18T13:37:04","modified_gmt":"2026-02-18T12:37:04","slug":"boxer-homme-jetable-medicale-en-papier","status":"publish","type":"product","link":"https:\/\/swissmassage.ch\/fr\/produits\/boxer-homme-jetable-medicale-en-papier\/","title":{"rendered":"Boxer homme jetable m\u00e9dicale 6 pcs."},"content":{"rendered":"<h2 style=\"text-align: left\">Boxer pour homme en papier, jetable apr\u00e8s usage pour massages ou examens m\u00e9dicaux.<\/h2>\n<p>Le short boxer de haute qualit\u00e9 est parfait pour les traitements m\u00e9dicaux et les massages, ainsi que pour les proc\u00e9dures de bronzage et d&rsquo;\u00e9pilations.<br \/>\nIl est \u00e9galement id\u00e9al pour une utilisation quotidienne en raison de son tissu doux et de sa ceinture \u00e9lastique confortable. Taille unique pour homme et femme.<br \/>\n<span style=\"font-size: 10pt\">Livr\u00e9 en emballage de 6 pi\u00e8ces.<\/span><\/p>\n<p>Livrable dans toute la Suisse. Ou \u00e0 l&#8217;emporter directement dans notre atelier.<br \/>\nMarque d\u00e9pos\u00e9e SWISSMASSAGE, garantie de s\u00e9rieux et de suivi.<\/p>\n","protected":false},"excerpt":{"rendered":"<p>Boxer pour homme en papier, jetable apr\u00e8s usage pour massages ou examens m\u00e9dicaux. Le short boxer de haute qualit\u00e9 est parfait pour les traitements m\u00e9dicaux et les massages, ainsi que pour les proc\u00e9dures de bronzage et d&rsquo;\u00e9pilations. Il est \u00e9galement id\u00e9al pour une utilisation quotidienne en raison de son tissu doux et de sa ceinture&hellip;<\/p>\n","protected":false},"featured_media":9728,"template":"","meta":{"_seopress_robots_primary_cat":"275","_seopress_titles_title":"","_seopress_titles_desc":"Le short boxer de haute qualit\u00e9 est parfait pour les traitements m\u00e9dicaux et les massages, ainsi que pour les proc\u00e9dures de bronzage et d'\u00e9pilations.","_seopress_robots_index":""},"pwb-brand":[],"product_brand":[],"product_cat":[275,1099,271,1079],"product_tag":[],"product_folder":[1017],"class_list":{"0":"post-3504","1":"product","2":"type-product","3":"status-publish","4":"has-post-thumbnail","6":"product_cat-accessoires-de-massages","7":"product_cat-complement-pour-massages","8":"product_cat-protection-table-de-massage","9":"product_cat-tous-les-accessoires-de-massage","10":"product_shipping_class-frais-de-port-inclus-colis","12":"first","13":"instock","14":"taxable","15":"shipping-taxable","16":"purchasable","17":"product-type-simple"},"exclude_global_add_ons":[],"addons":[],"brands":[],"_links":{"self":[{"href":"https:\/\/swissmassage.ch\/fr\/wp-json\/wp\/v2\/product\/3504","targetHints":{"allow":["GET"]}}],"collection":[{"href":"https:\/\/swissmassage.ch\/fr\/wp-json\/wp\/v2\/product"}],"about":[{"href":"https:\/\/swissmassage.ch\/fr\/wp-json\/wp\/v2\/types\/product"}],"wp:featuredmedia":[{"embeddable":true,"href":"https:\/\/swissmassage.ch\/fr\/wp-json\/wp\/v2\/media\/9728"}],"wp:attachment":[{"href":"https:\/\/swissmassage.ch\/fr\/wp-json\/wp\/v2\/media?parent=3504"}],"wp:term":[{"taxonomy":"pwb-brand","embeddable":true,"href":"https:\/\/swissmassage.ch\/fr\/wp-json\/wp\/v2\/pwb-brand?post=3504"},{"taxonomy":"product_brand","embeddable":true,"href":"https:\/\/swissmassage.ch\/fr\/wp-json\/wp\/v2\/product_brand?post=3504"},{"taxonomy":"product_cat","embeddable":true,"href":"https:\/\/swissmassage.ch\/fr\/wp-json\/wp\/v2\/product_cat?post=3504"},{"taxonomy":"product_tag","embeddable":true,"href":"https:\/\/swissmassage.ch\/fr\/wp-json\/wp\/v2\/product_tag?post=3504"},{"taxonomy":"product_folder","embeddable":true,"href":"https:\/\/swissmassage.ch\/fr\/wp-json\/wp\/v2\/product_folder?post=3504"}],"curies":[{"name":"wp","href":"https:\/\/api.w.org\/{rel}","templated":true}]}}