{"id":3506,"date":"2023-05-24T14:52:42","date_gmt":"2023-05-24T14:52:42","guid":{"rendered":"https:\/\/suissemassage.digichablais.ch\/?product=string-jetable-pour-femme-12-pcs"},"modified":"2026-04-12T13:13:12","modified_gmt":"2026-04-12T11:13:12","slug":"string-jetable-pour-femme-12-pcs","status":"publish","type":"product","link":"https:\/\/swissmassage.ch\/fr\/produits\/string-jetable-pour-femme-12-pcs\/","title":{"rendered":"String jetable pour femme 12 pcs."},"content":{"rendered":"<h2 style=\"text-align: left\">String en papier, jetable apr\u00e8s usage pour massages ou examens m\u00e9dicaux.<\/h2>\n<p>Les strings jetables sont con\u00e7us pour tous les traitements corporels, y compris les massages, les enveloppements, les gommages,<br \/>\nla boue et l&rsquo;\u00e9pilation. Hygi\u00e8ne compl\u00e8te car jetable et emball\u00e9 individuellement.<\/p>\n<p><span style=\"font-size: 10pt\">Livrable dans toute la Suisse. Ou \u00e0 l&#8217;emporter directement dans notre atelier.<\/span><br \/>\n<span style=\"font-size: 10pt\">Marque d\u00e9pos\u00e9e SWISSMASSAGE, garantie de s\u00e9rieux et de suivi.<\/span><\/p>\n","protected":false},"excerpt":{"rendered":"<p>String en papier, jetable apr\u00e8s usage pour massages ou examens m\u00e9dicaux. Les strings jetables sont con\u00e7us pour tous les traitements corporels, y compris les massages, les enveloppements, les gommages, la boue et l&rsquo;\u00e9pilation. Hygi\u00e8ne compl\u00e8te car jetable et emball\u00e9 individuellement. Livrable dans toute la Suisse. Ou \u00e0 l&#8217;emporter directement dans notre atelier. Marque d\u00e9pos\u00e9e SWISSMASSAGE,&hellip;<\/p>\n","protected":false},"featured_media":9729,"template":"","meta":{"_seopress_robots_primary_cat":"275","_seopress_titles_title":"","_seopress_titles_desc":"String en papier, jetable apr\u00e8s usage pour massages ou examens m\u00e9dicaux. Hygi\u00e8ne compl\u00e8te car jetable et emball\u00e9 individuellement.","_seopress_robots_index":""},"pwb-brand":[],"product_brand":[],"product_cat":[275,1099,271,1079],"product_tag":[1101,1102,1100,1103],"product_folder":[1017],"class_list":{"0":"post-3506","1":"product","2":"type-product","3":"status-publish","4":"has-post-thumbnail","6":"product_cat-accessoires-de-massages","7":"product_cat-complement-pour-massages","8":"product_cat-protection-table-de-massage","9":"product_cat-tous-les-accessoires-de-massage","10":"product_tag-slip","11":"product_tag-slip-jetable","12":"product_tag-string","13":"product_tag-string-jetable","14":"product_shipping_class-frais-de-port-inclus-colis","16":"first","17":"instock","18":"taxable","19":"shipping-taxable","20":"purchasable","21":"product-type-simple"},"exclude_global_add_ons":[],"addons":[],"brands":[],"_links":{"self":[{"href":"https:\/\/swissmassage.ch\/fr\/wp-json\/wp\/v2\/product\/3506","targetHints":{"allow":["GET"]}}],"collection":[{"href":"https:\/\/swissmassage.ch\/fr\/wp-json\/wp\/v2\/product"}],"about":[{"href":"https:\/\/swissmassage.ch\/fr\/wp-json\/wp\/v2\/types\/product"}],"wp:featuredmedia":[{"embeddable":true,"href":"https:\/\/swissmassage.ch\/fr\/wp-json\/wp\/v2\/media\/9729"}],"wp:attachment":[{"href":"https:\/\/swissmassage.ch\/fr\/wp-json\/wp\/v2\/media?parent=3506"}],"wp:term":[{"taxonomy":"pwb-brand","embeddable":true,"href":"https:\/\/swissmassage.ch\/fr\/wp-json\/wp\/v2\/pwb-brand?post=3506"},{"taxonomy":"product_brand","embeddable":true,"href":"https:\/\/swissmassage.ch\/fr\/wp-json\/wp\/v2\/product_brand?post=3506"},{"taxonomy":"product_cat","embeddable":true,"href":"https:\/\/swissmassage.ch\/fr\/wp-json\/wp\/v2\/product_cat?post=3506"},{"taxonomy":"product_tag","embeddable":true,"href":"https:\/\/swissmassage.ch\/fr\/wp-json\/wp\/v2\/product_tag?post=3506"},{"taxonomy":"product_folder","embeddable":true,"href":"https:\/\/swissmassage.ch\/fr\/wp-json\/wp\/v2\/product_folder?post=3506"}],"curies":[{"name":"wp","href":"https:\/\/api.w.org\/{rel}","templated":true}]}}