{"id":3532,"date":"2023-05-24T14:53:00","date_gmt":"2023-05-24T14:53:00","guid":{"rendered":"https:\/\/suissemassage.digichablais.ch\/?product=modele-ellipse-table-de-massage-electrique-swissmassage"},"modified":"2026-01-19T08:59:20","modified_gmt":"2026-01-19T07:59:20","slug":"modele-ellipse-table-de-massage-electrique-swissmassage","status":"publish","type":"product","link":"https:\/\/swissmassage.ch\/fr\/produits\/modele-ellipse-table-de-massage-electrique-swissmassage\/","title":{"rendered":"Table de massage \u00e9lectrique anthracite mod\u00e8le Ellipse"},"content":{"rendered":"<h2>Table de massage \u00e9lectrique Ellipse 3 moteurs couleur anthracite.<\/h2>\n<p>La table Ellipse est une table de soins polyvalente d\u00e9velopp\u00e9e pour r\u00e9pondre aux besoins des th\u00e9rapeutes tels que les masseurs et les rebouteux. Elle est aussi tr\u00e8s appr\u00e9ci\u00e9e dans le domaine de l&rsquo;esth\u00e9tique avec ses dimensions particuli\u00e8rement adapt\u00e9es au confort du patient ainsi qu&rsquo;\u00e0 celui du praticien.<br \/>\nElle est dot\u00e9e de 3 moteurs tr\u00e8s rapides et silencieux pilot\u00e9s par une commande \u00e0 main.<br \/>\nLe 1er moteur r\u00e8gle la hauteur sur une grande amplitude de 53cm \u00e0 86cm.<br \/>\nLe 2\u00e8me moteur rel\u00e8ve le dossier en position assise et permet l&rsquo;inversion.<br \/>\nLe 3\u00e8me moteur incline les jambes afin de soulager les lombaires, et permet le traitement et le positionnement en cassure positive ou cyphose.<br \/>\nLe dossier est \u00e9quip\u00e9 d&rsquo;un trou pour le visage avec son bouchon, il dispose de reposes bras r\u00e9glables qui diminuent les appuis sur le visage, les sinus et les pommettes, en position ventrale, ce qui augmente sensiblement le confort.<br \/>\nLa mousse de 8,5cm d&rsquo;une densit\u00e9 de 35kg\/m3, conjugue le confort et l&rsquo;efficacit\u00e9 en donnant du r\u00e9pondant lors de massages appui\u00e9s.<br \/>\nLa longueur de la table de massage est de 198cm et la largeur de 74cm.<br \/>\n2 accoudoirs escamotables de 10cm sur 70cm sont utilisables comme \u00e9largisseurs ou comme appuis-bras selon leurs dispositions.<br \/>\nElle p\u00e8se 71kg et supporte le poids d&rsquo;une personne allant jusqu&rsquo;\u00e0 200kg en actif.<br \/>\nElle dispose d&rsquo;un syst\u00e8me de roulettes d&rsquo;un c\u00f4t\u00e9 facilitant son d\u00e9placement.<br \/>\nLe rev\u00eatement en Polyur\u00e9thane caract\u00e9rise les tables Swissmassage par sa souplesse sa fermet\u00e9 et sa fiabilit\u00e9. Il contribue \u00e0 la sensation de bien-\u00eatre en restituant les propri\u00e9t\u00e9s de la mousse.<br \/>\nLa table de soins Ellipse convient particuli\u00e8rement \u00e0 la r\u00e9flexologie plantaire, \u00e0 la kin\u00e9siologie, \u00e0 l\u2019hypnose, aux soins du corps, \u00e0 l\u2019esth\u00e9tique \u00e9pilation, soins du visage, drainages lymphatiques, aux massages classiques.<br \/>\nElle est le haut de gamme des tables de massage par ses dimensions, par ses nombreuses possibilit\u00e9s de r\u00e9glage et par ses mat\u00e9riaux de fabrication.<br \/>\nSwissmassage est une marque d\u00e9pos\u00e9e qui vous offre la garantie de s\u00e9rieux et de suivi tout au long de votre activit\u00e9.<br \/>\nNous vous accueillons avec plaisir \u00e0 notre showroom de Aigle sur RDV afin de vous permettre de tester nos \u00e9quipements et de les acheter directement s\u2019ils vous conviennent le jour m\u00eame ou avec notre webshop pour une demande d&rsquo;offre.<\/p>\n<h2>R\u00e9sum\u00e9 technique de la table de massage \u00e9lectrique Ellipse :<\/h2>\n<p><span style=\"font-size: 10pt;\"><span style=\"color: #000000;\">3 moteurs tr\u00e8s rapides et silencieux avec commande \u00e0 main.<br \/>\n<\/span><\/span>1er moteur r\u00e8gle la hauteur de de 53cm \u00e0 86cm.<br \/>\n2\u00e8me moteur\u00a0rel\u00e8ve le dossier en position assise\u00a0et permet l&rsquo;inversion.<br \/>\n3\u00e8me moteur\u00a0rel\u00e8ve les jambes afin de soulager les lombaires.<br \/>\nDossier avec trou pour le visage.<br \/>\nBouchon facial.<br \/>\nReposes bras r\u00e9glables pour un confort optimal.<br \/>\nCoussin pour la nuque.<br \/>\nAppuies bras escamotables utilisables aussi en esth\u00e9tique.<br \/>\nMousse haute densit\u00e9 de<ins><br \/>\n8,5cm<\/ins><br \/>\ntr\u00e8s confortable et efficace.<br \/>\nLongueur de la table de massage 198cm.<br \/>\nLargeur de la table de massage 74cm.<br \/>\n2 accoudoirs escamotables 10cm.<br \/>\nPoids de la table de massage 71kg.<br \/>\nCoussin pour la nuque.<span style=\"color: #bc0f4d;\"><br \/>\n<\/span><\/p>\n<h3>Philosophie de la table de massage mod\u00e8le Ellipse anthracite:<\/h3>\n<p>La table de massage \u00e9lectrique Ellipse en couleur anthracite est une table de soins polyvalente con\u00e7ue pour r\u00e9pondre aux besoins vari\u00e9s des th\u00e9rapeutes, qu&rsquo;ils pratiquent la massoth\u00e9rapie, la kin\u00e9siologie ou encore l&rsquo;esth\u00e9tique. Avec ses dimensions adapt\u00e9es au confort du patient et du praticien, elle est \u00e9quip\u00e9e de trois moteurs tr\u00e8s rapides et silencieux pilot\u00e9s par une commande \u00e0 main.<br \/>\nLe premier moteur permet d&rsquo;ajuster la hauteur de la table sur une amplitude de r\u00e9glage importante, offrant une grande flexibilit\u00e9 d&rsquo;utilisation. Le deuxi\u00e8me moteur rel\u00e8ve le dossier en position assise et permet \u00e9galement l&rsquo;inversion, tandis que le troisi\u00e8me incline les jambes pour soulager les lombaires et offre des options de traitement avanc\u00e9es.<br \/>\nLe dossier est \u00e9quip\u00e9 d&rsquo;un trou pour le visage avec un bouchon, et de repose-bras r\u00e9glables pour augmenter le confort du patient en position ventrale. La mousse assure un soutien optimal lors des massages, tandis que les accoudoirs escamotables peuvent \u00eatre utilis\u00e9s selon les besoins.<br \/>\nCette table offre un espace de travail confortable et fonctionnel. Pesant un poids raisonnable, elle est robuste et peut supporter un poids allant jusqu&rsquo;\u00e0 un niveau \u00e9lev\u00e9 en activit\u00e9. Ses roulettes facilitent son d\u00e9placement, en faisant un choix pratique pour les professionnels mobiles.<br \/>\nLe rev\u00eatement en polyur\u00e9thane caract\u00e9rise les tables Swissmassage par sa souplesse, sa fermet\u00e9 et sa fiabilit\u00e9, contribuant ainsi \u00e0 la sensation de bien-\u00eatre du patient tout en pr\u00e9servant les propri\u00e9t\u00e9s de la mousse. Avec son design haut de gamme et ses multiples possibilit\u00e9s de r\u00e9glage, la table de massage Ellipse repr\u00e9sente l&rsquo;excellence en mati\u00e8re d&rsquo;\u00e9quipement th\u00e9rapeutique.<\/p>\n","protected":false},"excerpt":{"rendered":"<p>Table de massage \u00e9lectrique Ellipse 3 moteurs couleur anthracite. La table Ellipse est une table de soins polyvalente d\u00e9velopp\u00e9e pour r\u00e9pondre aux besoins des th\u00e9rapeutes tels que les masseurs et les rebouteux. Elle est aussi tr\u00e8s appr\u00e9ci\u00e9e dans le domaine de l&rsquo;esth\u00e9tique avec ses dimensions particuli\u00e8rement adapt\u00e9es au confort du patient ainsi qu&rsquo;\u00e0 celui du&hellip;<\/p>\n","protected":false},"featured_media":7513,"template":"","meta":{"_seopress_robots_primary_cat":"1075","_seopress_titles_title":"Table de massage \u00e9lectrique anthracite Ellipse - Swissmassage","_seopress_titles_desc":"La table de massage \u00e9lectrique Ellipse anthracite est une table de soins polyvalente con\u00e7ue pour r\u00e9pondre aux besoins vari\u00e9s des th\u00e9rapeutes.","_seopress_robots_index":""},"pwb-brand":[],"product_brand":[],"product_cat":[1233,343,213,1080,1075],"product_tag":[1131,1064,1130],"product_folder":[994],"class_list":{"0":"post-3532","1":"product","2":"type-product","3":"status-publish","4":"has-post-thumbnail","6":"product_cat-equipements-les-plus-populaires","7":"product_cat-table-de-soins-ems-ellipse","8":"product_cat-table-de-massage-electrique","9":"product_cat-tous-les-articles-seniors","10":"product_cat-tous-les-articles-de-massage","11":"product_tag-massage","12":"product_tag-table-de-massage","13":"product_tag-table-de-massage-electrique","15":"first","16":"instock","17":"taxable","18":"shipping-taxable","19":"purchasable","20":"product-type-simple"},"exclude_global_add_ons":false,"addons":[{"name":"Option T\u00eati\u00e8re inclinable","type":"multiple_choice","position":0,"required":false,"title_format":"label","description_enable":false,"description":"","placeholder_enable":false,"placeholder":"","display":"images","restrictions_type":"any_text","adjust_price":false,"price":"","price_type":"flat_fee","restrictions":false,"min":0,"max":0,"options":[{"label":"Avec Kit t\u00eati\u00e8re inclinable","price":"180","price_type":"flat_fee","image":8714}],"id":1720449314},{"name":"Option d\u00e9rouleur de papier de protection","type":"multiple_choice","position":1,"required":false,"title_format":"label","description_enable":false,"description":"","placeholder_enable":false,"placeholder":"","display":"images","restrictions_type":"any_text","adjust_price":false,"price":"","price_type":"flat_fee","restrictions":false,"min":0,"max":0,"options":[{"label":"Avec d\u00e9rouleur de papier de protection","price":"50","price_type":"flat_fee","image":8625}],"id":1720449315},{"name":"Option commande \u00e0 pieds","type":"multiple_choice","position":2,"required":false,"title_format":"label","description_enable":false,"description":"","placeholder_enable":false,"placeholder":"","display":"images","restrictions_type":"any_text","adjust_price":false,"price":"","price_type":"flat_fee","restrictions":false,"min":0,"max":0,"options":[{"label":"Avec commande \u00e0 pieds","price":"250","price_type":"flat_fee","image":8624}],"id":1720449316},{"name":"Option rallonge +16 cm","type":"multiple_choice","position":3,"required":false,"title_format":"label","description_enable":false,"description":"","placeholder_enable":false,"placeholder":"","display":"images","restrictions_type":"any_text","adjust_price":false,"price":"","price_type":"flat_fee","restrictions":false,"min":0,"max":0,"options":[{"label":"Option rallonge +16 cm","price":"260","price_type":"flat_fee","image":19778}],"id":1756912731},{"name":"Option de financement:","type":"checkbox","position":4,"required":false,"title_format":"label","description_enable":false,"description":"","placeholder_enable":false,"placeholder":"","display":"select","restrictions_type":"any_text","adjust_price":false,"price":"","price_type":"flat_fee","restrictions":false,"min":0,"max":0,"options":[{"label":"Pour les professionnels, possibilit\u00e9 de financement sur 24 mois","price":"","price_type":"flat_fee","image":0}],"id":1720449317}],"brands":[],"_links":{"self":[{"href":"https:\/\/swissmassage.ch\/fr\/wp-json\/wp\/v2\/product\/3532","targetHints":{"allow":["GET"]}}],"collection":[{"href":"https:\/\/swissmassage.ch\/fr\/wp-json\/wp\/v2\/product"}],"about":[{"href":"https:\/\/swissmassage.ch\/fr\/wp-json\/wp\/v2\/types\/product"}],"wp:featuredmedia":[{"embeddable":true,"href":"https:\/\/swissmassage.ch\/fr\/wp-json\/wp\/v2\/media\/7513"}],"wp:attachment":[{"href":"https:\/\/swissmassage.ch\/fr\/wp-json\/wp\/v2\/media?parent=3532"}],"wp:term":[{"taxonomy":"pwb-brand","embeddable":true,"href":"https:\/\/swissmassage.ch\/fr\/wp-json\/wp\/v2\/pwb-brand?post=3532"},{"taxonomy":"product_brand","embeddable":true,"href":"https:\/\/swissmassage.ch\/fr\/wp-json\/wp\/v2\/product_brand?post=3532"},{"taxonomy":"product_cat","embeddable":true,"href":"https:\/\/swissmassage.ch\/fr\/wp-json\/wp\/v2\/product_cat?post=3532"},{"taxonomy":"product_tag","embeddable":true,"href":"https:\/\/swissmassage.ch\/fr\/wp-json\/wp\/v2\/product_tag?post=3532"},{"taxonomy":"product_folder","embeddable":true,"href":"https:\/\/swissmassage.ch\/fr\/wp-json\/wp\/v2\/product_folder?post=3532"}],"curies":[{"name":"wp","href":"https:\/\/api.w.org\/{rel}","templated":true}]}}