{"id":3546,"date":"2023-05-24T14:53:11","date_gmt":"2023-05-24T14:53:11","guid":{"rendered":"https:\/\/suissemassage.digichablais.ch\/?product=modele-excellence-table-de-massage-electrique-swissmassage"},"modified":"2026-02-25T16:54:34","modified_gmt":"2026-02-25T15:54:34","slug":"modele-excellence-table-de-massage-electrique-swissmassage","status":"publish","type":"product","link":"https:\/\/swissmassage.ch\/fr\/produits\/modele-excellence-table-de-massage-electrique-swissmassage\/","title":{"rendered":"Table massage Mod\u00e8le Excellence blanche"},"content":{"rendered":"<h2><strong>Table de Massage \u00e9lectrique Excellence 4 moteurs.<\/strong><\/h2>\n<p>4 moteurs tr\u00e8s rapides et silencieux avec t\u00e9l\u00e9commande \u00e9tanche.<br \/>\nDont 2 moteurs pour le r\u00e9glage de la hauteur de la table de massage de 68cm \u00e0 88cm.<br \/>\nEt de l&rsquo;inclinaison de la table de SPA.<br \/>\n1 moteur pour le r\u00e9glage du dossier du lit de SPA en position assise.<br \/>\n1 moteur permet de relever les jambes afin de soulager les lombaires.<br \/>\nRev\u00eatement souple et solide en Polyur\u00e9thane blanc.<br \/>\nDossier avec trou facial et bouchon.<br \/>\nRepose bras r\u00e9glables pour un meilleur confort en position ventrale.<br \/>\nMousse sp\u00e9ciale extra-confort multi-couches 10+3 memory tr\u00e8s confortable et efficace pour les massages.<br \/>\nDesign id\u00e9al pour les h\u00f4tels, les SPA et les centres Wellness.<br \/>\nLargeur de la table de massage 76cm,<br \/>\nLongueur de la table de massage 198cm.<br \/>\nHauteur de la table de massage 68 \u00e0 88cm.<br \/>\nPoids table de massage 104kg.<\/p>\n<p><span style=\"font-size: 10pt;\">Pour une utilisation th\u00e9rapeutique, nous conseillons l&rsquo;achat de notre <a href=\"https:\/\/swissmassage.ch\/produit\/couverture-chauffante-table-de-massage\/\"><span style=\"color: #993366;\">couverture chauffante<\/span><\/a>, r\u00e9glable sur 10 niveaux de temp\u00e9ratures et \u00e9quip\u00e9e d\u2019un timer programmable de une \u00e0 dix heures qui s\u2019\u00e9teint automatiquement apr\u00e8s utilisation.<\/span><\/p>\n<h3>Philosophie de la table de massage mod\u00e8le Excellence blanche:<\/h3>\n<p>La Table de Massage \u00e9lectrique Excellence blanche est un choix id\u00e9al pour les centres de bien-\u00eatre. \u00c9quip\u00e9e de quatre moteurs silencieux et rapides, elle offre un contr\u00f4le pr\u00e9cis via une t\u00e9l\u00e9commande \u00e9tanche.<br \/>\nDot\u00e9e de deux moteurs pour r\u00e9gler la hauteur de la table de massage et son inclinaison, ainsi que d&rsquo;un moteur pour ajuster le dossier du lit en position assise et un autre pour relever les jambes afin de soulager les lombaires, cette table garantit un confort optimal. Sa polyvalence permet de r\u00e9aliser diff\u00e9rents types de massages, tels que les massages classiques, aux pierres chaudes, hawa\u00efens, ou encore les r\u00e9flexologies plantaires. Ses positionnements multiples facilitent \u00e9galement le retour veineux au niveau des jambes.<br \/>\nSon rev\u00eatement en Polyur\u00e9thane blanc, \u00e0 la fois souple et robuste, assure un toucher agr\u00e9able et une grande durabilit\u00e9. Le dossier, \u00e9quip\u00e9 d&rsquo;un trou facial avec bouchon, et les repose-bras r\u00e9glables offrent un confort maximal en position ventrale.<br \/>\nLa mousse sp\u00e9ciale extra-confort multi-couches garantit un soutien optimal pendant les massages, combinant \u00e0 la fois confort et efficacit\u00e9. Avec ses dimensions g\u00e9n\u00e9reuses, cette table offre un espace de traitement spacieux et confortable.<\/p>\n<h3>Vid\u00e9o table de massage Excellence:<\/h3>\n<div style=\"width: 848px;\" class=\"wp-video\"><video class=\"wp-video-shortcode\" id=\"video-3546-1\" width=\"848\" height=\"480\" preload=\"metadata\" controls=\"controls\"><source type=\"video\/mp4\" src=\"https:\/\/swissmassage.ch\/wp-content\/uploads\/video-table-de-massage-electrique-excellence-swissmassage.mp4?_=1\" \/><a href=\"https:\/\/swissmassage.ch\/wp-content\/uploads\/video-table-de-massage-electrique-excellence-swissmassage.mp4\">https:\/\/swissmassage.ch\/wp-content\/uploads\/video-table-de-massage-electrique-excellence-swissmassage.mp4<\/a><\/video><\/div>\n","protected":false},"excerpt":{"rendered":"<p>Table de Massage \u00e9lectrique Excellence 4 moteurs. 4 moteurs tr\u00e8s rapides et silencieux avec t\u00e9l\u00e9commande \u00e9tanche. Dont 2 moteurs pour le r\u00e9glage de la hauteur de la table de massage de 68cm \u00e0 88cm. Et de l&rsquo;inclinaison de la table de SPA. 1 moteur pour le r\u00e9glage du dossier du lit de SPA en position&hellip;<\/p>\n","protected":false},"featured_media":7543,"template":"","meta":{"_seopress_robots_primary_cat":"none","_seopress_titles_title":"","_seopress_titles_desc":"La Table de Massage \u00e9lectrique Excellence est un choix id\u00e9al pour les centres de bien-\u00eatre. \u00c9quip\u00e9e de quatre moteurs silencieux et rapides, elle offre un contr\u00f4le pr\u00e9cis.","_seopress_robots_index":""},"pwb-brand":[],"product_brand":[],"product_cat":[1300,213,1075],"product_tag":[1131,1064,1130],"product_folder":[994],"class_list":{"0":"post-3546","1":"product","2":"type-product","3":"status-publish","4":"has-post-thumbnail","6":"product_cat-promotions","7":"product_cat-table-de-massage-electrique","8":"product_cat-tous-les-articles-de-massage","9":"product_tag-massage","10":"product_tag-table-de-massage","11":"product_tag-table-de-massage-electrique","12":"product_shipping_class-frais-de-port-inclus-colis","14":"first","15":"instock","16":"sale","17":"taxable","18":"shipping-taxable","19":"purchasable","20":"product-type-simple"},"exclude_global_add_ons":false,"addons":{"0":{"name":"Option dessous de pieds en feutre, facilitent le d\u00e9placement","type":"multiple_choice","position":0,"required":false,"title_format":"label","description_enable":false,"description":"","placeholder_enable":false,"placeholder":"","display":"images","restrictions_type":"any_text","adjust_price":false,"price":"","price_type":"flat_fee","restrictions":false,"min":0,"max":0,"options":[{"label":"Avec dessous de pieds en feutre","price":"24","price_type":"flat_fee","image":8612}],"id":1720449559},"1":{"name":"Option Kit t\u00eati\u00e8re","type":"multiple_choice","position":1,"required":false,"title_format":"label","description_enable":false,"description":"","placeholder_enable":false,"placeholder":"","display":"images","restrictions_type":"any_text","adjust_price":false,"price":"","price_type":"flat_fee","restrictions":false,"min":0,"max":0,"options":[{"label":"Avec Kit t\u00eati\u00e8re inclinable","price":"180","price_type":"flat_fee","image":8713}],"id":1720449560},"5":{"name":"Option commande \u00e0 pieds","type":"multiple_choice","position":2,"required":false,"title_format":"label","description_enable":false,"description":"","placeholder_enable":false,"placeholder":"","display":"images","restrictions_type":"any_text","adjust_price":false,"price":"","price_type":"flat_fee","restrictions":false,"min":0,"max":0,"options":[{"label":"Avec commande \u00e0 pieds","price":"290","price_type":"flat_fee","image":8723}],"id":1772038474},"2":{"name":"Option support d\u00e9rouleur de papier de protection","type":"multiple_choice","position":3,"required":false,"title_format":"label","description_enable":false,"description":"","placeholder_enable":false,"placeholder":"","display":"images","restrictions_type":"any_text","adjust_price":false,"price":"","price_type":"flat_fee","restrictions":false,"min":0,"max":0,"options":[{"label":"Avec d\u00e9rouleur de papier de protection","price":"80","price_type":"flat_fee","image":8726}],"id":1720449561},"3":{"name":"Option rallonge +16 cm","type":"multiple_choice","position":4,"required":false,"title_format":"label","description_enable":false,"description":"","placeholder_enable":false,"placeholder":"","display":"images","restrictions_type":"any_text","adjust_price":false,"price":"","price_type":"flat_fee","restrictions":false,"min":0,"max":0,"options":[{"label":"Option rallonge +16 cm","price":"260","price_type":"flat_fee","image":19778}],"id":1756912400},"4":{"name":"Options financement","type":"checkbox","position":5,"required":false,"title_format":"label","description_enable":false,"description":"","placeholder_enable":false,"placeholder":"","display":"select","restrictions_type":"any_text","adjust_price":false,"price":"","price_type":"flat_fee","restrictions":false,"min":0,"max":0,"options":[{"label":"Pour les professionnels, possibilit\u00e9 de financement sur 24 mois","price":"","price_type":"flat_fee","image":0}],"id":1720449562}},"brands":[],"_links":{"self":[{"href":"https:\/\/swissmassage.ch\/fr\/wp-json\/wp\/v2\/product\/3546","targetHints":{"allow":["GET"]}}],"collection":[{"href":"https:\/\/swissmassage.ch\/fr\/wp-json\/wp\/v2\/product"}],"about":[{"href":"https:\/\/swissmassage.ch\/fr\/wp-json\/wp\/v2\/types\/product"}],"wp:featuredmedia":[{"embeddable":true,"href":"https:\/\/swissmassage.ch\/fr\/wp-json\/wp\/v2\/media\/7543"}],"wp:attachment":[{"href":"https:\/\/swissmassage.ch\/fr\/wp-json\/wp\/v2\/media?parent=3546"}],"wp:term":[{"taxonomy":"pwb-brand","embeddable":true,"href":"https:\/\/swissmassage.ch\/fr\/wp-json\/wp\/v2\/pwb-brand?post=3546"},{"taxonomy":"product_brand","embeddable":true,"href":"https:\/\/swissmassage.ch\/fr\/wp-json\/wp\/v2\/product_brand?post=3546"},{"taxonomy":"product_cat","embeddable":true,"href":"https:\/\/swissmassage.ch\/fr\/wp-json\/wp\/v2\/product_cat?post=3546"},{"taxonomy":"product_tag","embeddable":true,"href":"https:\/\/swissmassage.ch\/fr\/wp-json\/wp\/v2\/product_tag?post=3546"},{"taxonomy":"product_folder","embeddable":true,"href":"https:\/\/swissmassage.ch\/fr\/wp-json\/wp\/v2\/product_folder?post=3546"}],"curies":[{"name":"wp","href":"https:\/\/api.w.org\/{rel}","templated":true}]}}