{"id":3569,"date":"2023-05-24T14:53:27","date_gmt":"2023-05-24T14:53:27","guid":{"rendered":"https:\/\/suissemassage.digichablais.ch\/?product=modele-luna-table-de-soins-swissmassage"},"modified":"2025-08-06T10:55:06","modified_gmt":"2025-08-06T08:55:06","slug":"table-de-soins-modele-luna-blanche","status":"publish","type":"product","link":"https:\/\/swissmassage.ch\/fr\/produits\/table-de-soins-modele-luna-blanche\/","title":{"rendered":"Table de soins mod\u00e8le Luna Blanche"},"content":{"rendered":"<h2>Table de soins mod\u00e8le Luna Blanche.<\/h2>\n<p><span style=\"font-size: 10pt; font-family: tahoma,arial,helvetica,sans-serif;\">1\u00a0moteur tr\u00e8s rapide et silencieux avec t\u00e9l\u00e9commande \u00e9tanche.<\/span><br \/>\n<span style=\"font-family: tahoma,arial,helvetica,sans-serif; font-size: 10pt;\">Inclinaison du dossier avec v\u00e9rin \u00e0 gaz.<br \/>\nLargeur de la table de massage 70cm.<br \/>\nMousse haute densit\u00e9 de 6.5cm tr\u00e8s confortable et efficace.<br \/>\nLongueur de la table de massage 190cm.<br \/>\nHauteur de la table de massage de 53cm \u00e0 86cm.<br \/>\nPoids table de massage 71kg.<br \/>\n<\/span><span style=\"font-size: 10pt;\">Dimensions emballage: 206x72x58cm, poids: 71kg<br \/>\n<\/span><span style=\"font-size: 10pt;\"><span style=\"font-size: 10pt;\">Livraison dans toute la Suisse ou \u00e0 l&#8217;emporter.<br \/>\n<\/span><\/span><\/p>\n<h3>Philosophie de la table de soins mod\u00e8le Luna blanche:<\/h3>\n<p>La Table de Soins mod\u00e8le Luna Blanche est \u00e9quip\u00e9e d&rsquo;un moteur rapide et silencieux, accompagn\u00e9 d&rsquo;une t\u00e9l\u00e9commande \u00e9tanche pour une utilisation sans souci. Son dossier peut \u00eatre inclin\u00e9 gr\u00e2ce \u00e0 un v\u00e9rin \u00e0 gaz, offrant une polyvalence d&rsquo;utilisation pour divers traitements.<br \/>\nAvec une largeur confortable, cette table offre un espace optimal pour les patients. La mousse haute densit\u00e9 assure un soutien optimal pendant les s\u00e9ances de soins. Sa longueur convient \u00e0 diff\u00e9rentes morphologies avec aisance.<br \/>\nLa hauteur de la table est r\u00e9glable, permettant une adaptation \u00e0 diverses situations et favorisant une posture ergonomique pour le praticien. Avec un poids \u00e9quilibr\u00e9, elle offre \u00e0 la fois stabilit\u00e9 et facilit\u00e9 de d\u00e9placement.<br \/>\nEn option, la table d&rsquo;examen Luna peut \u00eatre \u00e9quip\u00e9e de divers accessoires pour r\u00e9pondre \u00e0 diff\u00e9rents besoins. Livr\u00e9e avec une garantie pour une tranquillit\u00e9 d&rsquo;esprit maximale.<\/p>\n","protected":false},"excerpt":{"rendered":"<p>Table de soins mod\u00e8le Luna Blanche. 1\u00a0moteur tr\u00e8s rapide et silencieux avec t\u00e9l\u00e9commande \u00e9tanche. Inclinaison du dossier avec v\u00e9rin \u00e0 gaz. Largeur de la table de massage 70cm. Mousse haute densit\u00e9 de 6.5cm tr\u00e8s confortable et efficace. Longueur de la table de massage 190cm. Hauteur de la table de massage de 53cm \u00e0 86cm. Poids&hellip;<\/p>\n","protected":false},"featured_media":7518,"template":"","meta":{"_seopress_robots_primary_cat":"none","_seopress_titles_title":"","_seopress_titles_desc":"La Table de Soins mod\u00e8le Luna Blanche est \u00e9quip\u00e9e d'un moteur rapide et silencieux, accompagn\u00e9 d'une t\u00e9l\u00e9commande \u00e9tanche pour une utilisation sans souci.","_seopress_robots_index":""},"pwb-brand":[],"product_brand":[],"product_cat":[213,1075],"product_tag":[1131,1064,1138],"product_folder":[994],"class_list":{"0":"post-3569","1":"product","2":"type-product","3":"status-publish","4":"has-post-thumbnail","6":"product_cat-table-de-massage-electrique","7":"product_cat-tous-les-articles-de-massage","8":"product_tag-massage","9":"product_tag-table-de-massage","10":"product_tag-table-esthetique","12":"first","13":"instock","14":"taxable","15":"shipping-taxable","16":"purchasable","17":"product-type-simple"},"exclude_global_add_ons":false,"addons":[{"name":"Option commande \u00e0 pieds","type":"multiple_choice","position":0,"required":false,"title_format":"label","description_enable":false,"description":"","placeholder_enable":false,"placeholder":"","display":"images","restrictions_type":"any_text","adjust_price":false,"price":"","price_type":"flat_fee","restrictions":false,"min":0,"max":0,"options":[{"label":"Avec commande \u00e0 pieds","price":"200","price_type":"flat_fee","image":8720}],"id":1720449773},{"name":"Option d\u00e9rouleur de papier de protection","type":"multiple_choice","position":1,"required":false,"title_format":"label","description_enable":false,"description":"","placeholder_enable":false,"placeholder":"","display":"images","restrictions_type":"any_text","adjust_price":false,"price":"","price_type":"flat_fee","restrictions":false,"min":0,"max":0,"options":[{"label":"Avec d\u00e9rouleur de papier de protection","price":"80","price_type":"flat_fee","image":8722}],"id":1720449774}],"brands":[],"_links":{"self":[{"href":"https:\/\/swissmassage.ch\/fr\/wp-json\/wp\/v2\/product\/3569","targetHints":{"allow":["GET"]}}],"collection":[{"href":"https:\/\/swissmassage.ch\/fr\/wp-json\/wp\/v2\/product"}],"about":[{"href":"https:\/\/swissmassage.ch\/fr\/wp-json\/wp\/v2\/types\/product"}],"wp:featuredmedia":[{"embeddable":true,"href":"https:\/\/swissmassage.ch\/fr\/wp-json\/wp\/v2\/media\/7518"}],"wp:attachment":[{"href":"https:\/\/swissmassage.ch\/fr\/wp-json\/wp\/v2\/media?parent=3569"}],"wp:term":[{"taxonomy":"pwb-brand","embeddable":true,"href":"https:\/\/swissmassage.ch\/fr\/wp-json\/wp\/v2\/pwb-brand?post=3569"},{"taxonomy":"product_brand","embeddable":true,"href":"https:\/\/swissmassage.ch\/fr\/wp-json\/wp\/v2\/product_brand?post=3569"},{"taxonomy":"product_cat","embeddable":true,"href":"https:\/\/swissmassage.ch\/fr\/wp-json\/wp\/v2\/product_cat?post=3569"},{"taxonomy":"product_tag","embeddable":true,"href":"https:\/\/swissmassage.ch\/fr\/wp-json\/wp\/v2\/product_tag?post=3569"},{"taxonomy":"product_folder","embeddable":true,"href":"https:\/\/swissmassage.ch\/fr\/wp-json\/wp\/v2\/product_folder?post=3569"}],"curies":[{"name":"wp","href":"https:\/\/api.w.org\/{rel}","templated":true}]}}