{"id":3576,"date":"2023-05-24T14:53:30","date_gmt":"2023-05-24T14:53:30","guid":{"rendered":"https:\/\/suissemassage.digichablais.ch\/?product=modele-luna-table-de-soins-couleur-anthracite-swissmassage"},"modified":"2025-08-06T10:54:35","modified_gmt":"2025-08-06T08:54:35","slug":"table-de-soins-modele-luna-anthracite","status":"publish","type":"product","link":"https:\/\/swissmassage.ch\/fr\/produits\/table-de-soins-modele-luna-anthracite\/","title":{"rendered":"Table de soins mod\u00e8le Luna anthracite"},"content":{"rendered":"<h2>Table de soins \u00e9lectrique Luna design original couleur anthracite.<\/h2>\n<p><span style=\"font-size: 10pt; font-family: tahoma,arial,helvetica,sans-serif;\">1\u00a0moteur tr\u00e8s rapide et silencieux avec t\u00e9l\u00e9commande \u00e9tanche.<\/span><br \/>\n<span style=\"font-family: tahoma,arial,helvetica,sans-serif; font-size: 10pt;\">Inclinaison du dossier avec v\u00e9rin \u00e0 gaz.<br \/>\nLargeur de la table de massage 70cm.<br \/>\nMousse haute densit\u00e9 de 6.5cm tr\u00e8s confortable et efficace.<br \/>\nLongueur de la table de massage 190cm.<br \/>\nHauteur de la table de massage de 53cm \u00e0 86cm.<br \/>\nPoids table de massage 71kg.<\/span><\/p>\n<h3>Philosophie de la table de soins mod\u00e8le Luna anthracite:<\/h3>\n<p>La Table de Soins \u00e9lectrique mod\u00e8le Luna, au design original couleur anthracite, est \u00e9quip\u00e9e d&rsquo;un moteur tr\u00e8s rapide et silencieux, contr\u00f4l\u00e9 par une t\u00e9l\u00e9commande \u00e9tanche pour une utilisation pratique. Son dossier peut \u00eatre inclin\u00e9 gr\u00e2ce \u00e0 un v\u00e9rin \u00e0 gaz, offrant ainsi une vari\u00e9t\u00e9 de positions pour un confort optimal pendant les soins.<br \/>\nAvec une largeur g\u00e9n\u00e9reuse, cette table offre un espace suffisant pour les traitements. La mousse haute densit\u00e9 garantit un soutien confortable et efficace pour les patients. Sa longueur permet d&rsquo;accueillir diff\u00e9rentes morphologies avec aisance.<br \/>\nLa hauteur de la table est r\u00e9glable pour s&rsquo;adapter \u00e0 diff\u00e9rentes hauteurs de travail et favoriser une posture ergonomique pour le praticien. Avec son poids, elle offre \u00e0 la fois stabilit\u00e9 et facilit\u00e9 de d\u00e9placement.<br \/>\nAvec son design original et ses caract\u00e9ristiques fonctionnelles, la Table de Soins \u00c9lectrique Luna est un choix id\u00e9al pour les professionnels cherchant \u00e0 allier style et praticit\u00e9 dans leur espace de travail.<\/p>\n","protected":false},"excerpt":{"rendered":"<p>Table de soins \u00e9lectrique Luna design original couleur anthracite. 1\u00a0moteur tr\u00e8s rapide et silencieux avec t\u00e9l\u00e9commande \u00e9tanche. Inclinaison du dossier avec v\u00e9rin \u00e0 gaz. Largeur de la table de massage 70cm. Mousse haute densit\u00e9 de 6.5cm tr\u00e8s confortable et efficace. Longueur de la table de massage 190cm. Hauteur de la table de massage de 53cm&hellip;<\/p>\n","protected":false},"featured_media":7522,"template":"","meta":{"_seopress_robots_primary_cat":"none","_seopress_titles_title":"","_seopress_titles_desc":"La Table de Soins \u00e9lectrique mod\u00e8le Luna est \u00e9quip\u00e9e d'un moteur tr\u00e8s rapide et silencieux, contr\u00f4l\u00e9 par une t\u00e9l\u00e9commande \u00e9tanche pour une utilisation pratique.","_seopress_robots_index":""},"pwb-brand":[],"product_brand":[],"product_cat":[213,1075],"product_tag":[1134,1131,1064,1130,1138],"product_folder":[994],"class_list":{"0":"post-3576","1":"product","2":"type-product","3":"status-publish","4":"has-post-thumbnail","6":"product_cat-table-de-massage-electrique","7":"product_cat-tous-les-articles-de-massage","8":"product_tag-esthetique","9":"product_tag-massage","10":"product_tag-table-de-massage","11":"product_tag-table-de-massage-electrique","12":"product_tag-table-esthetique","14":"first","15":"instock","16":"taxable","17":"shipping-taxable","18":"purchasable","19":"product-type-simple"},"exclude_global_add_ons":false,"addons":[{"name":"Option d\u00e9rouleur papier examen","type":"multiple_choice","position":0,"required":false,"title_format":"label","description_enable":false,"description":"","placeholder_enable":false,"placeholder":"","display":"images","restrictions_type":"any_text","adjust_price":false,"price":"","price_type":"flat_fee","restrictions":false,"min":0,"max":0,"options":[{"label":"Avec d\u00e9rouleur de papier d' examens m\u00e9dicaux","price":"80","price_type":"flat_fee","image":8721}],"id":1720449743},{"name":"Option commande \u00e0 pieds","type":"multiple_choice","position":1,"required":false,"title_format":"label","description_enable":false,"description":"","placeholder_enable":false,"placeholder":"","display":"images","restrictions_type":"any_text","adjust_price":false,"price":"","price_type":"flat_fee","restrictions":false,"min":0,"max":0,"options":[{"label":"Avec commande \u00e0 pieds","price":"200","price_type":"flat_fee","image":8720}],"id":1720449744}],"brands":[],"_links":{"self":[{"href":"https:\/\/swissmassage.ch\/fr\/wp-json\/wp\/v2\/product\/3576","targetHints":{"allow":["GET"]}}],"collection":[{"href":"https:\/\/swissmassage.ch\/fr\/wp-json\/wp\/v2\/product"}],"about":[{"href":"https:\/\/swissmassage.ch\/fr\/wp-json\/wp\/v2\/types\/product"}],"wp:featuredmedia":[{"embeddable":true,"href":"https:\/\/swissmassage.ch\/fr\/wp-json\/wp\/v2\/media\/7522"}],"wp:attachment":[{"href":"https:\/\/swissmassage.ch\/fr\/wp-json\/wp\/v2\/media?parent=3576"}],"wp:term":[{"taxonomy":"pwb-brand","embeddable":true,"href":"https:\/\/swissmassage.ch\/fr\/wp-json\/wp\/v2\/pwb-brand?post=3576"},{"taxonomy":"product_brand","embeddable":true,"href":"https:\/\/swissmassage.ch\/fr\/wp-json\/wp\/v2\/product_brand?post=3576"},{"taxonomy":"product_cat","embeddable":true,"href":"https:\/\/swissmassage.ch\/fr\/wp-json\/wp\/v2\/product_cat?post=3576"},{"taxonomy":"product_tag","embeddable":true,"href":"https:\/\/swissmassage.ch\/fr\/wp-json\/wp\/v2\/product_tag?post=3576"},{"taxonomy":"product_folder","embeddable":true,"href":"https:\/\/swissmassage.ch\/fr\/wp-json\/wp\/v2\/product_folder?post=3576"}],"curies":[{"name":"wp","href":"https:\/\/api.w.org\/{rel}","templated":true}]}}