{"id":3617,"date":"2023-05-24T14:53:51","date_gmt":"2023-05-24T14:53:51","guid":{"rendered":"https:\/\/suissemassage.digichablais.ch\/?product=housse-de-protection-pour-tabouret-rond"},"modified":"2026-04-15T08:11:54","modified_gmt":"2026-04-15T06:11:54","slug":"housse-de-protection-pour-tabouret-rond","status":"publish","type":"product","link":"https:\/\/swissmassage.ch\/fr\/produits\/housse-de-protection-pour-tabouret-rond\/","title":{"rendered":"Housse de protection pour tabouret rond"},"content":{"rendered":"<h2>Housse de protection \u00e9lastique de si\u00e8ge pour tabouret rond.<\/h2>\n<p>Housse en tissu stretch pour tabourets de diam\u00e8tre de 25 cm \u00e0 38 cm<br \/>\nLes meilleures id\u00e9es pour votre meilleur confort.<\/p>\n","protected":false},"excerpt":{"rendered":"<p>Housse de protection \u00e9lastique de si\u00e8ge pour tabouret rond. Housse en tissu stretch pour tabourets de diam\u00e8tre de 25 cm \u00e0 38 cm Les meilleures id\u00e9es pour votre meilleur confort.<\/p>\n","protected":false},"featured_media":8768,"template":"","meta":{"_seopress_robots_primary_cat":"none","_seopress_titles_title":"","_seopress_titles_desc":"Housse de protection \u00e9lastique de si\u00e8ge pour tabouret rond. Housse en tissu stretch pour tabourets de diam\u00e8tre de 25 cm \u00e0 38 cm.","_seopress_robots_index":""},"pwb-brand":[],"product_brand":[],"product_cat":[1050,1052,235,1051,1049,1079,1077,1076,1078,1075],"product_tag":[1087],"product_folder":[992],"class_list":{"0":"post-3617","1":"product","2":"type-product","3":"status-publish","4":"has-post-thumbnail","6":"product_cat-chaises-pour-estheticiennes","7":"product_cat-tabourets-et-confort","8":"product_cat-esthetique-tabourets","9":"product_cat-tabourets-pour-spa","10":"product_cat-tabourets-pour-therapeutes","11":"product_cat-tous-les-accessoires-de-massage","12":"product_cat-tous-les-articles-esthetiques","13":"product_cat-tous-les-articles-physio-medical","14":"product_cat-tous-les-articles-spa-beaute","15":"product_cat-tous-les-articles-de-massage","16":"product_tag-housse-tabouret","17":"product_shipping_class-frais-de-port-inclus-colis","19":"first","20":"instock","21":"taxable","22":"shipping-taxable","23":"purchasable","24":"product-type-variable","25":"has-default-attributes"},"exclude_global_add_ons":[],"addons":[],"brands":[],"_links":{"self":[{"href":"https:\/\/swissmassage.ch\/fr\/wp-json\/wp\/v2\/product\/3617","targetHints":{"allow":["GET"]}}],"collection":[{"href":"https:\/\/swissmassage.ch\/fr\/wp-json\/wp\/v2\/product"}],"about":[{"href":"https:\/\/swissmassage.ch\/fr\/wp-json\/wp\/v2\/types\/product"}],"wp:featuredmedia":[{"embeddable":true,"href":"https:\/\/swissmassage.ch\/fr\/wp-json\/wp\/v2\/media\/8768"}],"wp:attachment":[{"href":"https:\/\/swissmassage.ch\/fr\/wp-json\/wp\/v2\/media?parent=3617"}],"wp:term":[{"taxonomy":"pwb-brand","embeddable":true,"href":"https:\/\/swissmassage.ch\/fr\/wp-json\/wp\/v2\/pwb-brand?post=3617"},{"taxonomy":"product_brand","embeddable":true,"href":"https:\/\/swissmassage.ch\/fr\/wp-json\/wp\/v2\/product_brand?post=3617"},{"taxonomy":"product_cat","embeddable":true,"href":"https:\/\/swissmassage.ch\/fr\/wp-json\/wp\/v2\/product_cat?post=3617"},{"taxonomy":"product_tag","embeddable":true,"href":"https:\/\/swissmassage.ch\/fr\/wp-json\/wp\/v2\/product_tag?post=3617"},{"taxonomy":"product_folder","embeddable":true,"href":"https:\/\/swissmassage.ch\/fr\/wp-json\/wp\/v2\/product_folder?post=3617"}],"curies":[{"name":"wp","href":"https:\/\/api.w.org\/{rel}","templated":true}]}}